{"id":1817,"date":"2023-04-12T16:12:39","date_gmt":"2023-04-12T14:12:39","guid":{"rendered":"https:\/\/cofinox.es\/avis-legal\/"},"modified":"2025-07-09T13:06:08","modified_gmt":"2025-07-09T11:06:08","slug":"avis-legal","status":"publish","type":"page","link":"https:\/\/cofinox.es\/ca\/avis-legal\/","title":{"rendered":"Av\u00eds legal"},"content":{"rendered":"\n<p>En compliment amb el deure de la informaci\u00f3 recollit a l&#8217;article 10 de la Llei 34\/2002, d&#8217;11 de juliol, de serveis de la societat de la informaci\u00f3 i del comer\u00e7 electr\u00f2nic, us informem que el contingut d&#8217;aquesta p\u00e0gina web <a href=\"http:\/\/www.cofinox.com\" target=\"_blank\" rel=\"noopener\">www.cofinox .com<\/a> pertany a:<\/p>\n\n<p><strong>Nom:<\/strong> Cofinox, SL<br\/><strong>Adre\u00e7a:<\/strong> Carretera de Molins a Sabadell, km 13, Nau 2-3 i 5, Pol\u00edgon Industrial Can Ros\u00e8s. 08191 &#8211; Rub\u00ed (Barcelona)<br\/><strong>CIF:<\/strong> B-59587915<br\/><strong>Email:<\/strong> cofinox@cofinox.com<\/p>\n\n<p>Aquest Av\u00eds Legal regula l&#8217;acc\u00e9s, la navegaci\u00f3 i l&#8217;\u00fas de la p\u00e0gina web que Cofinox, SL posa a la disposici\u00f3 dels usuaris d&#8217;Internet. Per tant, l&#8217;acc\u00e9s a aquesta implica la condici\u00f3 d&#8217;usuari i, amb aix\u00f2, l&#8217;acceptaci\u00f3 de les condicions d&#8217;\u00fas del web. Si no esteu d&#8217;acord amb les condicions heu d&#8217;abstenir de l&#8217;\u00fas del lloc web.<\/p>\n\n<p>L&#8217;usuari queda informat, i accepta, que l&#8217;acc\u00e9s a la present web no suposa, de cap manera, l&#8217;inici d&#8217;una relaci\u00f3 comercial amb Cofinox, SL.<\/p>\n\n<p>L&#8217;acc\u00e9s i la navegaci\u00f3 de l&#8217;usuari al Lloc Web implica el coneixement i l&#8217;acceptaci\u00f3 sense reserves de les Condicions d&#8217;\u00das del lloc web.<\/p>\n\n<p><strong>2.- Propietat Intel\u00b7lectual.<\/strong><\/p>\n\n<p>Queden reservats a favor del titular de la Web <a href=\"http:\/\/www.cofinox.com\" target=\"_blank\" rel=\"noopener\">www.cofinox.com<\/a> tots els drets sobre els continguts \u2013textuals i gr\u00e0fics- tant de la p\u00e0gina web com de les xarxes socials que hi apareixen.<\/p>\n\n<p>Queda prohibit qualsevol \u00fas dels continguts de lloc web concretament, sobre les imatges, el disseny, les obres, les marques, els logotips, el codi font i qualsevol altre susceptible de protecci\u00f3, sense l&#8217;autoritzaci\u00f3 expressa del titular, llevat de la possibilitat de compartir continguts quan Cofinox, SL , aix\u00ed ho autoritzi.<\/p>\n\n<p>El titular del lloc web no concedeix cap tipus de llic\u00e8ncia o autoritzaci\u00f3 d&#8217;\u00fas a l&#8217;Usuari sobre els seus drets de propietat intel\u00b7lectual i industrial o sobre qualsevol altre dret relacionat amb la p\u00e0gina web i els serveis que s&#8217;hi ofereixen.<\/p>\n\n<p>Per aix\u00f2, l&#8217;usuari reconeix que la reproducci\u00f3, distribuci\u00f3, comercialitzaci\u00f3, transformaci\u00f3 i, en general, qualsevol altra forma d&#8217;explotaci\u00f3, per qualsevol procediment, de tot o part dels continguts d&#8217;aquest lloc web constitueix una infracci\u00f3 dels drets de propietat intel\u00b7lectual , podent donar lloc a l&#8217;exercici per part del titular del Web, de totes les accions judicials o extrajudicials que poguessin correspondre en exercici dels seus drets.<\/p>\n\n<p><strong>3.- Protecci\u00f3 de dades.<\/strong><\/p>\n\n<p>Cofinox, SL, en qualitat de responsable-titular del lloc web i en compliment de la Llei 3\/2018 de 5 de desembre de protecci\u00f3 de dades de car\u00e0cter personal i de conformitat amb el RGPD, us informem que les dades personals que ens faciliteu volunt\u00e0riament seran inclosos en un fitxer, creat sota la nostra responsabilitat, amb la finalitat de poder gestionar les vostres peticions i\/o consultes, aix\u00ed mateix enviar-vos informaci\u00f3 sobre activitats o serveis relacionats amb l&#8217;objecte social de la companyia. Podeu exercir els drets d&#8217;acc\u00e9s, rectificaci\u00f3, cancel\u00b7laci\u00f3 i oposici\u00f3 dirigint a aquest efecte un escrit (acompanyant c\u00f2pia d&#8217;un document oficial que us identifiqui) al nostre domicili social a Carretera de Molins a Sabadell, km 13, Nau 5, Pol\u00edgon Industrial Can Ros\u00e8s, 08191, Rub\u00ed (Barcelona).<\/p>\n\n<p>El responsable del tractament, es compromet a observar l&#8217;obligaci\u00f3 de secret de les dades de car\u00e0cter personal que ens faciliti, a tractar-les de forma confidencial ia guardar-les adoptant les mesures necess\u00e0ries per evitar la seva alteraci\u00f3, p\u00e8rdua, tractament o acc\u00e9s no autoritzats, tenint en compte tot moment de l\u00b4estat de la tecnologia.<\/p>\n\n<p>Els usuaris que lliurin les vostres dades personals per a qualsevol de les funcionalitats de la p\u00e0gina web, hauran d&#8217;acceptar la Pol\u00edtica de Privadesa.<\/p>\n\n<p><strong>4.- Xarxes socials.<\/strong><\/p>\n\n<p>Posem en el seu coneixement que estem presents a Xarxes Socials. El tractament de les dades que es realitzi de les persones que es facin seguidores (i\/o realitzin qualsevol vincle o acci\u00f3 de connexi\u00f3 a trav\u00e9s de les Xarxes Socials) de les p\u00e0gines oficials de Cofinox, SL a les xarxes socials, es regir\u00e0 per aquest apartat, aix\u00ed com per aquelles Condicions d\u00fas, pol\u00edtiques de privadesa i altres normatives dacc\u00e9s, \u00fas i similars que pertanyin a la xarxa social que correspongui, de les quals lusuari de les Xarxes Socials, ja haur\u00e0 acceptat. Cofinox, SL, tractar\u00e0 les vostres dades amb les finalitats d&#8217;administrar correctament la vostra pres\u00e8ncia a la xarxa social que correspongui, informar-ho d&#8217;activitats productes o serveis de Cofinox, SL, o de tercers que puguin estar relacionats amb la nostra activitat aix\u00ed com per a qualsevol altra finalitat que les normatives de les Xarxes Socials puguin permetre.<\/p>\n\n<p><strong>5.- Publicitat.<\/strong><\/p>\n\n<p>El lloc web podr\u00e0 allotjar continguts publicitaris o patrocinats. Els anunciants o patrocinadors s\u00f3n els \u00fanics responsables d&#8217;assegurar-se que el material rem\u00e9s per a la seva inclusi\u00f3 al lloc web compleix les lleis que en cada cas puguin ser aplicables. Cofinox, SL no ser\u00e0 responsable, en cap cas, dels continguts publicitaris o dels patrocinadors inclosos al lloc web.<\/p>\n\n<p><strong>6.- Enlla\u00e7os.<\/strong><\/p>\n\n<p>Cofinox, SL no es fa responsable dels continguts als quals es dirigeixen els enlla\u00e7os ubicats al lloc web, si escau, segons el que estableix l&#8217;article 17 de la Llei 34\/2002, de data 11 de juliol (LSSI).<\/p>\n\n<p><strong>7.-Responsabilitat.<\/strong><\/p>\n\n<p>L&#8217;Usuari respondr\u00e0 dels danys i perjudicis de tota naturalesa que Cofinox, SL pugui patir com a conseq\u00fc\u00e8ncia de l&#8217;incompliment de qualsevol de les obligacions d&#8217;aquestes condicions d&#8217;\u00fas.<\/p>\n\n<p>L&#8217;Usuari es compromet a utilitzar el lloc web, de conformitat amb la Llei, aquestes condicions d&#8217;\u00fas, els bons costums i l&#8217;ordre p\u00fablic. De la mateixa manera, l&#8217;Usuari s&#8217;obliga a no utilitzar el lloc web, els seus continguts o serveis que es prestin a trav\u00e9s d&#8217;aquesta amb fins o efectes il\u00b7l\u00edcits, sent contraris a aquestes condicions, o lesius d&#8217;interessos o drets de tercers, o que qualsevol altra forma, pugui danyar, inutilitzar, fer inaccessibles o deteriorar la Web, els seus continguts o impedir-ne un \u00fas normal per part d&#8217;altres usuaris.<\/p>\n\n<p><strong>8.-Llei aplicable.<\/strong><\/p>\n\n<p>Les condicions d\u00fas es regeixen en tots i cadascun dels seus extrems per la legislaci\u00f3 espanyola. Per a la resoluci\u00f3 de qualsevol controv\u00e8rsia derivada de la interpretaci\u00f3 o aplicaci\u00f3 dels continguts o serveis contemplats al lloc web, les parts acorden sotmetre&#8217;s expressament als jutjats i tribunals de la ciutat de Barcelona, \u200b\u200bamb ren\u00fancia a qualsevol altre fur general o especial que els pogu\u00e9s correspondre.<\/p>\n","protected":false},"excerpt":{"rendered":"<p>En compliment amb el deure de la informaci\u00f3 recollit a l&#8217;article 10 de la Llei 34\/2002, d&#8217;11 de juliol, de serveis de la societat de [&hellip;]<\/p>\n","protected":false},"author":1,"featured_media":0,"parent":0,"menu_order":0,"comment_status":"closed","ping_status":"closed","template":"","meta":{"_uag_custom_page_level_css":"","_kad_blocks_custom_css":"","_kad_blocks_head_custom_js":"","_kad_blocks_body_custom_js":"","_kad_blocks_footer_custom_js":"","site-sidebar-layout":"default","site-content-layout":"","ast-site-content-layout":"default","site-content-style":"default","site-sidebar-style":"default","ast-global-header-display":"","ast-banner-title-visibility":"","ast-main-header-display":"","ast-hfb-above-header-display":"","ast-hfb-below-header-display":"","ast-hfb-mobile-header-display":"","site-post-title":"","ast-breadcrumbs-content":"","ast-featured-img":"","footer-sml-layout":"","ast-disable-related-posts":"","theme-transparent-header-meta":"","adv-header-id-meta":"","stick-header-meta":"","header-above-stick-meta":"","header-main-stick-meta":"","header-below-stick-meta":"","astra-migrate-meta-layouts":"set","ast-page-background-enabled":"default","ast-page-background-meta":{"desktop":{"background-color":"","background-image":"","background-repeat":"repeat","background-position":"center center","background-size":"auto","background-attachment":"scroll","background-type":"","background-media":"","overlay-type":"","overlay-color":"","overlay-opacity":"","overlay-gradient":""},"tablet":{"background-color":"","background-image":"","background-repeat":"repeat","background-position":"center center","background-size":"auto","background-attachment":"scroll","background-type":"","background-media":"","overlay-type":"","overlay-color":"","overlay-opacity":"","overlay-gradient":""},"mobile":{"background-color":"","background-image":"","background-repeat":"repeat","background-position":"center center","background-size":"auto","background-attachment":"scroll","background-type":"","background-media":"","overlay-type":"","overlay-color":"","overlay-opacity":"","overlay-gradient":""}},"ast-content-background-meta":{"desktop":{"background-color":"var(--ast-global-color-5)","background-image":"","background-repeat":"repeat","background-position":"center center","background-size":"auto","background-attachment":"scroll","background-type":"","background-media":"","overlay-type":"","overlay-color":"","overlay-opacity":"","overlay-gradient":""},"tablet":{"background-color":"var(--ast-global-color-5)","background-image":"","background-repeat":"repeat","background-position":"center center","background-size":"auto","background-attachment":"scroll","background-type":"","background-media":"","overlay-type":"","overlay-color":"","overlay-opacity":"","overlay-gradient":""},"mobile":{"background-color":"var(--ast-global-color-5)","background-image":"","background-repeat":"repeat","background-position":"center center","background-size":"auto","background-attachment":"scroll","background-type":"","background-media":"","overlay-type":"","overlay-color":"","overlay-opacity":"","overlay-gradient":""}},"footnotes":""},"class_list":["post-1817","page","type-page","status-publish","hentry"],"taxonomy_info":[],"featured_image_src_large":false,"author_info":{"display_name":"soporte.empiezapori@gmail.com","author_link":"https:\/\/cofinox.es\/ca\/author\/soporte-empiezaporigmail-com\/"},"comment_info":0,"uagb_featured_image_src":{"full":false,"thumbnail":false,"medium":false,"medium_large":false,"large":false,"1536x1536":false,"2048x2048":false},"uagb_author_info":{"display_name":"soporte.empiezapori@gmail.com","author_link":"https:\/\/cofinox.es\/ca\/author\/soporte-empiezaporigmail-com\/"},"uagb_comment_info":0,"uagb_excerpt":"En compliment amb el deure de la informaci\u00f3 recollit a l&#8217;article 10 de la Llei 34\/2002, d&#8217;11 de juliol, de serveis de la societat de [&hellip;]","_links":{"self":[{"href":"https:\/\/cofinox.es\/ca\/wp-json\/wp\/v2\/pages\/1817","targetHints":{"allow":["GET"]}}],"collection":[{"href":"https:\/\/cofinox.es\/ca\/wp-json\/wp\/v2\/pages"}],"about":[{"href":"https:\/\/cofinox.es\/ca\/wp-json\/wp\/v2\/types\/page"}],"author":[{"embeddable":true,"href":"https:\/\/cofinox.es\/ca\/wp-json\/wp\/v2\/users\/1"}],"replies":[{"embeddable":true,"href":"https:\/\/cofinox.es\/ca\/wp-json\/wp\/v2\/comments?post=1817"}],"version-history":[{"count":4,"href":"https:\/\/cofinox.es\/ca\/wp-json\/wp\/v2\/pages\/1817\/revisions"}],"predecessor-version":[{"id":3632,"href":"https:\/\/cofinox.es\/ca\/wp-json\/wp\/v2\/pages\/1817\/revisions\/3632"}],"wp:attachment":[{"href":"https:\/\/cofinox.es\/ca\/wp-json\/wp\/v2\/media?parent=1817"}],"curies":[{"name":"wp","href":"https:\/\/api.w.org\/{rel}","templated":true}]}}