{"id":1824,"date":"2020-09-15T10:28:33","date_gmt":"2020-09-15T08:28:33","guid":{"rendered":"https:\/\/cofinox.es\/contacte\/"},"modified":"2025-07-14T16:44:35","modified_gmt":"2025-07-14T14:44:35","slug":"contacte","status":"publish","type":"page","link":"https:\/\/cofinox.es\/ca\/contacte\/","title":{"rendered":"Contacte"},"content":{"rendered":"\n<div class=\"wp-block-uagb-container uagb-block-2f3a844e alignfull uagb-is-root-container\"><div class=\"uagb-container-inner-blocks-wrap\">\n<div class=\"wp-block-uagb-advanced-heading uagb-block-beb16637\"><h1 class=\"uagb-heading-text\">Contacte<\/h1><\/div>\n<\/div><\/div>\n\n<div class=\"wp-block-uagb-container uagb-block-20ce970b alignfull uagb-is-root-container\"><div class=\"uagb-container-inner-blocks-wrap\">\n<div class=\"wp-block-uagb-container uagb-block-2f758a91\">\n<div class=\"wp-block-uagb-advanced-heading uagb-block-8bfab3c2\"><h2 class=\"uagb-heading-text\">Contacta amb nosaltres<\/h2><p class=\"uagb-desc-text\">Si teniu alguna pregunta o necessiteu m\u00e9s informaci\u00f3 sobre els nostres serveis, no dubteu a posar-vos en contacte amb nosaltres.<br\/>Podeu utilitzar el nostre formulari de contacte per fer-nos arribar les vostres consultes i suggeriments, o si ho preferiu, podeu trucar-nos directament al nostre n\u00famero de tel\u00e8fon o enviar-nos un correu electr\u00f2nic. El nostre equip d&#8217;atenci\u00f3 al client estar\u00e0 encantat d&#8217;ajudar-vos en all\u00f2 que necessiteu.<\/p><\/div>\n\n\n\n<div class=\"wp-block-uagb-icon-list uagb-block-e6f81ee2\"><div class=\"uagb-icon-list__wrap\">\n<div class=\"wp-block-uagb-icon-list-child uagb-block-9398e5a5\"><a target=\"_blank\" aria-label=\"Ctra. de Sabadell, km 13 - Nau 5Pol. Ind. Can Roses08191 Rub&#xED; (Barcelona) SPAIN\" rel=\"noopener noreferrer\" href=\"https:\/\/maps.app.goo.gl\/WsWZy3B431P431NF9\"> <\/a><span class=\"uagb-icon-list__source-wrap\"><svg xmlns=\"https:\/\/www.w3.org\/2000\/svg\" viewbox=\"0 0 320 512\"><path d=\"M320 144C320 223.5 255.5 288 176 288C96.47 288 32 223.5 32 144C32 64.47 96.47 0 176 0C255.5 0 320 64.47 320 144zM192 64C192 55.16 184.8 48 176 48C122.1 48 80 90.98 80 144C80 152.8 87.16 160 96 160C104.8 160 112 152.8 112 144C112 108.7 140.7 80 176 80C184.8 80 192 72.84 192 64zM144 480V317.1C154.4 319 165.1 319.1 176 319.1C186.9 319.1 197.6 319 208 317.1V480C208 497.7 193.7 512 176 512C158.3 512 144 497.7 144 480z\"><\/path><\/svg><\/span><span class=\"uagb-icon-list__label\">Ctra. de Sabadell, km 13 &#8211; Nau 5<br\/>Pol. Ind. Can Roses<br\/>08191 Rub\u00ed (Barcelona) SPAIN<\/span><\/div>\n\n\n\n<div class=\"wp-block-uagb-icon-list-child uagb-block-64393b60\"><a target=\"_blank\" aria-label=\"cofinox@cofinox.com\" rel=\"noopener noreferrer\" href=\"mailto:cofinox@cofinox.com\"> <\/a><span class=\"uagb-icon-list__source-wrap\"><svg xmlns=\"https:\/\/www.w3.org\/2000\/svg\" viewbox=\"0 0 512 512\"><path d=\"M464 64C490.5 64 512 85.49 512 112C512 127.1 504.9 141.3 492.8 150.4L275.2 313.6C263.8 322.1 248.2 322.1 236.8 313.6L19.2 150.4C7.113 141.3 0 127.1 0 112C0 85.49 21.49 64 48 64H464zM217.6 339.2C240.4 356.3 271.6 356.3 294.4 339.2L512 176V384C512 419.3 483.3 448 448 448H64C28.65 448 0 419.3 0 384V176L217.6 339.2z\"><\/path><\/svg><\/span><span class=\"uagb-icon-list__label\">cofinox@cofinox.com<\/span><\/div>\n\n\n\n<div class=\"wp-block-uagb-icon-list-child uagb-block-28286c94\"><a target=\"_blank\" aria-label=\"+34 93 588 27 52\" rel=\"noopener noreferrer\" href=\"tel:+34935882752\"> <\/a><span class=\"uagb-icon-list__source-wrap\"><svg xmlns=\"https:\/\/www.w3.org\/2000\/svg\" viewbox=\"0 0 512 512\"><path d=\"M18.92 351.2l108.5-46.52c12.78-5.531 27.77-1.801 36.45 8.98l44.09 53.82c69.25-34 125.5-90.31 159.5-159.5l-53.81-44.04c-10.75-8.781-14.41-23.69-8.974-36.47l46.51-108.5c6.094-13.91 21.1-21.52 35.79-18.11l100.8 23.25c14.25 3.25 24.22 15.8 24.22 30.46c0 252.3-205.2 457.5-457.5 457.5c-14.67 0-27.18-9.968-30.45-24.22l-23.25-100.8C-2.571 372.4 5.018 357.2 18.92 351.2z\"><\/path><\/svg><\/span><span class=\"uagb-icon-list__label\">+34 93 588 27 52<\/span><\/div>\n<\/div><\/div>\n<\/div>\n\n\n\n<div class=\"wp-block-uagb-container uagb-block-e71c459c\">\n<div class=\"wp-block-uagb-container uagb-block-a2dc2ab6\"><style>.wp-block-kadence-advanced-form2791-cpt-id{--kb-form-background-color:var(--ast-global-color-8);}<\/style><div class=\"wp-block-kadence-advanced-form wp-block-kadence-advanced-form2791-cpt-id kb-adv-form-label-style-normal kb-adv-form-input-size-standard kb-form-basic-style wp-block-kadence-advanced-form\"><form id=\"kb-adv-form-2791-cpt-id\" class=\"kb-advanced-form\" method=\"post\">\n<div class=\"kb-adv-form-field kb-adv-form-text-type-input kb-adv-form-infield-type-input kb-field2776098ac5-3f wp-block-kadence-advanced-form-text\"><label class=\"kb-adv-form-label\" for=\"field2776098ac5-3f\">Nom<span class=\"kb-adv-form-required\">*<\/span><\/label><input name=\"field098ac5-3f\" id=\"field2776098ac5-3f\" data-label=\"Nom\" type=\"text\" placeholder=\"\" value=\"\" data-type=\"text\" class=\"kb-field kb-text-field\" data-required=\"yes\" required aria-required=\"true\"\/><\/div>\n\n<div class=\"kb-adv-form-field kb-adv-form-text-type-input kb-adv-form-infield-type-input kb-field2776ece65a-4a wp-block-kadence-advanced-form-text\"><label class=\"kb-adv-form-label\" for=\"field2776ece65a-4a\">Empresa<\/label><input name=\"fieldece65a-4a\" id=\"field2776ece65a-4a\" data-label=\"Empresa\" type=\"text\" placeholder=\"\" value=\"\" data-type=\"text\" class=\"kb-field kb-text-field\" data-required=\"no\" \/><\/div>\n\n<div class=\"kb-adv-form-field kb-adv-form-text-type-input kb-adv-form-infield-type-input kb-field27768f89de-33 wp-block-kadence-advanced-form-email\"><label class=\"kb-adv-form-label\" for=\"field27768f89de-33\">Correu electr\u00f2nic<span class=\"kb-adv-form-required\">*<\/span><\/label><input name=\"field8f89de-33\" id=\"field27768f89de-33\" data-label=\"Correu electr\u00f2nic\" type=\"email\" placeholder=\"\" value=\"\" data-type=\"email\" class=\"kb-field kb-email-field\" data-required=\"yes\" required aria-required=\"true\"\/><\/div>\n\n<div class=\"kb-adv-form-field kb-adv-form-text-type-input kb-adv-form-infield-type-input kb-field277637f06e-5e wp-block-kadence-advanced-form-telephone\"><label class=\"kb-adv-form-label\" for=\"field277637f06e-5e\">Tel\u00e8fon<\/label><input name=\"field37f06e-5e\" id=\"field277637f06e-5e\" data-label=\"Tel\u00e8fon\" type=\"tel\" placeholder=\"\" value=\"\" data-type=\"tel\" class=\"kb-field kb-tel-field\" data-required=\"no\" \/><\/div>\n\n<div class=\"kb-adv-form-field kb-adv-form-text-type-input kb-adv-form-infield-type-input kb-field277647df94-3f wp-block-kadence-advanced-form-text\"><label class=\"kb-adv-form-label\" for=\"field277647df94-3f\">Assumpte<\/label><input name=\"field47df94-3f\" id=\"field277647df94-3f\" data-label=\"Assumpte\" type=\"text\" placeholder=\"\" value=\"\" data-type=\"text\" class=\"kb-field kb-text-field\" data-required=\"no\" \/><\/div>\n\n<div class=\"kb-adv-form-field kb-adv-form-text-type-input kb-adv-form-infield-type-input kb-field2776e623c8-fb wp-block-kadence-advanced-form-textarea\"><label class=\"kb-adv-form-label\" for=\"field2776e623c8-fb\">Missatge<span class=\"kb-adv-form-required\">*<\/span><\/label><textarea name=\"fielde623c8-fb\" id=\"field2776e623c8-fb\" rows=\"10\"  data-label=\"Missatge\" placeholder=\"\" data-type=\"textarea\" class=\"kb-field kb-textarea-field\" data-required=\"yes\" required aria-required=\"true\"><\/textarea><\/div>\n\n<div class=\"kb-adv-form-field kb-field2776062311-c7 wp-block-kadence-advanced-form-accept\"><fieldset class=\"kb-radio-check-item-wrap\" id=\"cb2776062311-c7\" data-type=\"accept\" data-required=\"yes\" ><legend class=\"screen-reader-text\">Pol\u00edtica de Privadesa<\/legend><div class=\"kb-radio-check-item\"><input name=\"field062311-c7\" id=\"field2776062311-c7_0\" data-label=\"Pol\u00edtica de Privadesa\" type=\"checkbox\" value=\"accept\" data-type=\"accept\" class=\"kb-field kb-accept-field kb-checkbox-field\" data-required=\"yes\" required aria-required=\"true\" aria-label=\"Pol\u00edtica de Privadesa\"\/><label for=\"field2776062311-c7_0\">He llegit i accepto la <a href=\"https:\/\/cofinox.es\/ca\/politica-de-privadesa\/\" target=\"_blank\">Pol\u00edtica de Privadesa<\/a>.<span class=\"kb-adv-form-required\">*<\/span><\/label><\/div><\/fieldset><\/div>\n\n<style>.grecaptcha-badge{visibility:hidden;}<\/style><input type=\"hidden\" name=\"recaptcha_response\" class=\"kb_recaptcha_response kb_recaptcha_528d28-9c\" \/>\n\n<style>.kb-submit-field .kb-btn370b69-13.kb-button, ul.menu .kb-submit-field .kb-btn370b69-13.kb-button{width:110px;}.kb-submit-field.kb-field370b69-13{display:contents;}.kb-submit-field .kb-btn370b69-13.kb-button{background:var(--ast-global-color-0);}.kb-submit-field .kb-btn370b69-13.kb-button:hover, .kb-submit-field .kb-btn370b69-13.kb-button:focus{background:var(--ast-global-color-2);}.kb-submit-field.kb-field370b69-13{justify-content:flex-start;}<\/style><div class=\"kb-adv-form-field kb-submit-field kb-field370b69-13 wp-block-kadence-advanced-form-submit\"><button class=\"kb-button kt-button button kb-adv-form-submit-button kb-btn370b69-13 kt-btn-size-standard kt-btn-width-type-fixed kb-btn-global-inherit kt-btn-has-text-true kt-btn-has-svg-false wp-block-button__link\" type=\"submit\"><span class=\"kt-btn-inner-text\">Enviar<\/span><\/button><\/div>\n<input type=\"hidden\" name=\"_kb_adv_form_post_id\" value=\"2791\"><input type=\"hidden\" name=\"action\" value=\"kb_process_advanced_form_submit\"><input type=\"hidden\" name=\"_kb_adv_form_id\" value=\"2791-cpt-id\"><\/form><\/div><\/div>\n<\/div>\n<\/div><\/div>\n\n<div class=\"wp-block-uagb-container uagb-block-a8a77593 alignfull uagb-is-root-container\">\t\t\t<div \n\t\t\tclass=\"wp-block-uagb-google-map uagb-google-map__wrap uagb-block-deea6ddb     wp-block-uagb-google-map uagb-google-map__wrap uagb-block-deea6ddb\"\n\t\t\tstyle=\"\" >\n\t\t\t\t<embed\n\t\t\t\t\tclass=\"uagb-google-map__iframe\"\n\t\t\t\t\ttitle=\"Google Map for \"\n\t\t\t\t\tsrc=\"https:\/\/maps.google.com\/maps?q=Ctra.%20de%20Sabadell%2C%20km%2013%20%E2%80%93%20Nau%205%2008191%20Rub%C3%AD%20&#038;z=14&#038;hl=es&#038;t=m&#038;output=embed&#038;iwloc=near\"\n\t\t\t\t\twidth=\"640\"\n\t\t\t\t\theight=\"480\"\n\t\t\t\t\tloading=\"lazy\"\n\t\t\t\t><\/embed>\n\t\t\t<\/div>\n\t\t\t<\/div>\n","protected":false},"excerpt":{"rendered":"<p>Contacte Contacta amb nosaltres Si teniu alguna pregunta o necessiteu m\u00e9s informaci\u00f3 sobre els nostres serveis, no dubteu a posar-vos en contacte amb nosaltres.Podeu utilitzar [&hellip;]<\/p>\n","protected":false},"author":1,"featured_media":0,"parent":0,"menu_order":0,"comment_status":"closed","ping_status":"closed","template":"","meta":{"_uag_custom_page_level_css":"","_kad_blocks_custom_css":"","_kad_blocks_head_custom_js":"","_kad_blocks_body_custom_js":"","_kad_blocks_footer_custom_js":"","site-sidebar-layout":"no-sidebar","site-content-layout":"plain-container","ast-site-content-layout":"normal-width-container","site-content-style":"unboxed","site-sidebar-style":"unboxed","ast-global-header-display":"","ast-banner-title-visibility":"","ast-main-header-display":"","ast-hfb-above-header-display":"","ast-hfb-below-header-display":"","ast-hfb-mobile-header-display":"","site-post-title":"disabled","ast-breadcrumbs-content":"","ast-featured-img":"","footer-sml-layout":"","ast-disable-related-posts":"","theme-transparent-header-meta":"disabled","adv-header-id-meta":"","stick-header-meta":"","header-above-stick-meta":"","header-main-stick-meta":"","header-below-stick-meta":"","astra-migrate-meta-layouts":"default","ast-page-background-enabled":"default","ast-page-background-meta":{"desktop":{"background-color":"","background-image":"","background-repeat":"repeat","background-position":"center center","background-size":"auto","background-attachment":"scroll","background-type":"","background-media":"","overlay-type":"","overlay-color":"","overlay-opacity":"","overlay-gradient":""},"tablet":{"background-color":"","background-image":"","background-repeat":"repeat","background-position":"center center","background-size":"auto","background-attachment":"scroll","background-type":"","background-media":"","overlay-type":"","overlay-color":"","overlay-opacity":"","overlay-gradient":""},"mobile":{"background-color":"","background-image":"","background-repeat":"repeat","background-position":"center center","background-size":"auto","background-attachment":"scroll","background-type":"","background-media":"","overlay-type":"","overlay-color":"","overlay-opacity":"","overlay-gradient":""}},"ast-content-background-meta":{"desktop":{"background-color":"var(--ast-global-color-5)","background-image":"","background-repeat":"repeat","background-position":"center center","background-size":"auto","background-attachment":"scroll","background-type":"","background-media":"","overlay-type":"","overlay-color":"","overlay-opacity":"","overlay-gradient":""},"tablet":{"background-color":"var(--ast-global-color-5)","background-image":"","background-repeat":"repeat","background-position":"center center","background-size":"auto","background-attachment":"scroll","background-type":"","background-media":"","overlay-type":"","overlay-color":"","overlay-opacity":"","overlay-gradient":""},"mobile":{"background-color":"var(--ast-global-color-5)","background-image":"","background-repeat":"repeat","background-position":"center center","background-size":"auto","background-attachment":"scroll","background-type":"","background-media":"","overlay-type":"","overlay-color":"","overlay-opacity":"","overlay-gradient":""}},"footnotes":""},"class_list":["post-1824","page","type-page","status-publish","hentry"],"taxonomy_info":[],"featured_image_src_large":false,"author_info":{"display_name":"soporte.empiezapori@gmail.com","author_link":"https:\/\/cofinox.es\/ca\/author\/soporte-empiezaporigmail-com\/"},"comment_info":0,"uagb_featured_image_src":{"full":false,"thumbnail":false,"medium":false,"medium_large":false,"large":false,"1536x1536":false,"2048x2048":false},"uagb_author_info":{"display_name":"soporte.empiezapori@gmail.com","author_link":"https:\/\/cofinox.es\/ca\/author\/soporte-empiezaporigmail-com\/"},"uagb_comment_info":0,"uagb_excerpt":"Contacte Contacta amb nosaltres Si teniu alguna pregunta o necessiteu m\u00e9s informaci\u00f3 sobre els nostres serveis, no dubteu a posar-vos en contacte amb nosaltres.Podeu utilitzar [&hellip;]","_links":{"self":[{"href":"https:\/\/cofinox.es\/ca\/wp-json\/wp\/v2\/pages\/1824","targetHints":{"allow":["GET"]}}],"collection":[{"href":"https:\/\/cofinox.es\/ca\/wp-json\/wp\/v2\/pages"}],"about":[{"href":"https:\/\/cofinox.es\/ca\/wp-json\/wp\/v2\/types\/page"}],"author":[{"embeddable":true,"href":"https:\/\/cofinox.es\/ca\/wp-json\/wp\/v2\/users\/1"}],"replies":[{"embeddable":true,"href":"https:\/\/cofinox.es\/ca\/wp-json\/wp\/v2\/comments?post=1824"}],"version-history":[{"count":5,"href":"https:\/\/cofinox.es\/ca\/wp-json\/wp\/v2\/pages\/1824\/revisions"}],"predecessor-version":[{"id":3699,"href":"https:\/\/cofinox.es\/ca\/wp-json\/wp\/v2\/pages\/1824\/revisions\/3699"}],"wp:attachment":[{"href":"https:\/\/cofinox.es\/ca\/wp-json\/wp\/v2\/media?parent=1824"}],"curies":[{"name":"wp","href":"https:\/\/api.w.org\/{rel}","templated":true}]}}