{"id":1828,"date":"2023-05-10T10:21:18","date_gmt":"2023-05-10T08:21:18","guid":{"rendered":"https:\/\/cofinox.es\/declaracio-daccessibilitat\/"},"modified":"2025-06-18T17:38:43","modified_gmt":"2025-06-18T15:38:43","slug":"declaracio-daccessibilitat","status":"publish","type":"page","link":"https:\/\/cofinox.es\/ca\/declaracio-daccessibilitat\/","title":{"rendered":"Declaraci\u00f3 d&#8217;accessibilitat"},"content":{"rendered":"\n<p>Cofinox <strong>(COFINOX SL)<\/strong> <em>s&#8217;ha comprom\u00e8s a fer accessible el vostre lloc web, de conformitat amb normativa WCAG 2.1 en mat\u00e8ria d&#8217;accessibilitat i que s&#8217;utilitza com a evid\u00e8ncia de la justificaci\u00f3 del criteri d&#8217;accessibilitat del Programa Kit Digital. Est\u00e0 estructurat d&#8217;acord amb els annexos de la norma UNE-EN 301 549:2022.<br\/>Aquesta declaraci\u00f3 d&#8217;accessibilitat s&#8217;aplica al lloc web <\/em><a href=\"https:\/\/cofinox.es\/ca\/\">cofinox.es<\/a><\/p>\n","protected":false},"excerpt":{"rendered":"<p>Cofinox (COFINOX SL) s&#8217;ha comprom\u00e8s a fer accessible el vostre lloc web, de conformitat amb normativa WCAG 2.1 en mat\u00e8ria d&#8217;accessibilitat i que s&#8217;utilitza com [&hellip;]<\/p>\n","protected":false},"author":1,"featured_media":0,"parent":0,"menu_order":0,"comment_status":"closed","ping_status":"closed","template":"","meta":{"_uag_custom_page_level_css":"","_kad_blocks_custom_css":"","_kad_blocks_head_custom_js":"","_kad_blocks_body_custom_js":"","_kad_blocks_footer_custom_js":"","site-sidebar-layout":"default","site-content-layout":"","ast-site-content-layout":"default","site-content-style":"default","site-sidebar-style":"default","ast-global-header-display":"","ast-banner-title-visibility":"","ast-main-header-display":"","ast-hfb-above-header-display":"","ast-hfb-below-header-display":"","ast-hfb-mobile-header-display":"","site-post-title":"","ast-breadcrumbs-content":"","ast-featured-img":"","footer-sml-layout":"","ast-disable-related-posts":"","theme-transparent-header-meta":"","adv-header-id-meta":"","stick-header-meta":"","header-above-stick-meta":"","header-main-stick-meta":"","header-below-stick-meta":"","astra-migrate-meta-layouts":"default","ast-page-background-enabled":"default","ast-page-background-meta":{"desktop":{"background-color":"","background-image":"","background-repeat":"repeat","background-position":"center center","background-size":"auto","background-attachment":"scroll","background-type":"","background-media":"","overlay-type":"","overlay-color":"","overlay-opacity":"","overlay-gradient":""},"tablet":{"background-color":"","background-image":"","background-repeat":"repeat","background-position":"center center","background-size":"auto","background-attachment":"scroll","background-type":"","background-media":"","overlay-type":"","overlay-color":"","overlay-opacity":"","overlay-gradient":""},"mobile":{"background-color":"","background-image":"","background-repeat":"repeat","background-position":"center center","background-size":"auto","background-attachment":"scroll","background-type":"","background-media":"","overlay-type":"","overlay-color":"","overlay-opacity":"","overlay-gradient":""}},"ast-content-background-meta":{"desktop":{"background-color":"var(--ast-global-color-5)","background-image":"","background-repeat":"repeat","background-position":"center center","background-size":"auto","background-attachment":"scroll","background-type":"","background-media":"","overlay-type":"","overlay-color":"","overlay-opacity":"","overlay-gradient":""},"tablet":{"background-color":"var(--ast-global-color-5)","background-image":"","background-repeat":"repeat","background-position":"center center","background-size":"auto","background-attachment":"scroll","background-type":"","background-media":"","overlay-type":"","overlay-color":"","overlay-opacity":"","overlay-gradient":""},"mobile":{"background-color":"var(--ast-global-color-5)","background-image":"","background-repeat":"repeat","background-position":"center center","background-size":"auto","background-attachment":"scroll","background-type":"","background-media":"","overlay-type":"","overlay-color":"","overlay-opacity":"","overlay-gradient":""}},"footnotes":""},"class_list":["post-1828","page","type-page","status-publish","hentry"],"taxonomy_info":[],"featured_image_src_large":false,"author_info":{"display_name":"soporte.empiezapori@gmail.com","author_link":"https:\/\/cofinox.es\/ca\/author\/soporte-empiezaporigmail-com\/"},"comment_info":0,"uagb_featured_image_src":{"full":false,"thumbnail":false,"medium":false,"medium_large":false,"large":false,"1536x1536":false,"2048x2048":false},"uagb_author_info":{"display_name":"soporte.empiezapori@gmail.com","author_link":"https:\/\/cofinox.es\/ca\/author\/soporte-empiezaporigmail-com\/"},"uagb_comment_info":0,"uagb_excerpt":"Cofinox (COFINOX SL) s&#8217;ha comprom\u00e8s a fer accessible el vostre lloc web, de conformitat amb normativa WCAG 2.1 en mat\u00e8ria d&#8217;accessibilitat i que s&#8217;utilitza com [&hellip;]","_links":{"self":[{"href":"https:\/\/cofinox.es\/ca\/wp-json\/wp\/v2\/pages\/1828","targetHints":{"allow":["GET"]}}],"collection":[{"href":"https:\/\/cofinox.es\/ca\/wp-json\/wp\/v2\/pages"}],"about":[{"href":"https:\/\/cofinox.es\/ca\/wp-json\/wp\/v2\/types\/page"}],"author":[{"embeddable":true,"href":"https:\/\/cofinox.es\/ca\/wp-json\/wp\/v2\/users\/1"}],"replies":[{"embeddable":true,"href":"https:\/\/cofinox.es\/ca\/wp-json\/wp\/v2\/comments?post=1828"}],"version-history":[{"count":2,"href":"https:\/\/cofinox.es\/ca\/wp-json\/wp\/v2\/pages\/1828\/revisions"}],"predecessor-version":[{"id":2954,"href":"https:\/\/cofinox.es\/ca\/wp-json\/wp\/v2\/pages\/1828\/revisions\/2954"}],"wp:attachment":[{"href":"https:\/\/cofinox.es\/ca\/wp-json\/wp\/v2\/media?parent=1828"}],"curies":[{"name":"wp","href":"https:\/\/api.w.org\/{rel}","templated":true}]}}