{"id":1838,"date":"2023-04-13T09:54:48","date_gmt":"2023-04-13T07:54:48","guid":{"rendered":"https:\/\/cofinox.es\/els-nostres-valors\/"},"modified":"2025-06-20T09:02:47","modified_gmt":"2025-06-20T07:02:47","slug":"els-nostres-valors","status":"publish","type":"page","link":"https:\/\/cofinox.es\/ca\/els-nostres-valors\/","title":{"rendered":"Els nostres valors"},"content":{"rendered":"\n<div class=\"wp-block-uagb-container uagb-block-43a3151d alignfull uagb-is-root-container\"><div class=\"uagb-container-inner-blocks-wrap\">\n<div class=\"wp-block-uagb-advanced-heading uagb-block-8db18aad\"><h1 class=\"uagb-heading-text\">ELS NOSTRES VALORS<\/h1><\/div>\n<\/div><\/div>\n\n<div class=\"wp-block-uagb-advanced-heading uagb-block-4d905045\"><h2 class=\"uagb-heading-text\">A Cofinox ens esforcem per complir els objectius de desenvolupament sostenible establerts per l&#8217;ONU, i treballem di\u00e0riament per contribuir al benestar de les persones i del planeta a trav\u00e9s de les nostres accions i pr\u00e0ctiques sostenibles.<\/h2><\/div>\n\n<div class=\"wp-block-uagb-container uagb-block-181f168c alignfull uagb-is-root-container\">\n<div class=\"wp-block-uagb-container uagb-block-be82b633\">\n<div class=\"wp-block-uagb-info-box uagb-block-e27f27e2 uagb-infobox__content-wrap  uagb-infobox-icon-above-title uagb-infobox-image-valign-top\"><div class=\"uagb-ifb-content\"><div class=\"uagb-ifb-image-content\"><img decoding=\"async\" src=\"https:\/\/cofinox.es\/wp-content\/uploads\/2023\/04\/cofinox-salud-bienestar.jpg\" alt=\"\" width=\"100\" height=\"98\" loading=\"lazy\"\/><\/div><div class=\"uagb-ifb-title-wrap\"><h3 class=\"uagb-ifb-title\">Salut i benestar<\/h3><\/div><p class=\"uagb-ifb-desc\">Ens preocupem per la salut i el benestar dels nostres empleats. Per aix\u00f2, ens assegurem de complir amb totes les normatives de seguretat i salut a la feina.<\/p><\/div><\/div>\n<\/div>\n\n\n\n<div class=\"wp-block-uagb-container uagb-block-662a76ea\">\n<div class=\"wp-block-uagb-info-box uagb-block-de6c8714 uagb-infobox__content-wrap  uagb-infobox-icon-above-title uagb-infobox-image-valign-top\"><div class=\"uagb-ifb-content\"><div class=\"uagb-ifb-image-content\"><img decoding=\"async\" src=\"https:\/\/cofinox.es\/wp-content\/uploads\/2023\/04\/cofinox-igualdad-genero.jpg\" alt=\"\" width=\"100\" height=\"98\" loading=\"lazy\"\/><\/div><div class=\"uagb-ifb-title-wrap\"><h3 class=\"uagb-ifb-title\">Igualtat de g\u00e8nere<\/h3><\/div><p class=\"uagb-ifb-desc\">Fomentem la igualtat de g\u00e8nere i la diversitat, treballant per crear un ambient inclusiu i respectu\u00f3s. A m\u00e9s, promovem la igualtat d&#8217;oportunitats i l&#8217;acc\u00e9s a la formaci\u00f3 i desenvolupament professional per a totes les persones.<\/p><\/div><\/div>\n<\/div>\n\n\n\n<div class=\"wp-block-uagb-container uagb-block-647a6fdb\">\n<div class=\"wp-block-uagb-info-box uagb-block-2b07c0e4 uagb-infobox__content-wrap  uagb-infobox-icon-above-title uagb-infobox-image-valign-top\"><div class=\"uagb-ifb-content\"><div class=\"uagb-ifb-image-content\"><img decoding=\"async\" src=\"https:\/\/cofinox.es\/wp-content\/uploads\/2023\/04\/cofinox-agua-limpia-sostenible.jpg\" alt=\"\" width=\"100\" height=\"98\" loading=\"lazy\"\/><\/div><div class=\"uagb-ifb-title-wrap\"><h3 class=\"uagb-ifb-title\">Aigua neta i sanejament<\/h3><\/div><p class=\"uagb-ifb-desc\">La gesti\u00f3 de laigua \u00e9s fonamental per a la nostra empresa. Ens esforcem per reduir el consum d&#8217;aigua als nostres processos de producci\u00f3, i assegurem l&#8217;\u00fas responsable i sostenible a totes les nostres activitats.<\/p><\/div><\/div>\n<\/div>\n\n\n\n<div class=\"wp-block-uagb-container uagb-block-5122c26b\">\n<div class=\"wp-block-uagb-info-box uagb-block-ffa868db uagb-infobox__content-wrap  uagb-infobox-icon-above-title uagb-infobox-image-valign-top\"><div class=\"uagb-ifb-content\"><div class=\"uagb-ifb-image-content\"><img decoding=\"async\" src=\"https:\/\/cofinox.es\/wp-content\/uploads\/2023\/04\/cofinox-energia-sostenible.jpg\" alt=\"\" width=\"100\" height=\"98\" loading=\"lazy\"\/><\/div><div class=\"uagb-ifb-title-wrap\"><h3 class=\"uagb-ifb-title\">Energia sostenible<\/h3><\/div><p class=\"uagb-ifb-desc\">Cerquem reduir el nostre impacte ambiental i fomentar la utilitzaci\u00f3 d&#8217;energies renovables. Per aix\u00f2, hem implementat diverses mesures per reduir el consum energ\u00e8tic i augmentar l&#8217;\u00fas d&#8217;energies netes i sostenibles.<\/p><\/div><\/div>\n<\/div>\n<\/div>\n\n<div class=\"wp-block-uagb-container uagb-block-407c6d9d alignfull uagb-is-root-container\">\n<div class=\"wp-block-uagb-container uagb-block-cb07e6cf\">\n<div class=\"wp-block-uagb-info-box uagb-block-08850efd uagb-infobox__content-wrap  uagb-infobox-icon-above-title uagb-infobox-image-valign-top\"><div class=\"uagb-ifb-content\"><div class=\"uagb-ifb-image-content\"><img decoding=\"async\" src=\"https:\/\/cofinox.es\/wp-content\/uploads\/2023\/04\/cofinox-crecimiento.jpg\" alt=\"\" width=\"100\" height=\"98\" loading=\"lazy\"\/><\/div><div class=\"uagb-ifb-title-wrap\"><h3 class=\"uagb-ifb-title\">Treball decent i creixement econ\u00f2mic<\/h3><\/div><p class=\"uagb-ifb-desc\">Ens preocupem per oferir una feina digna i segura als nostres empleats, i fomentem el seu creixement professional i personal. A m\u00e9s, la nostra empresa contribueix al creixement econ\u00f2mic de la regi\u00f3 i del pa\u00eds mitjan\u00e7ant la creaci\u00f3 d&#8217;ocupaci\u00f3 i la inversi\u00f3 en tecnologia i innovaci\u00f3.<\/p><\/div><\/div>\n<\/div>\n\n\n\n<div class=\"wp-block-uagb-container uagb-block-0536549b\">\n<div class=\"wp-block-uagb-info-box uagb-block-25cc51c0 uagb-infobox__content-wrap  uagb-infobox-icon-above-title uagb-infobox-image-valign-top\"><div class=\"uagb-ifb-content\"><div class=\"uagb-ifb-image-content\"><img decoding=\"async\" src=\"https:\/\/cofinox.es\/wp-content\/uploads\/2023\/04\/cofinox-industria.jpg\" alt=\"\" width=\"100\" height=\"98\" loading=\"lazy\"\/><\/div><div class=\"uagb-ifb-title-wrap\"><h3 class=\"uagb-ifb-title\">Ind\u00fastria, innovaci\u00f3 i infraestructura<\/h3><\/div><p class=\"uagb-ifb-desc\">La innovaci\u00f3 i la millora constant s\u00f3n fonamentals a la nostra empresa. Busquem l&#8217;excel\u00b7l\u00e8ncia en els nostres processos i productes i treballem en el desenvolupament de tecnologies m\u00e9s eficients i sostenibles per a la ind\u00fastria metal\u00b7l\u00fargica.<\/p><\/div><\/div>\n<\/div>\n\n\n\n<div class=\"wp-block-uagb-container uagb-block-ee792a16\">\n<div class=\"wp-block-uagb-info-box uagb-block-d2c8e3b2 uagb-infobox__content-wrap  uagb-infobox-icon-above-title uagb-infobox-image-valign-top\"><div class=\"uagb-ifb-content\"><div class=\"uagb-ifb-image-content\"><img decoding=\"async\" src=\"https:\/\/cofinox.es\/wp-content\/uploads\/2023\/04\/cofinox-consumo-sostenible.jpg\" alt=\"\" width=\"100\" height=\"98\" loading=\"lazy\"\/><\/div><div class=\"uagb-ifb-title-wrap\"><h3 class=\"uagb-ifb-title\">Producci\u00f3 i consum sostenible<\/h3><\/div><p class=\"uagb-ifb-desc\">Ens comprometem a produir de manera sostenible, reduint al m\u00ednim el nostre impacte ambiental. Per fer-ho, implementem pr\u00e0ctiques responsables en els nostres processos de producci\u00f3 i promovem l&#8217;\u00fas responsable i sostenible dels nostres productes.<\/p><\/div><\/div>\n<\/div>\n\n\n\n<div class=\"wp-block-uagb-container uagb-block-fe1016f0\"><\/div>\n<\/div>\n","protected":false},"excerpt":{"rendered":"<p>ELS NOSTRES VALORS A Cofinox ens esforcem per complir els objectius de desenvolupament sostenible establerts per l&#8217;ONU, i treballem di\u00e0riament per contribuir al benestar de [&hellip;]<\/p>\n","protected":false},"author":1,"featured_media":0,"parent":0,"menu_order":0,"comment_status":"closed","ping_status":"closed","template":"","meta":{"_uag_custom_page_level_css":"","_kad_blocks_custom_css":"","_kad_blocks_head_custom_js":"","_kad_blocks_body_custom_js":"","_kad_blocks_footer_custom_js":"","site-sidebar-layout":"no-sidebar","site-content-layout":"page-builder","ast-site-content-layout":"full-width-container","site-content-style":"unboxed","site-sidebar-style":"unboxed","ast-global-header-display":"","ast-banner-title-visibility":"","ast-main-header-display":"","ast-hfb-above-header-display":"","ast-hfb-below-header-display":"","ast-hfb-mobile-header-display":"","site-post-title":"disabled","ast-breadcrumbs-content":"","ast-featured-img":"","footer-sml-layout":"","ast-disable-related-posts":"","theme-transparent-header-meta":"","adv-header-id-meta":"","stick-header-meta":"","header-above-stick-meta":"","header-main-stick-meta":"","header-below-stick-meta":"","astra-migrate-meta-layouts":"default","ast-page-background-enabled":"default","ast-page-background-meta":{"desktop":{"background-color":"","background-image":"","background-repeat":"repeat","background-position":"center center","background-size":"auto","background-attachment":"scroll","background-type":"","background-media":"","overlay-type":"","overlay-color":"","overlay-opacity":"","overlay-gradient":""},"tablet":{"background-color":"","background-image":"","background-repeat":"repeat","background-position":"center center","background-size":"auto","background-attachment":"scroll","background-type":"","background-media":"","overlay-type":"","overlay-color":"","overlay-opacity":"","overlay-gradient":""},"mobile":{"background-color":"","background-image":"","background-repeat":"repeat","background-position":"center center","background-size":"auto","background-attachment":"scroll","background-type":"","background-media":"","overlay-type":"","overlay-color":"","overlay-opacity":"","overlay-gradient":""}},"ast-content-background-meta":{"desktop":{"background-color":"var(--ast-global-color-5)","background-image":"","background-repeat":"repeat","background-position":"center center","background-size":"auto","background-attachment":"scroll","background-type":"","background-media":"","overlay-type":"","overlay-color":"","overlay-opacity":"","overlay-gradient":""},"tablet":{"background-color":"var(--ast-global-color-5)","background-image":"","background-repeat":"repeat","background-position":"center center","background-size":"auto","background-attachment":"scroll","background-type":"","background-media":"","overlay-type":"","overlay-color":"","overlay-opacity":"","overlay-gradient":""},"mobile":{"background-color":"var(--ast-global-color-5)","background-image":"","background-repeat":"repeat","background-position":"center center","background-size":"auto","background-attachment":"scroll","background-type":"","background-media":"","overlay-type":"","overlay-color":"","overlay-opacity":"","overlay-gradient":""}},"footnotes":""},"class_list":["post-1838","page","type-page","status-publish","hentry"],"taxonomy_info":[],"featured_image_src_large":false,"author_info":{"display_name":"soporte.empiezapori@gmail.com","author_link":"https:\/\/cofinox.es\/ca\/author\/soporte-empiezaporigmail-com\/"},"comment_info":0,"uagb_featured_image_src":{"full":false,"thumbnail":false,"medium":false,"medium_large":false,"large":false,"1536x1536":false,"2048x2048":false},"uagb_author_info":{"display_name":"soporte.empiezapori@gmail.com","author_link":"https:\/\/cofinox.es\/ca\/author\/soporte-empiezaporigmail-com\/"},"uagb_comment_info":0,"uagb_excerpt":"ELS NOSTRES VALORS A Cofinox ens esforcem per complir els objectius de desenvolupament sostenible establerts per l&#8217;ONU, i treballem di\u00e0riament per contribuir al benestar de [&hellip;]","_links":{"self":[{"href":"https:\/\/cofinox.es\/ca\/wp-json\/wp\/v2\/pages\/1838","targetHints":{"allow":["GET"]}}],"collection":[{"href":"https:\/\/cofinox.es\/ca\/wp-json\/wp\/v2\/pages"}],"about":[{"href":"https:\/\/cofinox.es\/ca\/wp-json\/wp\/v2\/types\/page"}],"author":[{"embeddable":true,"href":"https:\/\/cofinox.es\/ca\/wp-json\/wp\/v2\/users\/1"}],"replies":[{"embeddable":true,"href":"https:\/\/cofinox.es\/ca\/wp-json\/wp\/v2\/comments?post=1838"}],"version-history":[{"count":1,"href":"https:\/\/cofinox.es\/ca\/wp-json\/wp\/v2\/pages\/1838\/revisions"}],"predecessor-version":[{"id":1839,"href":"https:\/\/cofinox.es\/ca\/wp-json\/wp\/v2\/pages\/1838\/revisions\/1839"}],"wp:attachment":[{"href":"https:\/\/cofinox.es\/ca\/wp-json\/wp\/v2\/media?parent=1838"}],"curies":[{"name":"wp","href":"https:\/\/api.w.org\/{rel}","templated":true}]}}