{"id":1844,"date":"2022-11-10T18:04:35","date_gmt":"2022-11-10T17:04:35","guid":{"rendered":"https:\/\/cofinox.es\/politica-de-privadesa\/"},"modified":"2025-07-09T13:06:45","modified_gmt":"2025-07-09T11:06:45","slug":"politica-de-privadesa","status":"publish","type":"page","link":"https:\/\/cofinox.es\/ca\/politica-de-privadesa\/","title":{"rendered":"Pol\u00edtica de privadesa"},"content":{"rendered":"\n<p>Les dades personals per vost\u00e8 facilitades a trav\u00e9s del present formulari, seran incorporades a un fitxer titularitat de Cofinox, SL amb CIF n\u00fam. B59587915 i domicili a Carretera de Molins a Sabadell, km. 13, Nau 5, Pol\u00edgon Industrial Can Ros\u00e8s, 08191, Rub\u00ed (Barcelona), degudament inscrit al Registre General de Protecci\u00f3 de Dades i, la finalitat del qual \u00e9s gestionar informaci\u00f3 sobre productes o serveis, atendre peticions i l&#8217;enviament d&#8217;informaci\u00f3 d&#8217;inter\u00e8s mitjan\u00e7ant comunicacions electr\u00f2niques.<\/p>\n\n<p>2. Mitjan\u00e7ant la indicaci\u00f3 de les seves dades, i de conformitat amb el que estableix l&#8217;article 6 de la Llei Org\u00e0nica 3\/2018, de 5 de desembre, de Protecci\u00f3 de Dades de Car\u00e0cter Personal, vost\u00e8 consent expressament i de manera inequ\u00edvoca el tractament de dades per a la finalitat indicada a l&#8217;apartat anterior.<\/p>\n\n<p>3. Cofinox, SL, es compromet a observar l&#8217;obligaci\u00f3 de secret de les dades de car\u00e0cter personal que ens faciliti, a tractar-les de forma confidencial ia guardar-les adoptant les mesures necess\u00e0ries per evitar la seva alteraci\u00f3, p\u00e8rdua, tractament o acc\u00e9s no autoritzats, tenint en compte a tot moment de l&#8217;estat de la tecnologia.<\/p>\n\n<p>4. En qualsevol moment podreu exercir els drets d&#8217;acc\u00e9s, rectificaci\u00f3, oposici\u00f3 i, si escau, cancel\u00b7laci\u00f3, comunicant-ho per escrit, (acompanyant c\u00f2pia d&#8217;un document oficial que us identifiqui) al nostre domicili social, Carretera de Molins a Sabadell, km. 13, Nau 5, Pol\u00edgon Industrial Can Ros\u00e8s, 08191, Rub\u00ed (Barcelona).<\/p>\n","protected":false},"excerpt":{"rendered":"<p>Les dades personals per vost\u00e8 facilitades a trav\u00e9s del present formulari, seran incorporades a un fitxer titularitat de Cofinox, SL amb CIF n\u00fam. B59587915 i [&hellip;]<\/p>\n","protected":false},"author":1,"featured_media":0,"parent":0,"menu_order":0,"comment_status":"closed","ping_status":"open","template":"","meta":{"_uag_custom_page_level_css":"","_kad_blocks_custom_css":"","_kad_blocks_head_custom_js":"","_kad_blocks_body_custom_js":"","_kad_blocks_footer_custom_js":"","site-sidebar-layout":"default","site-content-layout":"","ast-site-content-layout":"default","site-content-style":"default","site-sidebar-style":"default","ast-global-header-display":"","ast-banner-title-visibility":"","ast-main-header-display":"","ast-hfb-above-header-display":"","ast-hfb-below-header-display":"","ast-hfb-mobile-header-display":"","site-post-title":"","ast-breadcrumbs-content":"","ast-featured-img":"","footer-sml-layout":"","ast-disable-related-posts":"","theme-transparent-header-meta":"","adv-header-id-meta":"","stick-header-meta":"","header-above-stick-meta":"","header-main-stick-meta":"","header-below-stick-meta":"","astra-migrate-meta-layouts":"set","ast-page-background-enabled":"default","ast-page-background-meta":{"desktop":{"background-color":"","background-image":"","background-repeat":"repeat","background-position":"center center","background-size":"auto","background-attachment":"scroll","background-type":"","background-media":"","overlay-type":"","overlay-color":"","overlay-opacity":"","overlay-gradient":""},"tablet":{"background-color":"","background-image":"","background-repeat":"repeat","background-position":"center center","background-size":"auto","background-attachment":"scroll","background-type":"","background-media":"","overlay-type":"","overlay-color":"","overlay-opacity":"","overlay-gradient":""},"mobile":{"background-color":"","background-image":"","background-repeat":"repeat","background-position":"center center","background-size":"auto","background-attachment":"scroll","background-type":"","background-media":"","overlay-type":"","overlay-color":"","overlay-opacity":"","overlay-gradient":""}},"ast-content-background-meta":{"desktop":{"background-color":"var(--ast-global-color-5)","background-image":"","background-repeat":"repeat","background-position":"center center","background-size":"auto","background-attachment":"scroll","background-type":"","background-media":"","overlay-type":"","overlay-color":"","overlay-opacity":"","overlay-gradient":""},"tablet":{"background-color":"var(--ast-global-color-5)","background-image":"","background-repeat":"repeat","background-position":"center center","background-size":"auto","background-attachment":"scroll","background-type":"","background-media":"","overlay-type":"","overlay-color":"","overlay-opacity":"","overlay-gradient":""},"mobile":{"background-color":"var(--ast-global-color-5)","background-image":"","background-repeat":"repeat","background-position":"center center","background-size":"auto","background-attachment":"scroll","background-type":"","background-media":"","overlay-type":"","overlay-color":"","overlay-opacity":"","overlay-gradient":""}},"footnotes":""},"class_list":["post-1844","page","type-page","status-publish","hentry"],"taxonomy_info":[],"featured_image_src_large":false,"author_info":{"display_name":"soporte.empiezapori@gmail.com","author_link":"https:\/\/cofinox.es\/ca\/author\/soporte-empiezaporigmail-com\/"},"comment_info":0,"uagb_featured_image_src":{"full":false,"thumbnail":false,"medium":false,"medium_large":false,"large":false,"1536x1536":false,"2048x2048":false},"uagb_author_info":{"display_name":"soporte.empiezapori@gmail.com","author_link":"https:\/\/cofinox.es\/ca\/author\/soporte-empiezaporigmail-com\/"},"uagb_comment_info":0,"uagb_excerpt":"Les dades personals per vost\u00e8 facilitades a trav\u00e9s del present formulari, seran incorporades a un fitxer titularitat de Cofinox, SL amb CIF n\u00fam. B59587915 i [&hellip;]","_links":{"self":[{"href":"https:\/\/cofinox.es\/ca\/wp-json\/wp\/v2\/pages\/1844","targetHints":{"allow":["GET"]}}],"collection":[{"href":"https:\/\/cofinox.es\/ca\/wp-json\/wp\/v2\/pages"}],"about":[{"href":"https:\/\/cofinox.es\/ca\/wp-json\/wp\/v2\/types\/page"}],"author":[{"embeddable":true,"href":"https:\/\/cofinox.es\/ca\/wp-json\/wp\/v2\/users\/1"}],"replies":[{"embeddable":true,"href":"https:\/\/cofinox.es\/ca\/wp-json\/wp\/v2\/comments?post=1844"}],"version-history":[{"count":2,"href":"https:\/\/cofinox.es\/ca\/wp-json\/wp\/v2\/pages\/1844\/revisions"}],"predecessor-version":[{"id":3633,"href":"https:\/\/cofinox.es\/ca\/wp-json\/wp\/v2\/pages\/1844\/revisions\/3633"}],"wp:attachment":[{"href":"https:\/\/cofinox.es\/ca\/wp-json\/wp\/v2\/media?parent=1844"}],"curies":[{"name":"wp","href":"https:\/\/api.w.org\/{rel}","templated":true}]}}