{"id":2403,"date":"2025-03-26T11:36:07","date_gmt":"2025-03-26T10:36:07","guid":{"rendered":"https:\/\/cofinox.es\/?page_id=2403"},"modified":"2025-07-17T09:27:07","modified_gmt":"2025-07-17T07:27:07","slug":"fabricacio-de-peces-metal%c2%b7liques-a-mida","status":"publish","type":"page","link":"https:\/\/cofinox.es\/ca\/fabricacio-de-peces-metal%c2%b7liques-a-mida\/","title":{"rendered":"Fabricaci\u00f3 de peces met\u00e0l\u00b7liques a mida"},"content":{"rendered":"\n<div class=\"wp-block-uagb-container uagb-block-d3417c4c alignfull uagb-is-root-container\"><div class=\"uagb-container-inner-blocks-wrap\">\n<div class=\"wp-block-uagb-advanced-heading uagb-block-a0e5ab0f\"><h1 class=\"uagb-heading-text\">Fabricaci\u00f3 de peces met\u00e0l\u00b7liques a mida<\/h1><\/div>\n<\/div><\/div>\n\n<div class=\"wp-block-uagb-container uagb-block-0bfad8c0 alignfull uagb-is-root-container\"><div class=\"uagb-container-inner-blocks-wrap\">\n<div class=\"wp-block-uagb-container uagb-block-59db21ab\">\n<div class=\"wp-block-uagb-image uagb-block-e00fba94 wp-block-uagb-image--layout-default wp-block-uagb-image--effect-static wp-block-uagb-image--align-none\"><figure class=\"wp-block-uagb-image__figure\"><img decoding=\"async\" srcset=\"https:\/\/cofinox.es\/wp-content\/uploads\/2023\/04\/cofinox-dd02.jpg ,https:\/\/cofinox.es\/wp-content\/uploads\/2023\/04\/cofinox-dd02.jpg 780w, https:\/\/cofinox.es\/wp-content\/uploads\/2023\/04\/cofinox-dd02.jpg 360w\" sizes=\"auto, (max-width: 480px) 150px\" src=\"https:\/\/cofinox.es\/wp-content\/uploads\/2023\/04\/cofinox-dd02.jpg\" alt=\"Fabricaci\u00f3 de peces met\u00e0l\u00b7liques a mida\" class=\"uag-image-1051\" width=\"800\" height=\"800\" title=\"Fabricaci\u00f3 de peces met\u00e0l\u00b7liques a mida\" loading=\"lazy\" role=\"img\"><\/figure><\/div>\n<\/div>\n\n\n\n<div class=\"wp-block-uagb-container uagb-block-3783e25e\">\n<div class=\"wp-block-uagb-advanced-heading uagb-block-c8fc5f1f\"><h2 class=\"uagb-heading-text\">Fabricaci\u00f3 de peces met\u00e0l\u00b7liques amb innovaci\u00f3 i precisi\u00f3<\/h2><p class=\"uagb-desc-text\">A Cofinox, el nostre departament de fabricaci\u00f3 de peces met\u00e0l\u00b7liques \u00e9s el pilar fonamental per <strong>fabricar components d&#8217;alta qualitat<\/strong>.<br\/><br\/>Des de la fase inicial de conceptualitzaci\u00f3 fins a la validaci\u00f3 del disseny, treballem en col\u00b7laboraci\u00f3 estreta amb els nostres clients per oferir <strong>solucions personalitzades que optimitzin els processos de fabricaci\u00f3<\/strong>, especialment en peces met\u00e0l\u00b7liques d&#8217;alumini i inox, materials comuns en sectors industrials exigents. (Enginyeria concurrent)<\/p><\/div>\n<\/div>\n<\/div><\/div>\n\n<div class=\"wp-block-uagb-container uagb-block-77a15d04 alignfull uagb-is-root-container\"><div class=\"uagb-container-inner-blocks-wrap\">\n<div class=\"wp-block-uagb-container uagb-block-ab668929\">\n<div class=\"wp-block-uagb-advanced-heading uagb-block-404c7e97\"><h2 class=\"uagb-heading-text\"><strong>Disseny CAD i Simulaci\u00f3 3D<\/strong><\/h2><p class=\"uagb-desc-text\">El nostre equip d&#8217;enginyeria utilitza <strong>programari avan\u00e7at de disseny CAD<\/strong> i <strong>eines de simulaci\u00f3 3D<\/strong> que ens permeten:<\/p><\/div>\n\n\n\n<div class=\"wp-block-uagb-container uagb-block-4da4a14c\">\n<div class=\"wp-block-uagb-info-box uagb-block-f86ba526 uagb-infobox__content-wrap  uagb-infobox-icon-above-title uagb-infobox-image-valign-top\"><div class=\"uagb-ifb-content\"><div class=\"uagb-ifb-icon-wrap\"><div class=\"uagb-iconbox-icon-wrap uagb-infobox-shape-circle\"><svg xmlns=\"https:\/\/www.w3.org\/2000\/svg\" viewbox=\"0 0 256 512\"><path d=\"M256 448c0 17.67-14.33 32-32 32H32c-17.67 0-32-14.33-32-32s14.33-32 32-32h64V123.8L49.75 154.6C35.02 164.5 15.19 160.4 5.375 145.8C-4.422 131.1-.4531 111.2 14.25 101.4l96-64c9.828-6.547 22.45-7.187 32.84-1.594C153.5 41.37 160 52.22 160 64.01v352h64C241.7 416 256 430.3 256 448z\"><\/path><\/svg><\/div><\/div><div class=\"uagb-ifb-title-wrap\"><h3 class=\"uagb-ifb-title\">Crear models virtuals precisos abans de la producci\u00f3<\/h3><\/div><\/div><\/div>\n\n\n\n<div class=\"wp-block-uagb-info-box uagb-block-cc3af12e uagb-infobox__content-wrap  uagb-infobox-icon-above-title uagb-infobox-image-valign-top\"><div class=\"uagb-ifb-content\"><div class=\"uagb-ifb-icon-wrap\"><div class=\"uagb-iconbox-icon-wrap uagb-infobox-shape-circle\"><svg xmlns=\"https:\/\/www.w3.org\/2000\/svg\" viewbox=\"0 0 320 512\"><path d=\"M320 448c0 17.67-14.33 32-32 32H32c-13.08 0-24.83-7.953-29.7-20.09c-4.859-12.12-1.859-26 7.594-35.03l193.6-185.1c31.36-30.17 33.95-80 5.812-113.4c-14.91-17.69-35.86-28.12-58.97-29.38C127.4 95.83 105.3 103.9 88.53 119.9L53.52 151.7c-13.08 11.91-33.33 10.89-45.2-2.172C-3.563 136.5-2.594 116.2 10.48 104.3l34.45-31.3c28.67-27.34 68.39-42.11 108.9-39.88c40.33 2.188 78.39 21.16 104.4 52.03c49.8 59.05 45.2 147.3-10.45 200.8l-136 130H288C305.7 416 320 430.3 320 448z\"><\/path><\/svg><\/div><\/div><div class=\"uagb-ifb-title-wrap\"><h3 class=\"uagb-ifb-title\">Detectar possibles errors i optimitzar cada disseny<\/h3><\/div><\/div><\/div>\n\n\n\n<div class=\"wp-block-uagb-info-box uagb-block-0e5b3844 uagb-infobox__content-wrap  uagb-infobox-icon-above-title uagb-infobox-image-valign-top\"><div class=\"uagb-ifb-content\"><div class=\"uagb-ifb-icon-wrap\"><div class=\"uagb-iconbox-icon-wrap uagb-infobox-shape-circle\"><svg xmlns=\"https:\/\/www.w3.org\/2000\/svg\" viewbox=\"0 0 320 512\"><path d=\"M320 344c0 74.98-61.02 136-136 136H103.6c-46.34 0-87.31-29.53-101.1-73.48c-5.594-16.77 3.484-34.88 20.25-40.47c16.75-5.609 34.89 3.484 40.47 20.25c5.922 17.77 22.48 29.7 41.23 29.7H184c39.7 0 72-32.3 72-72s-32.3-72-72-72H80c-13.2 0-25.05-8.094-29.83-20.41C45.39 239.3 48.66 225.3 58.38 216.4l131.4-120.4H32c-17.67 0-32-14.33-32-32s14.33-32 32-32h240c13.2 0 25.05 8.094 29.83 20.41c4.781 12.3 1.516 26.27-8.203 35.19l-131.4 120.4H184C258.1 208 320 269 320 344z\"><\/path><\/svg><\/div><\/div><div class=\"uagb-ifb-title-wrap\"><h3 class=\"uagb-ifb-title\">Assegurar la viabilitat i efici\u00e8ncia de cada pe\u00e7a met\u00e0l\u00b7lica<\/h3><\/div><\/div><\/div>\n<\/div>\n<\/div>\n<\/div><\/div>\n\n<div class=\"wp-block-uagb-container uagb-block-21a47f1a alignfull uagb-is-root-container\"><div class=\"uagb-container-inner-blocks-wrap\">\n<div class=\"wp-block-uagb-container uagb-block-cd329af1\">\n<div class=\"wp-block-uagb-advanced-heading uagb-block-2347c3d0\"><h2 class=\"uagb-heading-text\"><strong>Prototipat i Validaci\u00f3<\/strong><\/h2><p class=\"uagb-desc-text\">Abans de la fabricaci\u00f3 en s\u00e8rie, realitzem prototips per verificar que <strong>cada pe\u00e7a compleix les especificacions del client<\/strong>. Aquest proc\u00e9s ens permet garantir qualitat, precisi\u00f3 i funcionalitat a cada producte.<br\/>Dissenyem tamb\u00e9 per a sectors altament regulats com el ferrocarril, <strong>complint normatives com la ISO 15085<\/strong>, que certifica la seguretat i fiabilitat de components soldats en aquest sector.<\/p><\/div>\n\n\n\n<div class=\"wp-block-uagb-advanced-heading uagb-block-9eda43fd\"><h2 class=\"uagb-heading-text\"><strong><strong>Innovaci\u00f3 en el desenvolupament industrial<\/strong><\/strong><\/h2><p class=\"uagb-desc-text\">Apostem per la <strong>millora cont\u00ednua i la innovaci\u00f3 tecnol\u00f2gica<\/strong>, incorporant processos m\u00e9s eficients i sostenibles a la producci\u00f3 de components met\u00e0l\u00b7lics.<\/p><\/div>\n<\/div>\n\n\n\n<div class=\"wp-block-uagb-container uagb-block-d2e8863c\">\n<div class=\"wp-block-uagb-image uagb-block-fd7ca8c2 wp-block-uagb-image--layout-default wp-block-uagb-image--effect-static wp-block-uagb-image--align-none\"><figure class=\"wp-block-uagb-image__figure\"><img decoding=\"async\" srcset=\"https:\/\/cofinox.es\/wp-content\/uploads\/2023\/04\/cofinox-dd.jpg ,https:\/\/cofinox.es\/wp-content\/uploads\/2023\/04\/cofinox-dd.jpg 780w, https:\/\/cofinox.es\/wp-content\/uploads\/2023\/04\/cofinox-dd.jpg 360w\" sizes=\"auto, (max-width: 480px) 150px\" src=\"https:\/\/cofinox.es\/wp-content\/uploads\/2023\/04\/cofinox-dd.jpg\" alt=\"Cofinox I+D\" class=\"uag-image-948\" width=\"800\" height=\"800\" title=\"cofinox-d+d\" loading=\"lazy\" role=\"img\"><\/figure><\/div>\n<\/div>\n<\/div><\/div>\n\n<div class=\"wp-block-uagb-container uagb-block-2fda406d alignfull uagb-is-root-container\"><div class=\"uagb-container-inner-blocks-wrap\">\n<div class=\"wp-block-uagb-container uagb-block-325bd423\">\n<div class=\"wp-block-uagb-advanced-heading uagb-block-bc98e064\"><h2 class=\"uagb-heading-text\">Contacta con nosotros para m\u00e1s informaci\u00f3n<\/h2><p class=\"uagb-desc-text\">\u00bfTiene alguna pregunta o necesita m\u00e1s informaci\u00f3n sobre nuestros servicios? No dude en ponerse en contacto con nosotros, <strong>le resolveremos todas sus dudas<\/strong>.<br><\/p><\/div>\n<\/div>\n\n\n\n<div class=\"wp-block-uagb-container uagb-block-23a3bbbd\">\n<div class=\"wp-block-uagb-buttons uagb-buttons__outer-wrap uagb-btn__default-btn uagb-btn-tablet__default-btn uagb-btn-mobile__default-btn uagb-block-baad099f\"><div class=\"uagb-buttons__wrap uagb-buttons-layout-wrap \">\n<div class=\"wp-block-uagb-buttons-child uagb-buttons__outer-wrap uagb-block-d1f9f290 wp-block-button is-style-outline\"><div class=\"uagb-button__wrapper\"><a class=\"uagb-buttons-repeater wp-block-button__link\" aria-label=\"\" href=\"https:\/\/cofinox.es\/contacto\/\" rel=\"follow noopener\" target=\"_self\" role=\"button\"><div class=\"uagb-button__link\">Contactar<\/div><\/a><\/div><\/div>\n<\/div><\/div>\n<\/div>\n<\/div><\/div>\n","protected":false},"excerpt":{"rendered":"<p>Fabricaci\u00f3 de peces met\u00e0l\u00b7liques a mida Fabricaci\u00f3 de peces met\u00e0l\u00b7liques amb innovaci\u00f3 i precisi\u00f3 A Cofinox, el nostre departament de fabricaci\u00f3 de peces met\u00e0l\u00b7liques \u00e9s [&hellip;]<\/p>\n","protected":false},"author":1,"featured_media":1338,"parent":0,"menu_order":0,"comment_status":"closed","ping_status":"closed","template":"","meta":{"_uag_custom_page_level_css":"","_kad_blocks_custom_css":"","_kad_blocks_head_custom_js":"","_kad_blocks_body_custom_js":"","_kad_blocks_footer_custom_js":"","site-sidebar-layout":"no-sidebar","site-content-layout":"plain-container","ast-site-content-layout":"normal-width-container","site-content-style":"unboxed","site-sidebar-style":"unboxed","ast-global-header-display":"","ast-banner-title-visibility":"","ast-main-header-display":"","ast-hfb-above-header-display":"","ast-hfb-below-header-display":"","ast-hfb-mobile-header-display":"","site-post-title":"disabled","ast-breadcrumbs-content":"","ast-featured-img":"disabled","footer-sml-layout":"","ast-disable-related-posts":"","theme-transparent-header-meta":"disabled","adv-header-id-meta":"","stick-header-meta":"","header-above-stick-meta":"","header-main-stick-meta":"","header-below-stick-meta":"","astra-migrate-meta-layouts":"set","ast-page-background-enabled":"default","ast-page-background-meta":{"desktop":{"background-color":"","background-image":"","background-repeat":"repeat","background-position":"center center","background-size":"auto","background-attachment":"scroll","background-type":"","background-media":"","overlay-type":"","overlay-color":"","overlay-opacity":"","overlay-gradient":""},"tablet":{"background-color":"","background-image":"","background-repeat":"repeat","background-position":"center center","background-size":"auto","background-attachment":"scroll","background-type":"","background-media":"","overlay-type":"","overlay-color":"","overlay-opacity":"","overlay-gradient":""},"mobile":{"background-color":"","background-image":"","background-repeat":"repeat","background-position":"center center","background-size":"auto","background-attachment":"scroll","background-type":"","background-media":"","overlay-type":"","overlay-color":"","overlay-opacity":"","overlay-gradient":""}},"ast-content-background-meta":{"desktop":{"background-color":"var(--ast-global-color-5)","background-image":"","background-repeat":"repeat","background-position":"center center","background-size":"auto","background-attachment":"scroll","background-type":"","background-media":"","overlay-type":"","overlay-color":"","overlay-opacity":"","overlay-gradient":""},"tablet":{"background-color":"var(--ast-global-color-5)","background-image":"","background-repeat":"repeat","background-position":"center center","background-size":"auto","background-attachment":"scroll","background-type":"","background-media":"","overlay-type":"","overlay-color":"","overlay-opacity":"","overlay-gradient":""},"mobile":{"background-color":"var(--ast-global-color-5)","background-image":"","background-repeat":"repeat","background-position":"center center","background-size":"auto","background-attachment":"scroll","background-type":"","background-media":"","overlay-type":"","overlay-color":"","overlay-opacity":"","overlay-gradient":""}},"footnotes":""},"class_list":["post-2403","page","type-page","status-publish","has-post-thumbnail","hentry"],"taxonomy_info":[],"featured_image_src_large":["https:\/\/cofinox.es\/wp-content\/uploads\/2023\/04\/cofinox-dd.jpg",800,800,false],"author_info":{"display_name":"soporte.empiezapori@gmail.com","author_link":"https:\/\/cofinox.es\/ca\/author\/soporte-empiezaporigmail-com\/"},"comment_info":0,"uagb_featured_image_src":{"full":["https:\/\/cofinox.es\/wp-content\/uploads\/2023\/04\/cofinox-dd.jpg",800,800,false],"thumbnail":["https:\/\/cofinox.es\/wp-content\/uploads\/2023\/04\/cofinox-dd-150x150.jpg",150,150,true],"medium":["https:\/\/cofinox.es\/wp-content\/uploads\/2023\/04\/cofinox-dd-300x300.jpg",300,300,true],"medium_large":["https:\/\/cofinox.es\/wp-content\/uploads\/2023\/04\/cofinox-dd-768x768.jpg",768,768,true],"large":["https:\/\/cofinox.es\/wp-content\/uploads\/2023\/04\/cofinox-dd.jpg",800,800,false],"1536x1536":["https:\/\/cofinox.es\/wp-content\/uploads\/2023\/04\/cofinox-dd.jpg",800,800,false],"2048x2048":["https:\/\/cofinox.es\/wp-content\/uploads\/2023\/04\/cofinox-dd.jpg",800,800,false]},"uagb_author_info":{"display_name":"soporte.empiezapori@gmail.com","author_link":"https:\/\/cofinox.es\/ca\/author\/soporte-empiezaporigmail-com\/"},"uagb_comment_info":0,"uagb_excerpt":"Fabricaci\u00f3 de peces met\u00e0l\u00b7liques a mida Fabricaci\u00f3 de peces met\u00e0l\u00b7liques amb innovaci\u00f3 i precisi\u00f3 A Cofinox, el nostre departament de fabricaci\u00f3 de peces met\u00e0l\u00b7liques \u00e9s [&hellip;]","_links":{"self":[{"href":"https:\/\/cofinox.es\/ca\/wp-json\/wp\/v2\/pages\/2403","targetHints":{"allow":["GET"]}}],"collection":[{"href":"https:\/\/cofinox.es\/ca\/wp-json\/wp\/v2\/pages"}],"about":[{"href":"https:\/\/cofinox.es\/ca\/wp-json\/wp\/v2\/types\/page"}],"author":[{"embeddable":true,"href":"https:\/\/cofinox.es\/ca\/wp-json\/wp\/v2\/users\/1"}],"replies":[{"embeddable":true,"href":"https:\/\/cofinox.es\/ca\/wp-json\/wp\/v2\/comments?post=2403"}],"version-history":[{"count":5,"href":"https:\/\/cofinox.es\/ca\/wp-json\/wp\/v2\/pages\/2403\/revisions"}],"predecessor-version":[{"id":3726,"href":"https:\/\/cofinox.es\/ca\/wp-json\/wp\/v2\/pages\/2403\/revisions\/3726"}],"wp:featuredmedia":[{"embeddable":true,"href":"https:\/\/cofinox.es\/ca\/wp-json\/wp\/v2\/media\/1338"}],"wp:attachment":[{"href":"https:\/\/cofinox.es\/ca\/wp-json\/wp\/v2\/media?parent=2403"}],"curies":[{"name":"wp","href":"https:\/\/api.w.org\/{rel}","templated":true}]}}