{"id":2484,"date":"2025-03-27T17:47:00","date_gmt":"2025-03-27T16:47:00","guid":{"rendered":"https:\/\/cofinox.es\/?page_id=2484"},"modified":"2025-07-17T09:41:58","modified_gmt":"2025-07-17T07:41:58","slug":"plegat-de-metall-robotitzat","status":"publish","type":"page","link":"https:\/\/cofinox.es\/ca\/plegat-de-metall-robotitzat\/","title":{"rendered":"Plegat de metall robotitzat"},"content":{"rendered":"\n<div class=\"wp-block-uagb-container uagb-block-d3417c4c alignfull uagb-is-root-container\"><div class=\"uagb-container-inner-blocks-wrap\">\n<div class=\"wp-block-uagb-advanced-heading uagb-block-a0e5ab0f\"><h1 class=\"uagb-heading-text\">Plegat de metall robotitzat<\/h1><\/div>\n<\/div><\/div>\n\n<div class=\"wp-block-uagb-container uagb-block-0bfad8c0 alignfull uagb-is-root-container\"><div class=\"uagb-container-inner-blocks-wrap\">\n<div class=\"wp-block-uagb-container uagb-block-59db21ab\"><div class=\"uagb-container__video-wrap\"><video autoplay=\"\" loop=\"\" muted=\"\" playsinline=\"\"><source src=\"https:\/\/cofinox.es\/wp-content\/uploads\/2025\/06\/video-plegadora-cofinox.mp4\" type=\"video\/mp4\"\/><\/video><\/div><\/div>\n\n\n\n<div class=\"wp-block-uagb-container uagb-block-3783e25e\">\n<div class=\"wp-block-uagb-advanced-heading uagb-block-c8fc5f1f\"><h2 class=\"uagb-heading-text\">Plegat robotitzat per a Peces de Metall amb m\u00e0xima precisi\u00f3<\/h2><p class=\"uagb-desc-text\">Disposem de <strong>plegat de metall robotitzat<\/strong> \u00f2ptim per a s\u00e8ries mitjanes i llargues, garantint precisi\u00f3 i alta qualitat en la fabricaci\u00f3 de peces met\u00e0l\u00b7liques complexes.<\/p><\/div>\n\n\n\n<div class=\"wp-block-uagb-advanced-heading uagb-block-1195d2d3\"><p class=\"uagb-desc-text\">La secci\u00f3 de plegat de Cofinox \u00e9s fonamental <strong>per donar forma a peces met\u00e0l\u00b7liques, com ara alumini i inox<\/strong>, amb precisi\u00f3 mil\u00b7lim\u00e8trica. Els nostres plecs precisos per a peces de metall garanteixen angles exactes i acabats impecables, fins i tot en materials complexos.<\/p><\/div>\n<\/div>\n<\/div><\/div>\n\n<div class=\"wp-block-uagb-container uagb-block-77a15d04 alignfull uagb-is-root-container\"><div class=\"uagb-container-inner-blocks-wrap\">\n<div class=\"wp-block-uagb-container uagb-block-ab668929\">\n<div class=\"wp-block-uagb-advanced-heading uagb-block-404c7e97\"><h2 class=\"uagb-heading-text\">Tecnologia avan\u00e7ada al plegat de metall<\/h2><p class=\"uagb-desc-text\">Disposem de C\u00e8l\u00b7lules Robotitzades i M\u00e0quines CNC de 8 eixos, especialitzades en <strong>plegat d&#8217;alta precisi\u00f3 per a materials com alumini i inox<\/strong>.<\/p><\/div>\n\n\n\n<div class=\"wp-block-uagb-container uagb-block-4da4a14c\">\n<div class=\"wp-block-uagb-info-box uagb-block-f86ba526 uagb-infobox__content-wrap  uagb-infobox-icon-above-title uagb-infobox-image-valign-top\"><div class=\"uagb-ifb-content\"><div class=\"uagb-ifb-icon-wrap\"><div class=\"uagb-iconbox-icon-wrap uagb-infobox-shape-circle\"><svg xmlns=\"https:\/\/www.w3.org\/2000\/svg\" viewbox=\"0 0 256 512\"><path d=\"M256 448c0 17.67-14.33 32-32 32H32c-17.67 0-32-14.33-32-32s14.33-32 32-32h64V123.8L49.75 154.6C35.02 164.5 15.19 160.4 5.375 145.8C-4.422 131.1-.4531 111.2 14.25 101.4l96-64c9.828-6.547 22.45-7.187 32.84-1.594C153.5 41.37 160 52.22 160 64.01v352h64C241.7 416 256 430.3 256 448z\"><\/path><\/svg><\/div><\/div><div class=\"uagb-ifb-title-wrap\"><h3 class=\"uagb-ifb-title\">C\u00e8l\u00b7lules Robotitzades<\/h3><\/div><p class=\"uagb-ifb-desc\">Amb programaci\u00f3 off-line, gestor d&#8217;errors i mediador d&#8217;angulo autom\u00e0tic<\/p><\/div><\/div>\n\n\n\n<div class=\"wp-block-uagb-info-box uagb-block-cc3af12e uagb-infobox__content-wrap  uagb-infobox-icon-above-title uagb-infobox-image-valign-top\"><div class=\"uagb-ifb-content\"><div class=\"uagb-ifb-icon-wrap\"><div class=\"uagb-iconbox-icon-wrap uagb-infobox-shape-circle\"><svg xmlns=\"https:\/\/www.w3.org\/2000\/svg\" viewbox=\"0 0 320 512\"><path d=\"M320 448c0 17.67-14.33 32-32 32H32c-13.08 0-24.83-7.953-29.7-20.09c-4.859-12.12-1.859-26 7.594-35.03l193.6-185.1c31.36-30.17 33.95-80 5.812-113.4c-14.91-17.69-35.86-28.12-58.97-29.38C127.4 95.83 105.3 103.9 88.53 119.9L53.52 151.7c-13.08 11.91-33.33 10.89-45.2-2.172C-3.563 136.5-2.594 116.2 10.48 104.3l34.45-31.3c28.67-27.34 68.39-42.11 108.9-39.88c40.33 2.188 78.39 21.16 104.4 52.03c49.8 59.05 45.2 147.3-10.45 200.8l-136 130H288C305.7 416 320 430.3 320 448z\"><\/path><\/svg><\/div><\/div><div class=\"uagb-ifb-title-wrap\"><h3 class=\"uagb-ifb-title\">M\u00e0quines CNC de 8 eixos<\/h3><\/div><p class=\"uagb-ifb-desc\">Per assegurar un <strong>plegat eficient i sense errors<\/strong>. El nostre equip t\u00e8cnic ajusta cada par\u00e0metre per garantir resultats \u00f2ptims.<\/p><\/div><\/div>\n<\/div>\n\n\n\n<div class=\"wp-block-uagb-container uagb-block-84e2f0a0\">\n<div class=\"wp-block-uagb-advanced-heading uagb-block-2939839d\"><p class=\"uagb-desc-text\"><em>Tot el proc\u00e9s s&#8217;integra sota un entorn de <strong>Tecnologia 4.0 per a la fabricaci\u00f3<\/strong>, connectant m\u00e0quines, programari i control a temps real per obtenir la m\u00e0xima efici\u00e8ncia.<\/em><\/p><\/div>\n<\/div>\n<\/div>\n<\/div><\/div>\n\n<div class=\"wp-block-uagb-container uagb-block-21a47f1a alignfull uagb-is-root-container\"><div class=\"uagb-container-inner-blocks-wrap\">\n<div class=\"wp-block-uagb-container uagb-block-cd329af1\">\n<div class=\"wp-block-uagb-advanced-heading uagb-block-2347c3d0\"><h2 class=\"uagb-heading-text\">Avantatges del nostre proc\u00e9s de plegat<\/h2><\/div>\n\n\n<style>.wp-block-kadence-iconlist.kt-svg-icon-list-items2481_e9e5f3-38:not(.this-stops-third-party-issues){margin-top:0px;margin-bottom:0px;}.wp-block-kadence-iconlist.kt-svg-icon-list-items2481_e9e5f3-38 ul.kt-svg-icon-list:not(.this-prevents-issues):not(.this-stops-third-party-issues):not(.tijsloc){margin-top:0px;margin-right:0px;margin-bottom:0px;margin-left:0px;}.wp-block-kadence-iconlist.kt-svg-icon-list-items2481_e9e5f3-38 ul.kt-svg-icon-list{grid-row-gap:10px;}.wp-block-kadence-iconlist.kt-svg-icon-list-items2481_e9e5f3-38 .kb-svg-icon-wrap{font-size:25px;color:var(--ast-global-color-0);}.wp-block-kadence-iconlist.kt-svg-icon-list-items2481_e9e5f3-38 ul.kt-svg-icon-list .kt-svg-icon-list-item-wrap .kt-svg-icon-list-single{margin-right:10px;}.kt-svg-icon-list-items2481_e9e5f3-38 ul.kt-svg-icon-list .kt-svg-icon-list-level-0 .kt-svg-icon-list-single svg{font-size:20px;}<\/style>\n<div class=\"wp-block-kadence-iconlist kt-svg-icon-list-items kt-svg-icon-list-items2481_e9e5f3-38 kt-svg-icon-list-columns-1 alignnone kt-list-icon-aligntop\"><ul class=\"kt-svg-icon-list\"><style>.kt-svg-icon-list-item-2481_c02a76-82 .kt-svg-icon-list-text mark.kt-highlight{background-color:unset;font-style:normal;color:#f76a0c;-webkit-box-decoration-break:clone;box-decoration-break:clone;padding-top:0px;padding-right:0px;padding-bottom:0px;padding-left:0px;}<\/style>\n<li class=\"wp-block-kadence-listitem kt-svg-icon-list-item-wrap kt-svg-icon-list-item-2481_c02a76-82\"><span class=\"kb-svg-icon-wrap kb-svg-icon-fe_checkSquare kt-svg-icon-list-single\"><svg viewBox=\"0 0 24 24\"  fill=\"none\" stroke=\"currentColor\" stroke-width=\"2\" stroke-linecap=\"round\" stroke-linejoin=\"round\" xmlns=\"http:\/\/www.w3.org\/2000\/svg\"  aria-hidden=\"true\"><polyline points=\"9 11 12 14 22 4\"\/><path d=\"M21 12v7a2 2 0 0 1-2 2H5a2 2 0 0 1-2-2V5a2 2 0 0 1 2-2h11\"\/><\/svg><\/span><span class=\"kt-svg-icon-list-text\"><strong>Flexibilitat en el disseny<\/strong>: Adaptem el plegat a diferents gruixos i materials.<\/span><\/li>\n\n\n<style>.kt-svg-icon-list-item-2481_6e1931-33 .kt-svg-icon-list-text mark.kt-highlight{background-color:unset;font-style:normal;color:#f76a0c;-webkit-box-decoration-break:clone;box-decoration-break:clone;padding-top:0px;padding-right:0px;padding-bottom:0px;padding-left:0px;}<\/style>\n<li class=\"wp-block-kadence-listitem kt-svg-icon-list-item-wrap kt-svg-icon-list-item-2481_6e1931-33\"><span class=\"kb-svg-icon-wrap kb-svg-icon-fe_checkSquare kt-svg-icon-list-single\"><svg viewBox=\"0 0 24 24\"  fill=\"none\" stroke=\"currentColor\" stroke-width=\"2\" stroke-linecap=\"round\" stroke-linejoin=\"round\" xmlns=\"http:\/\/www.w3.org\/2000\/svg\"  aria-hidden=\"true\"><polyline points=\"9 11 12 14 22 4\"\/><path d=\"M21 12v7a2 2 0 0 1-2 2H5a2 2 0 0 1-2-2V5a2 2 0 0 1 2-2h11\"\/><\/svg><\/span><span class=\"kt-svg-icon-list-text\"><strong>M\u00e0xima precisi\u00f3<\/strong>: Tecnologia de control num\u00e8ric per evitar desviacions.<\/span><\/li>\n\n\n<style>.kt-svg-icon-list-item-2481_efe311-77 .kt-svg-icon-list-text mark.kt-highlight{background-color:unset;font-style:normal;color:#f76a0c;-webkit-box-decoration-break:clone;box-decoration-break:clone;padding-top:0px;padding-right:0px;padding-bottom:0px;padding-left:0px;}<\/style>\n<li class=\"wp-block-kadence-listitem kt-svg-icon-list-item-wrap kt-svg-icon-list-item-2481_efe311-77\"><span class=\"kb-svg-icon-wrap kb-svg-icon-fe_checkSquare kt-svg-icon-list-single\"><svg viewBox=\"0 0 24 24\"  fill=\"none\" stroke=\"currentColor\" stroke-width=\"2\" stroke-linecap=\"round\" stroke-linejoin=\"round\" xmlns=\"http:\/\/www.w3.org\/2000\/svg\"  aria-hidden=\"true\"><polyline points=\"9 11 12 14 22 4\"\/><path d=\"M21 12v7a2 2 0 0 1-2 2H5a2 2 0 0 1-2-2V5a2 2 0 0 1 2-2h11\"\/><\/svg><\/span><span class=\"kt-svg-icon-list-text\"><strong>Optimitzaci\u00f3 del material<\/strong>: Reducci\u00f3 del malbaratament per a una producci\u00f3 m\u00e9s eficient.<\/span><\/li>\n<\/ul><\/div>\n\n\n<style>.wp-block-kadence-advancedheading.kt-adv-heading2481_e36c4c-6a, .wp-block-kadence-advancedheading.kt-adv-heading2481_e36c4c-6a[data-kb-block=\"kb-adv-heading2481_e36c4c-6a\"]{padding-top:0px;padding-right:0px;padding-bottom:0px;padding-left:0px;margin-top:0px;margin-right:0px;margin-bottom:0px;margin-left:0px;font-style:normal;}.wp-block-kadence-advancedheading.kt-adv-heading2481_e36c4c-6a mark.kt-highlight, .wp-block-kadence-advancedheading.kt-adv-heading2481_e36c4c-6a[data-kb-block=\"kb-adv-heading2481_e36c4c-6a\"] mark.kt-highlight{font-style:normal;color:#f76a0c;-webkit-box-decoration-break:clone;box-decoration-break:clone;padding-top:0px;padding-right:0px;padding-bottom:0px;padding-left:0px;}.wp-block-kadence-advancedheading.kt-adv-heading2481_e36c4c-6a img.kb-inline-image, .wp-block-kadence-advancedheading.kt-adv-heading2481_e36c4c-6a[data-kb-block=\"kb-adv-heading2481_e36c4c-6a\"] img.kb-inline-image{width:150px;vertical-align:baseline;}<\/style>\n<p class=\"kt-adv-heading2481_e36c4c-6a wp-block-kadence-advancedheading\" data-kb-block=\"kb-adv-heading2481_e36c4c-6a\">Cada pe\u00e7a que surt de la nostra secci\u00f3 de plegat <strong>compleix amb les especificacions exactes del client<\/strong>, garantint qualitat i un ajustament perfecte a la seva aplicaci\u00f3 final.<\/p>\n<\/div>\n\n\n\n<div class=\"wp-block-uagb-container uagb-block-d2e8863c\">\n<div class=\"wp-block-uagb-image uagb-block-620332d4 wp-block-uagb-image--layout-default wp-block-uagb-image--effect-static wp-block-uagb-image--align-none\"><figure class=\"wp-block-uagb-image__figure\"><img decoding=\"async\" srcset=\"https:\/\/cofinox.es\/wp-content\/uploads\/2025\/03\/COFINOX-celula-de-plegado-3.jpg ,https:\/\/cofinox.es\/wp-content\/uploads\/2025\/03\/COFINOX-celula-de-plegado-3.jpg 780w, https:\/\/cofinox.es\/wp-content\/uploads\/2025\/03\/COFINOX-celula-de-plegado-3.jpg 360w\" sizes=\"auto, (max-width: 480px) 150px\" src=\"https:\/\/cofinox.es\/wp-content\/uploads\/2025\/03\/COFINOX-celula-de-plegado-3.jpg\" alt=\"Plegat de metall robotitzat\" class=\"uag-image-2385\" width=\"477\" height=\"357\" title=\"Plegat de metall robotitzat\" loading=\"lazy\" role=\"img\"><\/figure><\/div>\n<\/div>\n<\/div><\/div>\n\n<div class=\"wp-block-uagb-container uagb-block-2fda406d alignfull uagb-is-root-container\"><div class=\"uagb-container-inner-blocks-wrap\">\n<div class=\"wp-block-uagb-container uagb-block-325bd423\">\n<div class=\"wp-block-uagb-advanced-heading uagb-block-bc98e064\"><h2 class=\"uagb-heading-text\">Contacta con nosotros para m\u00e1s informaci\u00f3n<\/h2><p class=\"uagb-desc-text\">\u00bfTiene alguna pregunta o necesita m\u00e1s informaci\u00f3n sobre nuestros servicios? No dude en ponerse en contacto con nosotros, <strong>le resolveremos todas sus dudas<\/strong>.<br><\/p><\/div>\n<\/div>\n\n\n\n<div class=\"wp-block-uagb-container uagb-block-23a3bbbd\">\n<div class=\"wp-block-uagb-buttons uagb-buttons__outer-wrap uagb-btn__default-btn uagb-btn-tablet__default-btn uagb-btn-mobile__default-btn uagb-block-baad099f\"><div class=\"uagb-buttons__wrap uagb-buttons-layout-wrap \">\n<div class=\"wp-block-uagb-buttons-child uagb-buttons__outer-wrap uagb-block-d1f9f290 wp-block-button is-style-outline\"><div class=\"uagb-button__wrapper\"><a class=\"uagb-buttons-repeater wp-block-button__link\" aria-label=\"\" href=\"https:\/\/cofinox.es\/contacto\/\" rel=\"follow noopener\" target=\"_self\" role=\"button\"><div class=\"uagb-button__link\">Contactar<\/div><\/a><\/div><\/div>\n<\/div><\/div>\n<\/div>\n<\/div><\/div>\n","protected":false},"excerpt":{"rendered":"<p>Plegat de metall robotitzat Plegat robotitzat per a Peces de Metall amb m\u00e0xima precisi\u00f3 Disposem de plegat de metall robotitzat \u00f2ptim per a s\u00e8ries mitjanes [&hellip;]<\/p>\n","protected":false},"author":1,"featured_media":2382,"parent":0,"menu_order":0,"comment_status":"closed","ping_status":"closed","template":"","meta":{"_uag_custom_page_level_css":"","_kad_blocks_custom_css":"","_kad_blocks_head_custom_js":"","_kad_blocks_body_custom_js":"","_kad_blocks_footer_custom_js":"","site-sidebar-layout":"no-sidebar","site-content-layout":"plain-container","ast-site-content-layout":"normal-width-container","site-content-style":"unboxed","site-sidebar-style":"unboxed","ast-global-header-display":"","ast-banner-title-visibility":"","ast-main-header-display":"","ast-hfb-above-header-display":"","ast-hfb-below-header-display":"","ast-hfb-mobile-header-display":"","site-post-title":"disabled","ast-breadcrumbs-content":"","ast-featured-img":"disabled","footer-sml-layout":"","ast-disable-related-posts":"","theme-transparent-header-meta":"disabled","adv-header-id-meta":"","stick-header-meta":"","header-above-stick-meta":"","header-main-stick-meta":"","header-below-stick-meta":"","astra-migrate-meta-layouts":"set","ast-page-background-enabled":"default","ast-page-background-meta":{"desktop":{"background-color":"","background-image":"","background-repeat":"repeat","background-position":"center center","background-size":"auto","background-attachment":"scroll","background-type":"","background-media":"","overlay-type":"","overlay-color":"","overlay-opacity":"","overlay-gradient":""},"tablet":{"background-color":"","background-image":"","background-repeat":"repeat","background-position":"center center","background-size":"auto","background-attachment":"scroll","background-type":"","background-media":"","overlay-type":"","overlay-color":"","overlay-opacity":"","overlay-gradient":""},"mobile":{"background-color":"","background-image":"","background-repeat":"repeat","background-position":"center center","background-size":"auto","background-attachment":"scroll","background-type":"","background-media":"","overlay-type":"","overlay-color":"","overlay-opacity":"","overlay-gradient":""}},"ast-content-background-meta":{"desktop":{"background-color":"var(--ast-global-color-5)","background-image":"","background-repeat":"repeat","background-position":"center center","background-size":"auto","background-attachment":"scroll","background-type":"","background-media":"","overlay-type":"","overlay-color":"","overlay-opacity":"","overlay-gradient":""},"tablet":{"background-color":"var(--ast-global-color-5)","background-image":"","background-repeat":"repeat","background-position":"center center","background-size":"auto","background-attachment":"scroll","background-type":"","background-media":"","overlay-type":"","overlay-color":"","overlay-opacity":"","overlay-gradient":""},"mobile":{"background-color":"var(--ast-global-color-5)","background-image":"","background-repeat":"repeat","background-position":"center center","background-size":"auto","background-attachment":"scroll","background-type":"","background-media":"","overlay-type":"","overlay-color":"","overlay-opacity":"","overlay-gradient":""}},"footnotes":""},"class_list":["post-2484","page","type-page","status-publish","has-post-thumbnail","hentry"],"taxonomy_info":[],"featured_image_src_large":["https:\/\/cofinox.es\/wp-content\/uploads\/2025\/03\/COFINOX-celula-de-plegado-1.png",731,379,false],"author_info":{"display_name":"soporte.empiezapori@gmail.com","author_link":"https:\/\/cofinox.es\/ca\/author\/soporte-empiezaporigmail-com\/"},"comment_info":0,"uagb_featured_image_src":{"full":["https:\/\/cofinox.es\/wp-content\/uploads\/2025\/03\/COFINOX-celula-de-plegado-1.png",731,379,false],"thumbnail":["https:\/\/cofinox.es\/wp-content\/uploads\/2025\/03\/COFINOX-celula-de-plegado-1-150x150.png",150,150,true],"medium":["https:\/\/cofinox.es\/wp-content\/uploads\/2025\/03\/COFINOX-celula-de-plegado-1-300x156.png",300,156,true],"medium_large":["https:\/\/cofinox.es\/wp-content\/uploads\/2025\/03\/COFINOX-celula-de-plegado-1.png",731,379,false],"large":["https:\/\/cofinox.es\/wp-content\/uploads\/2025\/03\/COFINOX-celula-de-plegado-1.png",731,379,false],"1536x1536":["https:\/\/cofinox.es\/wp-content\/uploads\/2025\/03\/COFINOX-celula-de-plegado-1.png",731,379,false],"2048x2048":["https:\/\/cofinox.es\/wp-content\/uploads\/2025\/03\/COFINOX-celula-de-plegado-1.png",731,379,false]},"uagb_author_info":{"display_name":"soporte.empiezapori@gmail.com","author_link":"https:\/\/cofinox.es\/ca\/author\/soporte-empiezaporigmail-com\/"},"uagb_comment_info":0,"uagb_excerpt":"Plegat de metall robotitzat Plegat robotitzat per a Peces de Metall amb m\u00e0xima precisi\u00f3 Disposem de plegat de metall robotitzat \u00f2ptim per a s\u00e8ries mitjanes [&hellip;]","_links":{"self":[{"href":"https:\/\/cofinox.es\/ca\/wp-json\/wp\/v2\/pages\/2484","targetHints":{"allow":["GET"]}}],"collection":[{"href":"https:\/\/cofinox.es\/ca\/wp-json\/wp\/v2\/pages"}],"about":[{"href":"https:\/\/cofinox.es\/ca\/wp-json\/wp\/v2\/types\/page"}],"author":[{"embeddable":true,"href":"https:\/\/cofinox.es\/ca\/wp-json\/wp\/v2\/users\/1"}],"replies":[{"embeddable":true,"href":"https:\/\/cofinox.es\/ca\/wp-json\/wp\/v2\/comments?post=2484"}],"version-history":[{"count":5,"href":"https:\/\/cofinox.es\/ca\/wp-json\/wp\/v2\/pages\/2484\/revisions"}],"predecessor-version":[{"id":3744,"href":"https:\/\/cofinox.es\/ca\/wp-json\/wp\/v2\/pages\/2484\/revisions\/3744"}],"wp:featuredmedia":[{"embeddable":true,"href":"https:\/\/cofinox.es\/ca\/wp-json\/wp\/v2\/media\/2382"}],"wp:attachment":[{"href":"https:\/\/cofinox.es\/ca\/wp-json\/wp\/v2\/media?parent=2484"}],"curies":[{"name":"wp","href":"https:\/\/api.w.org\/{rel}","templated":true}]}}