{"id":2591,"date":"2025-04-08T12:34:23","date_gmt":"2025-04-08T10:34:23","guid":{"rendered":"https:\/\/cofinox.es\/?page_id=2591"},"modified":"2025-07-17T09:55:12","modified_gmt":"2025-07-17T07:55:12","slug":"logistica-i-distribucio-de-productes-metal%c2%b7lics","status":"publish","type":"page","link":"https:\/\/cofinox.es\/ca\/logistica-i-distribucio-de-productes-metal%c2%b7lics\/","title":{"rendered":"Log\u00edstica i distribuci\u00f3 de productes met\u00e0l\u00b7lics"},"content":{"rendered":"\n<div class=\"wp-block-uagb-container uagb-block-d3417c4c alignfull uagb-is-root-container\"><div class=\"uagb-container-inner-blocks-wrap\">\n<div class=\"wp-block-uagb-advanced-heading uagb-block-a0e5ab0f\"><h1 class=\"uagb-heading-text\">Log\u00edstica i distribuci\u00f3 de productes met\u00e0l\u00b7lics<\/h1><\/div>\n<\/div><\/div>\n\n<div class=\"wp-block-uagb-container uagb-block-0bfad8c0 alignfull uagb-is-root-container\"><div class=\"uagb-container-inner-blocks-wrap\">\n<div class=\"wp-block-uagb-container uagb-block-59db21ab\">\n<div class=\"wp-block-uagb-image uagb-block-80a65905 wp-block-uagb-image--layout-default wp-block-uagb-image--effect-static wp-block-uagb-image--align-none\"><figure class=\"wp-block-uagb-image__figure\"><img decoding=\"async\" srcset=\"https:\/\/cofinox.es\/wp-content\/uploads\/2023\/06\/cofinox-logistica01.jpg ,https:\/\/cofinox.es\/wp-content\/uploads\/2023\/06\/cofinox-logistica01.jpg 780w, https:\/\/cofinox.es\/wp-content\/uploads\/2023\/06\/cofinox-logistica01.jpg 360w\" sizes=\"auto, (max-width: 480px) 150px\" src=\"https:\/\/cofinox.es\/wp-content\/uploads\/2023\/06\/cofinox-logistica01.jpg\" alt=\"Distribuci\u00f3 de Productes Met\u00e0l\u00b7lics Cofinox Acabats\" class=\"uag-image-1458\" width=\"800\" height=\"800\" title=\"Distribuci\u00f3 de Productes Met\u00e0l\u00b7lics\" loading=\"lazy\" role=\"img\"><\/figure><\/div>\n<\/div>\n\n\n\n<div class=\"wp-block-uagb-container uagb-block-3783e25e\">\n<div class=\"wp-block-uagb-advanced-heading uagb-block-c8fc5f1f\"><h2 class=\"uagb-heading-text\">Efici\u00e8ncia i precisi\u00f3 en la log\u00edstica industrial de productes met\u00e0l\u00b7lics<\/h2><p class=\"uagb-desc-text\">El nostre departament de log\u00edstica \u00e9s una baula clau a la cadena de valor de Cofinox. <strong>Dissenyem estrat\u00e8gies log\u00edstiques personalitzades<\/strong> que garanteixen una distribuci\u00f3 puntual, segura i tra\u00e7able de cada comanda.<\/p><\/div>\n\n\n\n<div class=\"wp-block-uagb-advanced-heading uagb-block-3600a586\"><p class=\"uagb-desc-text\">Tot el sistema est\u00e0 digitalitzat i integrat sota un entorn de <strong>Tecnologia 4.0<\/strong>, cosa que permet controlar en temps real l&#8217;estat d&#8217;estoc, enviaments i magatzems.<\/p><\/div>\n<\/div>\n<\/div><\/div>\n\n<div class=\"wp-block-uagb-container uagb-block-77a15d04 alignfull uagb-is-root-container\"><div class=\"uagb-container-inner-blocks-wrap\">\n<div class=\"wp-block-uagb-container uagb-block-ab668929\">\n<div class=\"wp-block-uagb-advanced-heading uagb-block-404c7e97\"><h2 class=\"uagb-heading-text\">Models log\u00edstics adaptats a cada client<\/h2><p class=\"uagb-desc-text\">Oferim <strong>tres sistemes log\u00edstics<\/strong> que s&#8217;ajusten a les diferents necessitats de subministrament:<\/p><\/div>\n\n\n\n<div class=\"wp-block-uagb-container uagb-block-4da4a14c\">\n<div class=\"wp-block-uagb-info-box uagb-block-f86ba526 uagb-infobox__content-wrap  uagb-infobox-icon-above-title uagb-infobox-image-valign-top\"><div class=\"uagb-ifb-content\"><div class=\"uagb-ifb-icon-wrap\"><div class=\"uagb-iconbox-icon-wrap uagb-infobox-shape-circle\"><svg xmlns=\"https:\/\/www.w3.org\/2000\/svg\" viewbox=\"0 0 256 512\"><path d=\"M256 448c0 17.67-14.33 32-32 32H32c-17.67 0-32-14.33-32-32s14.33-32 32-32h64V123.8L49.75 154.6C35.02 164.5 15.19 160.4 5.375 145.8C-4.422 131.1-.4531 111.2 14.25 101.4l96-64c9.828-6.547 22.45-7.187 32.84-1.594C153.5 41.37 160 52.22 160 64.01v352h64C241.7 416 256 430.3 256 448z\"><\/path><\/svg><\/div><\/div><div class=\"uagb-ifb-title-wrap\"><h3 class=\"uagb-ifb-title\">Picking per refer\u00e8ncia<\/h3><\/div><p class=\"uagb-ifb-desc\">Preparem i emmagatzemem conjunts de components o kits per facilitar el muntatge final del producte a les instal\u00b7lacions del client, millorant l&#8217;efici\u00e8ncia i reduint temps d&#8217;integraci\u00f3.<\/p><\/div><\/div>\n\n\n\n<div class=\"wp-block-uagb-info-box uagb-block-d40713df uagb-infobox__content-wrap  uagb-infobox-icon-above-title uagb-infobox-image-valign-top\"><div class=\"uagb-ifb-content\"><div class=\"uagb-ifb-icon-wrap\"><div class=\"uagb-iconbox-icon-wrap uagb-infobox-shape-circle\"><svg xmlns=\"https:\/\/www.w3.org\/2000\/svg\" viewbox=\"0 0 320 512\"><path d=\"M320 448c0 17.67-14.33 32-32 32H32c-13.08 0-24.83-7.953-29.7-20.09c-4.859-12.12-1.859-26 7.594-35.03l193.6-185.1c31.36-30.17 33.95-80 5.812-113.4c-14.91-17.69-35.86-28.12-58.97-29.38C127.4 95.83 105.3 103.9 88.53 119.9L53.52 151.7c-13.08 11.91-33.33 10.89-45.2-2.172C-3.563 136.5-2.594 116.2 10.48 104.3l34.45-31.3c28.67-27.34 68.39-42.11 108.9-39.88c40.33 2.188 78.39 21.16 104.4 52.03c49.8 59.05 45.2 147.3-10.45 200.8l-136 130H288C305.7 416 320 430.3 320 448z\"><\/path><\/svg><\/div><\/div><div class=\"uagb-ifb-title-wrap\"><h3 class=\"uagb-ifb-title\">Lliuraments per sistema Kanban<\/h3><\/div><p class=\"uagb-ifb-desc\">Planifiquem <strong>entregues peri\u00f2diques sota demanda<\/strong>, sincronitzades amb el ritme de producci\u00f3 del client. Ideal per evitar trencaments de estoc i optimitzar el flux de materials. <\/p><\/div><\/div>\n\n\n\n<div class=\"wp-block-uagb-info-box uagb-block-cc3af12e uagb-infobox__content-wrap  uagb-infobox-icon-above-title uagb-infobox-image-valign-top\"><div class=\"uagb-ifb-content\"><div class=\"uagb-ifb-icon-wrap\"><div class=\"uagb-iconbox-icon-wrap uagb-infobox-shape-circle\"><svg xmlns=\"https:\/\/www.w3.org\/2000\/svg\" viewbox=\"0 0 320 512\"><path d=\"M320 344c0 74.98-61.02 136-136 136H103.6c-46.34 0-87.31-29.53-101.1-73.48c-5.594-16.77 3.484-34.88 20.25-40.47c16.75-5.609 34.89 3.484 40.47 20.25c5.922 17.77 22.48 29.7 41.23 29.7H184c39.7 0 72-32.3 72-72s-32.3-72-72-72H80c-13.2 0-25.05-8.094-29.83-20.41C45.39 239.3 48.66 225.3 58.38 216.4l131.4-120.4H32c-17.67 0-32-14.33-32-32s14.33-32 32-32h240c13.2 0 25.05 8.094 29.83 20.41c4.781 12.3 1.516 26.27-8.203 35.19l-131.4 120.4H184C258.1 208 320 269 320 344z\"><\/path><\/svg><\/div><\/div><div class=\"uagb-ifb-title-wrap\"><h3 class=\"uagb-ifb-title\">Gesti\u00f3 de Stock sota acord<\/h3><\/div><p class=\"uagb-ifb-desc\">Emmagatzemem productes acabats o semielaborats sota acords espec\u00edfics, per assegurar una <strong>resposta immediata davant de sol\u00b7licituds urgents<\/strong>. Aquest sistema permet tenir disponibilitat garantida sense saturar els magatzems del client. <\/p><\/div><\/div>\n<\/div>\n<\/div>\n<\/div><\/div>\n\n<div class=\"wp-block-uagb-container uagb-block-21a47f1a alignfull uagb-is-root-container\"><div class=\"uagb-container-inner-blocks-wrap\">\n<div class=\"wp-block-uagb-container uagb-block-cd329af1\">\n<div class=\"wp-block-uagb-advanced-heading uagb-block-7d51e568\"><h2 class=\"uagb-heading-text\">La nostra infraestructura log\u00edstica en xifres<\/h2><p class=\"uagb-desc-text\">Comptem amb un <strong>sistema log\u00edstic tecnificat i flexible<\/strong> que ens permet donar resposta \u00e0gil i segura a qualsevol necessitat de distribuci\u00f3:<\/p><\/div>\n\n\n<style>.wp-block-kadence-iconlist.kt-svg-icon-list-items2588_52472e-fb:not(.this-stops-third-party-issues){margin-top:0px;margin-bottom:0px;}.wp-block-kadence-iconlist.kt-svg-icon-list-items2588_52472e-fb ul.kt-svg-icon-list:not(.this-prevents-issues):not(.this-stops-third-party-issues):not(.tijsloc){margin-top:0px;margin-right:0px;margin-bottom:0px;margin-left:0px;padding-top:0px;padding-right:0px;padding-bottom:0px;padding-left:0px;}.wp-block-kadence-iconlist.kt-svg-icon-list-items2588_52472e-fb ul.kt-svg-icon-list{grid-row-gap:5px;}.wp-block-kadence-iconlist.kt-svg-icon-list-items2588_52472e-fb .kb-svg-icon-wrap{font-size:25px;color:var(--ast-global-color-0);}.wp-block-kadence-iconlist.kt-svg-icon-list-items2588_52472e-fb ul.kt-svg-icon-list .kt-svg-icon-list-item-wrap .kt-svg-icon-list-single{margin-right:10px;}.kt-svg-icon-list-items2588_52472e-fb ul.kt-svg-icon-list .kt-svg-icon-list-level-0 .kt-svg-icon-list-single svg{font-size:20px;}<\/style>\n<div class=\"wp-block-kadence-iconlist kt-svg-icon-list-items kt-svg-icon-list-items2588_52472e-fb kt-svg-icon-list-columns-1 alignnone kt-list-icon-aligntop\"><ul class=\"kt-svg-icon-list\"><style>.kt-svg-icon-list-item-2588_e38e39-f1 .kt-svg-icon-list-text mark.kt-highlight{background-color:unset;font-style:normal;color:#f76a0c;-webkit-box-decoration-break:clone;box-decoration-break:clone;padding-top:0px;padding-right:0px;padding-bottom:0px;padding-left:0px;}<\/style>\n<li class=\"wp-block-kadence-listitem kt-svg-icon-list-item-wrap kt-svg-icon-list-item-2588_e38e39-f1\"><span class=\"kb-svg-icon-wrap kb-svg-icon-fe_checkSquare kt-svg-icon-list-single\"><svg viewBox=\"0 0 24 24\"  fill=\"none\" stroke=\"currentColor\" stroke-width=\"2\" stroke-linecap=\"round\" stroke-linejoin=\"round\" xmlns=\"http:\/\/www.w3.org\/2000\/svg\"  aria-hidden=\"true\"><polyline points=\"9 11 12 14 22 4\"\/><path d=\"M21 12v7a2 2 0 0 1-2 2H5a2 2 0 0 1-2-2V5a2 2 0 0 1 2-2h11\"\/><\/svg><\/span><span class=\"kt-svg-icon-list-text\">Emmagatzemem m\u00e9s de <strong>100 Tn de xapa processades al mes<\/strong>.<\/span><\/li>\n\n\n<style>.kt-svg-icon-list-item-2588_b6ef49-03 .kt-svg-icon-list-text mark.kt-highlight{background-color:unset;font-style:normal;color:#f76a0c;-webkit-box-decoration-break:clone;box-decoration-break:clone;padding-top:0px;padding-right:0px;padding-bottom:0px;padding-left:0px;}<\/style>\n<li class=\"wp-block-kadence-listitem kt-svg-icon-list-item-wrap kt-svg-icon-list-item-2588_b6ef49-03\"><span class=\"kb-svg-icon-wrap kb-svg-icon-fe_checkSquare kt-svg-icon-list-single\"><svg viewBox=\"0 0 24 24\"  fill=\"none\" stroke=\"currentColor\" stroke-width=\"2\" stroke-linecap=\"round\" stroke-linejoin=\"round\" xmlns=\"http:\/\/www.w3.org\/2000\/svg\"  aria-hidden=\"true\"><polyline points=\"9 11 12 14 22 4\"\/><path d=\"M21 12v7a2 2 0 0 1-2 2H5a2 2 0 0 1-2-2V5a2 2 0 0 1 2-2h11\"\/><\/svg><\/span><span class=\"kt-svg-icon-list-text\">Gestionem fins a <strong>80 palets de material al dia<\/strong>.<\/span><\/li>\n\n\n<style>.kt-svg-icon-list-item-2588_d9cfa7-33 .kt-svg-icon-list-text mark.kt-highlight{background-color:unset;font-style:normal;color:#f76a0c;-webkit-box-decoration-break:clone;box-decoration-break:clone;padding-top:0px;padding-right:0px;padding-bottom:0px;padding-left:0px;}<\/style>\n<li class=\"wp-block-kadence-listitem kt-svg-icon-list-item-wrap kt-svg-icon-list-item-2588_d9cfa7-33\"><span class=\"kb-svg-icon-wrap kb-svg-icon-fe_checkSquare kt-svg-icon-list-single\"><svg viewBox=\"0 0 24 24\"  fill=\"none\" stroke=\"currentColor\" stroke-width=\"2\" stroke-linecap=\"round\" stroke-linejoin=\"round\" xmlns=\"http:\/\/www.w3.org\/2000\/svg\"  aria-hidden=\"true\"><polyline points=\"9 11 12 14 22 4\"\/><path d=\"M21 12v7a2 2 0 0 1-2 2H5a2 2 0 0 1-2-2V5a2 2 0 0 1 2-2h11\"\/><\/svg><\/span><span class=\"kt-svg-icon-list-text\">Disposem d&#8217;un <strong>magatzem de 750 m\u00b2 per a producte semielaborat<\/strong> i <strong>150 nivells espec\u00edfics per a xapa<\/strong>.<\/span><\/li>\n\n\n<style>.kt-svg-icon-list-item-2588_2f8d57-c0 .kt-svg-icon-list-text mark.kt-highlight{background-color:unset;font-style:normal;color:#f76a0c;-webkit-box-decoration-break:clone;box-decoration-break:clone;padding-top:0px;padding-right:0px;padding-bottom:0px;padding-left:0px;}<\/style>\n<li class=\"wp-block-kadence-listitem kt-svg-icon-list-item-wrap kt-svg-icon-list-item-2588_2f8d57-c0\"><span class=\"kb-svg-icon-wrap kb-svg-icon-fe_checkSquare kt-svg-icon-list-single\"><svg viewBox=\"0 0 24 24\"  fill=\"none\" stroke=\"currentColor\" stroke-width=\"2\" stroke-linecap=\"round\" stroke-linejoin=\"round\" xmlns=\"http:\/\/www.w3.org\/2000\/svg\"  aria-hidden=\"true\"><polyline points=\"9 11 12 14 22 4\"\/><path d=\"M21 12v7a2 2 0 0 1-2 2H5a2 2 0 0 1-2-2V5a2 2 0 0 1 2-2h11\"\/><\/svg><\/span><span class=\"kt-svg-icon-list-text\">Comptem amb un <strong>magatzem intel\u00b7ligent<\/strong>, dotat de <strong>40 safates automatitzades (2500\u00d7800 mm)<\/strong>, amb lectura per codi de barres.<\/span><\/li>\n\n\n<style>.kt-svg-icon-list-item-2588_37150b-02 .kt-svg-icon-list-text mark.kt-highlight{background-color:unset;font-style:normal;color:#f76a0c;-webkit-box-decoration-break:clone;box-decoration-break:clone;padding-top:0px;padding-right:0px;padding-bottom:0px;padding-left:0px;}<\/style>\n<li class=\"wp-block-kadence-listitem kt-svg-icon-list-item-wrap kt-svg-icon-list-item-2588_37150b-02\"><span class=\"kb-svg-icon-wrap kb-svg-icon-fe_checkSquare kt-svg-icon-list-single\"><svg viewBox=\"0 0 24 24\"  fill=\"none\" stroke=\"currentColor\" stroke-width=\"2\" stroke-linecap=\"round\" stroke-linejoin=\"round\" xmlns=\"http:\/\/www.w3.org\/2000\/svg\"  aria-hidden=\"true\"><polyline points=\"9 11 12 14 22 4\"\/><path d=\"M21 12v7a2 2 0 0 1-2 2H5a2 2 0 0 1-2-2V5a2 2 0 0 1 2-2h11\"\/><\/svg><\/span><span class=\"kt-svg-icon-list-text\">Tot el sistema est\u00e0 <strong>gestionat per ordinador en temps real<\/strong>, cosa que permet efici\u00e8ncia, tra\u00e7abilitat i control absolut sobre l&#8217;inventari i la distribuci\u00f3.<\/span><\/li>\n<\/ul><\/div>\n\n\n\n<div class=\"wp-block-uagb-advanced-heading uagb-block-f32a13ff\"><p class=\"uagb-desc-text\">Ens comprometem a complir els <strong>terminis, qualitat i requisits log\u00edstics<\/strong> de cada projecte, proporcionant un servei integral i ajustat a cada necessitat industrial.<\/p><\/div>\n<\/div>\n\n\n\n<div class=\"wp-block-uagb-container uagb-block-d2e8863c\">\n<div class=\"wp-block-uagb-image uagb-block-70389b1e wp-block-uagb-image--layout-default wp-block-uagb-image--effect-static wp-block-uagb-image--align-none\"><figure class=\"wp-block-uagb-image__figure\"><img decoding=\"async\" srcset=\"https:\/\/cofinox.es\/wp-content\/uploads\/2023\/06\/cofinox-logistica.jpg ,https:\/\/cofinox.es\/wp-content\/uploads\/2023\/06\/cofinox-logistica.jpg 780w, https:\/\/cofinox.es\/wp-content\/uploads\/2023\/06\/cofinox-logistica.jpg 360w\" sizes=\"auto, (max-width: 480px) 150px\" src=\"https:\/\/cofinox.es\/wp-content\/uploads\/2023\/06\/cofinox-logistica.jpg\" alt=\"Cofinox Acabats\" class=\"uag-image-1460\" width=\"800\" height=\"800\" title=\"cofinox-logistica\" loading=\"lazy\" role=\"img\"><\/figure><\/div>\n<\/div>\n<\/div><\/div>\n\n<div class=\"wp-block-uagb-container uagb-block-2fda406d alignfull uagb-is-root-container\"><div class=\"uagb-container-inner-blocks-wrap\">\n<div class=\"wp-block-uagb-container uagb-block-325bd423\">\n<div class=\"wp-block-uagb-advanced-heading uagb-block-bc98e064\"><h2 class=\"uagb-heading-text\">Contacta con nosotros para m\u00e1s informaci\u00f3n<\/h2><p class=\"uagb-desc-text\">\u00bfTiene alguna pregunta o necesita m\u00e1s informaci\u00f3n sobre nuestros servicios? No dude en ponerse en contacto con nosotros, <strong>le resolveremos todas sus dudas<\/strong>.<br><\/p><\/div>\n<\/div>\n\n\n\n<div class=\"wp-block-uagb-container uagb-block-23a3bbbd\">\n<div class=\"wp-block-uagb-buttons uagb-buttons__outer-wrap uagb-btn__default-btn uagb-btn-tablet__default-btn uagb-btn-mobile__default-btn uagb-block-baad099f\"><div class=\"uagb-buttons__wrap uagb-buttons-layout-wrap \">\n<div class=\"wp-block-uagb-buttons-child uagb-buttons__outer-wrap uagb-block-d1f9f290 wp-block-button is-style-outline\"><div class=\"uagb-button__wrapper\"><a class=\"uagb-buttons-repeater wp-block-button__link\" aria-label=\"\" href=\"https:\/\/cofinox.es\/contacto\/\" rel=\"follow noopener\" target=\"_self\" role=\"button\"><div class=\"uagb-button__link\">Contactar<\/div><\/a><\/div><\/div>\n<\/div><\/div>\n<\/div>\n<\/div><\/div>\n","protected":false},"excerpt":{"rendered":"<p>Log\u00edstica i distribuci\u00f3 de productes met\u00e0l\u00b7lics Efici\u00e8ncia i precisi\u00f3 en la log\u00edstica industrial de productes met\u00e0l\u00b7lics El nostre departament de log\u00edstica \u00e9s una baula clau [&hellip;]<\/p>\n","protected":false},"author":1,"featured_media":1461,"parent":0,"menu_order":0,"comment_status":"closed","ping_status":"closed","template":"","meta":{"_uag_custom_page_level_css":"","_kad_blocks_custom_css":"","_kad_blocks_head_custom_js":"","_kad_blocks_body_custom_js":"","_kad_blocks_footer_custom_js":"","site-sidebar-layout":"no-sidebar","site-content-layout":"plain-container","ast-site-content-layout":"normal-width-container","site-content-style":"unboxed","site-sidebar-style":"unboxed","ast-global-header-display":"","ast-banner-title-visibility":"","ast-main-header-display":"","ast-hfb-above-header-display":"","ast-hfb-below-header-display":"","ast-hfb-mobile-header-display":"","site-post-title":"disabled","ast-breadcrumbs-content":"","ast-featured-img":"disabled","footer-sml-layout":"","ast-disable-related-posts":"","theme-transparent-header-meta":"disabled","adv-header-id-meta":"","stick-header-meta":"","header-above-stick-meta":"","header-main-stick-meta":"","header-below-stick-meta":"","astra-migrate-meta-layouts":"set","ast-page-background-enabled":"default","ast-page-background-meta":{"desktop":{"background-color":"","background-image":"","background-repeat":"repeat","background-position":"center center","background-size":"auto","background-attachment":"scroll","background-type":"","background-media":"","overlay-type":"","overlay-color":"","overlay-opacity":"","overlay-gradient":""},"tablet":{"background-color":"","background-image":"","background-repeat":"repeat","background-position":"center center","background-size":"auto","background-attachment":"scroll","background-type":"","background-media":"","overlay-type":"","overlay-color":"","overlay-opacity":"","overlay-gradient":""},"mobile":{"background-color":"","background-image":"","background-repeat":"repeat","background-position":"center center","background-size":"auto","background-attachment":"scroll","background-type":"","background-media":"","overlay-type":"","overlay-color":"","overlay-opacity":"","overlay-gradient":""}},"ast-content-background-meta":{"desktop":{"background-color":"var(--ast-global-color-5)","background-image":"","background-repeat":"repeat","background-position":"center center","background-size":"auto","background-attachment":"scroll","background-type":"","background-media":"","overlay-type":"","overlay-color":"","overlay-opacity":"","overlay-gradient":""},"tablet":{"background-color":"var(--ast-global-color-5)","background-image":"","background-repeat":"repeat","background-position":"center center","background-size":"auto","background-attachment":"scroll","background-type":"","background-media":"","overlay-type":"","overlay-color":"","overlay-opacity":"","overlay-gradient":""},"mobile":{"background-color":"var(--ast-global-color-5)","background-image":"","background-repeat":"repeat","background-position":"center center","background-size":"auto","background-attachment":"scroll","background-type":"","background-media":"","overlay-type":"","overlay-color":"","overlay-opacity":"","overlay-gradient":""}},"footnotes":""},"class_list":["post-2591","page","type-page","status-publish","has-post-thumbnail","hentry"],"taxonomy_info":[],"featured_image_src_large":["https:\/\/cofinox.es\/wp-content\/uploads\/2023\/06\/cofinox-logistica.jpg",800,800,false],"author_info":{"display_name":"soporte.empiezapori@gmail.com","author_link":"https:\/\/cofinox.es\/ca\/author\/soporte-empiezaporigmail-com\/"},"comment_info":0,"uagb_featured_image_src":{"full":["https:\/\/cofinox.es\/wp-content\/uploads\/2023\/06\/cofinox-logistica.jpg",800,800,false],"thumbnail":["https:\/\/cofinox.es\/wp-content\/uploads\/2023\/06\/cofinox-logistica-150x150.jpg",150,150,true],"medium":["https:\/\/cofinox.es\/wp-content\/uploads\/2023\/06\/cofinox-logistica-300x300.jpg",300,300,true],"medium_large":["https:\/\/cofinox.es\/wp-content\/uploads\/2023\/06\/cofinox-logistica-768x768.jpg",768,768,true],"large":["https:\/\/cofinox.es\/wp-content\/uploads\/2023\/06\/cofinox-logistica.jpg",800,800,false],"1536x1536":["https:\/\/cofinox.es\/wp-content\/uploads\/2023\/06\/cofinox-logistica.jpg",800,800,false],"2048x2048":["https:\/\/cofinox.es\/wp-content\/uploads\/2023\/06\/cofinox-logistica.jpg",800,800,false]},"uagb_author_info":{"display_name":"soporte.empiezapori@gmail.com","author_link":"https:\/\/cofinox.es\/ca\/author\/soporte-empiezaporigmail-com\/"},"uagb_comment_info":0,"uagb_excerpt":"Log\u00edstica i distribuci\u00f3 de productes met\u00e0l\u00b7lics Efici\u00e8ncia i precisi\u00f3 en la log\u00edstica industrial de productes met\u00e0l\u00b7lics El nostre departament de log\u00edstica \u00e9s una baula clau [&hellip;]","_links":{"self":[{"href":"https:\/\/cofinox.es\/ca\/wp-json\/wp\/v2\/pages\/2591","targetHints":{"allow":["GET"]}}],"collection":[{"href":"https:\/\/cofinox.es\/ca\/wp-json\/wp\/v2\/pages"}],"about":[{"href":"https:\/\/cofinox.es\/ca\/wp-json\/wp\/v2\/types\/page"}],"author":[{"embeddable":true,"href":"https:\/\/cofinox.es\/ca\/wp-json\/wp\/v2\/users\/1"}],"replies":[{"embeddable":true,"href":"https:\/\/cofinox.es\/ca\/wp-json\/wp\/v2\/comments?post=2591"}],"version-history":[{"count":5,"href":"https:\/\/cofinox.es\/ca\/wp-json\/wp\/v2\/pages\/2591\/revisions"}],"predecessor-version":[{"id":3768,"href":"https:\/\/cofinox.es\/ca\/wp-json\/wp\/v2\/pages\/2591\/revisions\/3768"}],"wp:featuredmedia":[{"embeddable":true,"href":"https:\/\/cofinox.es\/ca\/wp-json\/wp\/v2\/media\/1461"}],"wp:attachment":[{"href":"https:\/\/cofinox.es\/ca\/wp-json\/wp\/v2\/media?parent=2591"}],"curies":[{"name":"wp","href":"https:\/\/api.w.org\/{rel}","templated":true}]}}