{"id":1606,"date":"2023-04-13T09:54:48","date_gmt":"2023-04-13T07:54:48","guid":{"rendered":"https:\/\/cofinox.es\/nos-valeurs\/"},"modified":"2025-06-20T09:04:15","modified_gmt":"2025-06-20T07:04:15","slug":"nos-valeurs","status":"publish","type":"page","link":"https:\/\/cofinox.es\/fr\/nos-valeurs\/","title":{"rendered":"Nos valeurs"},"content":{"rendered":"\n<div class=\"wp-block-uagb-container uagb-block-43a3151d alignfull uagb-is-root-container\"><div class=\"uagb-container-inner-blocks-wrap\">\n<div class=\"wp-block-uagb-advanced-heading uagb-block-8db18aad\"><h1 class=\"uagb-heading-text\">NOS VALEURS<\/h1><\/div>\n<\/div><\/div>\n\n<div class=\"wp-block-uagb-advanced-heading uagb-block-4d905045\"><h2 class=\"uagb-heading-text\">Chez Cofinox, nous nous effor\u00e7ons d&rsquo;atteindre les objectifs de d\u00e9veloppement durable fix\u00e9s par les Nations unies et nous travaillons quotidiennement pour contribuer au bien-\u00eatre des personnes et de la plan\u00e8te gr\u00e2ce \u00e0 nos actions et pratiques durables.<\/h2><\/div>\n\n<div class=\"wp-block-uagb-container uagb-block-181f168c alignfull uagb-is-root-container\">\n<div class=\"wp-block-uagb-container uagb-block-be82b633\">\n<div class=\"wp-block-uagb-info-box uagb-block-e27f27e2 uagb-infobox__content-wrap  uagb-infobox-icon-above-title uagb-infobox-image-valign-top\"><div class=\"uagb-ifb-content\"><div class=\"uagb-ifb-image-content\"><img decoding=\"async\" src=\"https:\/\/cofinox.es\/wp-content\/uploads\/2023\/04\/cofinox-salud-bienestar.jpg\" alt=\"\" width=\"100\" height=\"98\" loading=\"lazy\"\/><\/div><div class=\"uagb-ifb-title-wrap\"><h3 class=\"uagb-ifb-title\">Sant\u00e9 et bien-\u00eatre<\/h3><\/div><p class=\"uagb-ifb-desc\">Nous nous soucions de la sant\u00e9 et du bien-\u00eatre de nos employ\u00e9s. Nous veillons donc \u00e0 respecter toutes les r\u00e9glementations en mati\u00e8re de sant\u00e9 et de s\u00e9curit\u00e9 au travail.<\/p><\/div><\/div>\n<\/div>\n\n\n\n<div class=\"wp-block-uagb-container uagb-block-662a76ea\">\n<div class=\"wp-block-uagb-info-box uagb-block-de6c8714 uagb-infobox__content-wrap  uagb-infobox-icon-above-title uagb-infobox-image-valign-top\"><div class=\"uagb-ifb-content\"><div class=\"uagb-ifb-image-content\"><img decoding=\"async\" src=\"https:\/\/cofinox.es\/wp-content\/uploads\/2023\/04\/cofinox-igualdad-genero.jpg\" alt=\"\" width=\"100\" height=\"98\" loading=\"lazy\"\/><\/div><div class=\"uagb-ifb-title-wrap\"><h3 class=\"uagb-ifb-title\">\u00c9galit\u00e9 entre les hommes et les femmes<\/h3><\/div><p class=\"uagb-ifb-desc\">Nous promouvons l&rsquo;\u00e9galit\u00e9 des sexes et la diversit\u00e9, en nous effor\u00e7ant de cr\u00e9er un environnement inclusif et respectueux. En outre, nous promouvons l&rsquo;\u00e9galit\u00e9 des chances et l&rsquo;acc\u00e8s \u00e0 la formation et au d\u00e9veloppement professionnel pour tous.<\/p><\/div><\/div>\n<\/div>\n\n\n\n<div class=\"wp-block-uagb-container uagb-block-647a6fdb\">\n<div class=\"wp-block-uagb-info-box uagb-block-2b07c0e4 uagb-infobox__content-wrap  uagb-infobox-icon-above-title uagb-infobox-image-valign-top\"><div class=\"uagb-ifb-content\"><div class=\"uagb-ifb-image-content\"><img decoding=\"async\" src=\"https:\/\/cofinox.es\/wp-content\/uploads\/2023\/04\/cofinox-agua-limpia-sostenible.jpg\" alt=\"\" width=\"100\" height=\"98\" loading=\"lazy\"\/><\/div><div class=\"uagb-ifb-title-wrap\"><h3 class=\"uagb-ifb-title\">Eau propre et assainissement<\/h3><\/div><p class=\"uagb-ifb-desc\">La gestion de l&rsquo;eau est fondamentale pour notre activit\u00e9. Nous nous effor\u00e7ons de r\u00e9duire la consommation d&rsquo;eau dans nos processus de production et de garantir une utilisation responsable et durable dans toutes nos activit\u00e9s.<\/p><\/div><\/div>\n<\/div>\n\n\n\n<div class=\"wp-block-uagb-container uagb-block-5122c26b\">\n<div class=\"wp-block-uagb-info-box uagb-block-ffa868db uagb-infobox__content-wrap  uagb-infobox-icon-above-title uagb-infobox-image-valign-top\"><div class=\"uagb-ifb-content\"><div class=\"uagb-ifb-image-content\"><img decoding=\"async\" src=\"https:\/\/cofinox.es\/wp-content\/uploads\/2023\/04\/cofinox-energia-sostenible.jpg\" alt=\"\" width=\"100\" height=\"98\" loading=\"lazy\"\/><\/div><div class=\"uagb-ifb-title-wrap\"><h3 class=\"uagb-ifb-title\">\u00c9nergie durable<\/h3><\/div><p class=\"uagb-ifb-desc\">Nous cherchons \u00e0 r\u00e9duire notre impact sur l&rsquo;environnement et encourageons l&rsquo;utilisation d&rsquo;\u00e9nergies renouvelables. Nous avons donc mis en \u0153uvre diverses mesures pour r\u00e9duire notre consommation d&rsquo;\u00e9nergie et accro\u00eetre l&rsquo;utilisation d&rsquo;\u00e9nergies propres et durables.<\/p><\/div><\/div>\n<\/div>\n<\/div>\n\n<div class=\"wp-block-uagb-container uagb-block-407c6d9d alignfull uagb-is-root-container\">\n<div class=\"wp-block-uagb-container uagb-block-cb07e6cf\">\n<div class=\"wp-block-uagb-info-box uagb-block-08850efd uagb-infobox__content-wrap  uagb-infobox-icon-above-title uagb-infobox-image-valign-top\"><div class=\"uagb-ifb-content\"><div class=\"uagb-ifb-image-content\"><img decoding=\"async\" src=\"https:\/\/cofinox.es\/wp-content\/uploads\/2023\/04\/cofinox-crecimiento.jpg\" alt=\"\" width=\"100\" height=\"98\" loading=\"lazy\"\/><\/div><div class=\"uagb-ifb-title-wrap\"><h3 class=\"uagb-ifb-title\">Travail d\u00e9cent et croissance \u00e9conomique<\/h3><\/div><p class=\"uagb-ifb-desc\">Nous nous effor\u00e7ons d&rsquo;offrir \u00e0 nos employ\u00e9s un emploi digne et s\u00fbr et d&rsquo;encourager leur d\u00e9veloppement professionnel et personnel. En outre, notre entreprise contribue \u00e0 la croissance \u00e9conomique de la r\u00e9gion et du pays par la cr\u00e9ation d&#8217;emplois et l&rsquo;investissement dans la technologie et l&rsquo;innovation.<\/p><\/div><\/div>\n<\/div>\n\n\n\n<div class=\"wp-block-uagb-container uagb-block-0536549b\">\n<div class=\"wp-block-uagb-info-box uagb-block-25cc51c0 uagb-infobox__content-wrap  uagb-infobox-icon-above-title uagb-infobox-image-valign-top\"><div class=\"uagb-ifb-content\"><div class=\"uagb-ifb-image-content\"><img decoding=\"async\" src=\"https:\/\/cofinox.es\/wp-content\/uploads\/2023\/04\/cofinox-industria.jpg\" alt=\"\" width=\"100\" height=\"98\" loading=\"lazy\"\/><\/div><div class=\"uagb-ifb-title-wrap\"><h3 class=\"uagb-ifb-title\">Industrie, innovation et infrastructure<\/h3><\/div><p class=\"uagb-ifb-desc\">L&rsquo;innovation et l&rsquo;am\u00e9lioration constante sont fondamentales pour notre entreprise. Nous visons l&rsquo;excellence dans nos processus et nos produits, et nous nous effor\u00e7ons de d\u00e9velopper des technologies plus efficaces et plus durables pour l&rsquo;industrie du travail des m\u00e9taux.<\/p><\/div><\/div>\n<\/div>\n\n\n\n<div class=\"wp-block-uagb-container uagb-block-ee792a16\">\n<div class=\"wp-block-uagb-info-box uagb-block-d2c8e3b2 uagb-infobox__content-wrap  uagb-infobox-icon-above-title uagb-infobox-image-valign-top\"><div class=\"uagb-ifb-content\"><div class=\"uagb-ifb-image-content\"><img decoding=\"async\" src=\"https:\/\/cofinox.es\/wp-content\/uploads\/2023\/04\/cofinox-consumo-sostenible.jpg\" alt=\"\" width=\"100\" height=\"98\" loading=\"lazy\"\/><\/div><div class=\"uagb-ifb-title-wrap\"><h3 class=\"uagb-ifb-title\">Production et consommation durables<\/h3><\/div><p class=\"uagb-ifb-desc\">Nous nous engageons \u00e0 produire de mani\u00e8re durable, en minimisant notre impact sur l&rsquo;environnement. \u00c0 cette fin, nous mettons en \u0153uvre des pratiques responsables dans nos processus de production et encourageons l&rsquo;utilisation responsable et durable de nos produits.<\/p><\/div><\/div>\n<\/div>\n\n\n\n<div class=\"wp-block-uagb-container uagb-block-fe1016f0\"><\/div>\n<\/div>\n","protected":false},"excerpt":{"rendered":"<p>NOS VALEURS Chez Cofinox, nous nous effor\u00e7ons d&rsquo;atteindre les objectifs de d\u00e9veloppement durable fix\u00e9s par les Nations unies et nous travaillons quotidiennement pour contribuer au [&hellip;]<\/p>\n","protected":false},"author":1,"featured_media":0,"parent":0,"menu_order":0,"comment_status":"closed","ping_status":"closed","template":"","meta":{"_uag_custom_page_level_css":"","_kad_blocks_custom_css":"","_kad_blocks_head_custom_js":"","_kad_blocks_body_custom_js":"","_kad_blocks_footer_custom_js":"","site-sidebar-layout":"no-sidebar","site-content-layout":"page-builder","ast-site-content-layout":"full-width-container","site-content-style":"unboxed","site-sidebar-style":"unboxed","ast-global-header-display":"","ast-banner-title-visibility":"","ast-main-header-display":"","ast-hfb-above-header-display":"","ast-hfb-below-header-display":"","ast-hfb-mobile-header-display":"","site-post-title":"disabled","ast-breadcrumbs-content":"","ast-featured-img":"","footer-sml-layout":"","ast-disable-related-posts":"","theme-transparent-header-meta":"","adv-header-id-meta":"","stick-header-meta":"","header-above-stick-meta":"","header-main-stick-meta":"","header-below-stick-meta":"","astra-migrate-meta-layouts":"default","ast-page-background-enabled":"default","ast-page-background-meta":{"desktop":{"background-color":"","background-image":"","background-repeat":"repeat","background-position":"center center","background-size":"auto","background-attachment":"scroll","background-type":"","background-media":"","overlay-type":"","overlay-color":"","overlay-opacity":"","overlay-gradient":""},"tablet":{"background-color":"","background-image":"","background-repeat":"repeat","background-position":"center center","background-size":"auto","background-attachment":"scroll","background-type":"","background-media":"","overlay-type":"","overlay-color":"","overlay-opacity":"","overlay-gradient":""},"mobile":{"background-color":"","background-image":"","background-repeat":"repeat","background-position":"center center","background-size":"auto","background-attachment":"scroll","background-type":"","background-media":"","overlay-type":"","overlay-color":"","overlay-opacity":"","overlay-gradient":""}},"ast-content-background-meta":{"desktop":{"background-color":"var(--ast-global-color-5)","background-image":"","background-repeat":"repeat","background-position":"center center","background-size":"auto","background-attachment":"scroll","background-type":"","background-media":"","overlay-type":"","overlay-color":"","overlay-opacity":"","overlay-gradient":""},"tablet":{"background-color":"var(--ast-global-color-5)","background-image":"","background-repeat":"repeat","background-position":"center center","background-size":"auto","background-attachment":"scroll","background-type":"","background-media":"","overlay-type":"","overlay-color":"","overlay-opacity":"","overlay-gradient":""},"mobile":{"background-color":"var(--ast-global-color-5)","background-image":"","background-repeat":"repeat","background-position":"center center","background-size":"auto","background-attachment":"scroll","background-type":"","background-media":"","overlay-type":"","overlay-color":"","overlay-opacity":"","overlay-gradient":""}},"footnotes":""},"class_list":["post-1606","page","type-page","status-publish","hentry"],"taxonomy_info":[],"featured_image_src_large":false,"author_info":{"display_name":"soporte.empiezapori@gmail.com","author_link":"https:\/\/cofinox.es\/fr\/author\/soporte-empiezaporigmail-com\/"},"comment_info":0,"uagb_featured_image_src":{"full":false,"thumbnail":false,"medium":false,"medium_large":false,"large":false,"1536x1536":false,"2048x2048":false},"uagb_author_info":{"display_name":"soporte.empiezapori@gmail.com","author_link":"https:\/\/cofinox.es\/fr\/author\/soporte-empiezaporigmail-com\/"},"uagb_comment_info":0,"uagb_excerpt":"NOS VALEURS Chez Cofinox, nous nous effor\u00e7ons d&rsquo;atteindre les objectifs de d\u00e9veloppement durable fix\u00e9s par les Nations unies et nous travaillons quotidiennement pour contribuer au [&hellip;]","_links":{"self":[{"href":"https:\/\/cofinox.es\/fr\/wp-json\/wp\/v2\/pages\/1606","targetHints":{"allow":["GET"]}}],"collection":[{"href":"https:\/\/cofinox.es\/fr\/wp-json\/wp\/v2\/pages"}],"about":[{"href":"https:\/\/cofinox.es\/fr\/wp-json\/wp\/v2\/types\/page"}],"author":[{"embeddable":true,"href":"https:\/\/cofinox.es\/fr\/wp-json\/wp\/v2\/users\/1"}],"replies":[{"embeddable":true,"href":"https:\/\/cofinox.es\/fr\/wp-json\/wp\/v2\/comments?post=1606"}],"version-history":[{"count":1,"href":"https:\/\/cofinox.es\/fr\/wp-json\/wp\/v2\/pages\/1606\/revisions"}],"predecessor-version":[{"id":1607,"href":"https:\/\/cofinox.es\/fr\/wp-json\/wp\/v2\/pages\/1606\/revisions\/1607"}],"wp:attachment":[{"href":"https:\/\/cofinox.es\/fr\/wp-json\/wp\/v2\/media?parent=1606"}],"curies":[{"name":"wp","href":"https:\/\/api.w.org\/{rel}","templated":true}]}}