{"id":1610,"date":"2023-04-12T16:12:39","date_gmt":"2023-04-12T14:12:39","guid":{"rendered":"https:\/\/cofinox.es\/avis-juridique\/"},"modified":"2025-07-09T13:09:22","modified_gmt":"2025-07-09T11:09:22","slug":"avis-juridique","status":"publish","type":"page","link":"https:\/\/cofinox.es\/fr\/avis-juridique\/","title":{"rendered":"Avis juridique"},"content":{"rendered":"\n<p>Conform\u00e9ment \u00e0 l&rsquo;obligation d&rsquo;information pr\u00e9vue \u00e0 l&rsquo;article 10 de la loi 34\/2002, du 11 juillet, sur les services de la soci\u00e9t\u00e9 de l&rsquo;information et le commerce \u00e9lectronique, nous vous informons que le contenu de ce site web <a href=\"http:\/\/www.cofinox.com\" target=\"_blank\" rel=\"noopener\">www.cofinox.com<\/a> appartient \u00e0 :<\/p>\n\n<p><strong>Nom : <\/strong>Cofinox, S.L.<br\/><strong>Adresse :<\/strong> Carretera de Molins a Sabadell, km 13, Nave 2- 3 et 5, Pol\u00edgono Industrial Can Ros\u00e8s. 08191 &#8211; Rub\u00ed (Barcelone)<br\/><strong>NUM\u00c9RO DE TVA :<\/strong> B-59587915<br\/><strong>Courriel : <\/strong>cofinox@cofinox.com<\/p>\n\n<p>Le pr\u00e9sent avis juridique r\u00e9git l&rsquo;acc\u00e8s, la navigation et l&rsquo;utilisation du site Web que Cofinox, S.L. met \u00e0 la disposition des utilisateurs d&rsquo;Internet. Par cons\u00e9quent, l&rsquo;acc\u00e8s au site web implique la condition d&rsquo;utilisateur et, donc, l&rsquo;acceptation des conditions d&rsquo;utilisation du site web. Si vous n&rsquo;\u00eates pas d&rsquo;accord avec les conditions g\u00e9n\u00e9rales, vous devez vous abstenir d&rsquo;utiliser le site web.<\/p>\n\n<p>L&rsquo;utilisateur est inform\u00e9 et accepte que l&rsquo;acc\u00e8s \u00e0 ce site web n&rsquo;implique en aucun cas le d\u00e9but d&rsquo;une relation commerciale avec Cofinox, S.L.\u00a1.<\/p>\n\n<p>En acc\u00e9dant et en naviguant sur le site, l&rsquo;utilisateur reconna\u00eet avoir pris connaissance des conditions d&rsquo;utilisation du site et les accepter sans r\u00e9serve.<\/p>\n\n<p><strong>Propri\u00e9t\u00e9 intellectuelle.<\/strong><\/p>\n\n<p>Le propri\u00e9taire du site <a href=\"http:\/\/www.cofinox.com\" target=\"_blank\" rel=\"noopener\">www.cofinox.com<\/a> se r\u00e9serve tous les droits sur le contenu textuel et graphique du site et des r\u00e9seaux sociaux qui y figurent.<\/p>\n\n<p>Toute utilisation des contenus du site web, en particulier des images, du design, des \u0153uvres, des marques, des logos, du code source et de tout autre objet de protection, est interdite sans l&rsquo;autorisation expresse du propri\u00e9taire, \u00e0 l&rsquo;exception de la possibilit\u00e9 de partager les contenus lorsque Cofinox, S.L. l&rsquo;autorise.<\/p>\n\n<p>Le propri\u00e9taire du site n&rsquo;accorde \u00e0 l&rsquo;utilisateur aucun type de licence ou d&rsquo;autorisation d&rsquo;utilisation sur ses droits de propri\u00e9t\u00e9 intellectuelle et industrielle ou sur tout autre droit li\u00e9 au site et aux services qui y sont propos\u00e9s.<\/p>\n\n<p>Par cons\u00e9quent, l&rsquo;utilisateur reconna\u00eet que la reproduction, la distribution, la commercialisation, la transformation et, en g\u00e9n\u00e9ral, toute autre forme d&rsquo;exploitation, par quelque proc\u00e9d\u00e9 que ce soit, de tout ou partie du contenu de ce site web constitue une infraction aux droits de propri\u00e9t\u00e9 intellectuelle et peut donner lieu \u00e0 l&rsquo;exercice par le propri\u00e9taire du site web de toutes les actions judiciaires ou extrajudiciaires pouvant correspondre \u00e0 l&rsquo;exercice de ses droits.<\/p>\n\n<p><strong>3.- Protection des donn\u00e9es.<\/strong><\/p>\n\n<p>Cofinox, S.L., en tant que responsable du site web et conform\u00e9ment \u00e0 la loi 3\/2018 du 5 d\u00e9cembre sur la protection des donn\u00e9es personnelles et conform\u00e9ment au RGPD, vous informe que les donn\u00e9es personnelles que vous fournissez volontairement seront incluses dans un fichier, cr\u00e9\u00e9 sous notre responsabilit\u00e9, afin de g\u00e9rer vos demandes et\/ou requ\u00eates, ainsi que pour vous envoyer des informations sur les activit\u00e9s ou services li\u00e9s \u00e0 l&rsquo;objet social de l&rsquo;entreprise. Vous pouvez exercer vos droits d&rsquo;acc\u00e8s, de rectification, d&rsquo;annulation et d&rsquo;opposition en envoyant une lettre \u00e0 cet effet (accompagn\u00e9e d&rsquo;une copie d&rsquo;un document officiel permettant de vous identifier) \u00e0 notre si\u00e8ge social, Carretera de Molins a Sabadell, km 13, Nave 5, Pol\u00edgono Industrial Can Ros\u00e8s, 08191, Rub\u00ed (Barcelona).<\/p>\n\n<p>Le responsable du traitement s&rsquo;engage \u00e0 respecter l&rsquo;obligation de confidentialit\u00e9 des donn\u00e9es personnelles que vous nous fournissez, \u00e0 les traiter de mani\u00e8re confidentielle et \u00e0 les conserver en adoptant les mesures n\u00e9cessaires pour \u00e9viter leur alt\u00e9ration, leur perte, leur traitement ou leur acc\u00e8s non autoris\u00e9, en tenant compte de l&rsquo;\u00e9tat de la technologie \u00e0 tout moment.<\/p>\n\n<p>Les utilisateurs qui soumettent leurs donn\u00e9es personnelles pour l&rsquo;une des fonctionnalit\u00e9s du site web doivent accepter la politique de confidentialit\u00e9.<\/p>\n\n<p><strong>4.- Les r\u00e9seaux sociaux.<\/strong><\/p>\n\n<p>Nous vous informons que nous sommes pr\u00e9sents sur les r\u00e9seaux sociaux. Le traitement des donn\u00e9es des personnes qui deviennent followers (et\/ou r\u00e9alisent tout lien ou action de connexion \u00e0 travers les r\u00e9seaux sociaux) des pages officielles de Cofinox, S.L. sur les r\u00e9seaux sociaux, sera r\u00e9gi par cette section, ainsi que par les conditions d&rsquo;utilisation, les politiques de confidentialit\u00e9 et autres r\u00e8glements d&rsquo;acc\u00e8s, d&rsquo;utilisation et similaires qui appartiennent au r\u00e9seau social correspondant, dont l&rsquo;utilisateur des r\u00e9seaux sociaux, aura d\u00e9j\u00e0 accept\u00e9. Cofinox, S.L., traitera vos donn\u00e9es dans le but de g\u00e9rer correctement votre pr\u00e9sence dans le r\u00e9seau social correspondant, de vous informer des activit\u00e9s, produits ou services de Cofinox, S.L., ou de tiers qui peuvent \u00eatre li\u00e9s \u00e0 notre activit\u00e9, ainsi que pour toute autre finalit\u00e9 que la r\u00e9glementation des r\u00e9seaux sociaux peut permettre.<\/p>\n\n<p><strong>5.- Publicit\u00e9.<\/strong><\/p>\n\n<p>Le site web peut contenir de la publicit\u00e9 ou du contenu sponsoris\u00e9. Les annonceurs ou les sponsors sont seuls responsables de la conformit\u00e9 du mat\u00e9riel soumis pour inclusion sur le site web avec les lois applicables. Cofinox, S.L. n&rsquo;est en aucun cas responsable du contenu publicitaire ou des sponsors inclus sur le site web.<\/p>\n\n<p><strong>6.- Liens.<\/strong><\/p>\n\n<p>Cofinox, S.L. n&rsquo;est pas responsable des contenus auxquels renvoient, le cas \u00e9ch\u00e9ant, les liens pr\u00e9sents sur le site, conform\u00e9ment aux dispositions de l&rsquo;article 17 de la loi 34\/2002, du 11 juillet (LSSI).<\/p>\n\n<p><strong>7.-Responsabilit\u00e9.<\/strong><\/p>\n\n<p>L&rsquo;utilisateur est responsable des dommages de toute nature que Cofinox, S.L. pourrait subir en cons\u00e9quence du non-respect de l&rsquo;une des obligations des pr\u00e9sentes conditions d&rsquo;utilisation.<\/p>\n\n<p>L&rsquo;utilisateur s&rsquo;engage \u00e0 utiliser le site web conform\u00e9ment \u00e0 la loi, aux pr\u00e9sentes conditions d&rsquo;utilisation, aux bonnes coutumes et \u00e0 l&rsquo;ordre public. De m\u00eame, l&rsquo;utilisateur s&rsquo;engage \u00e0 ne pas utiliser le site web, ses contenus ou les services fournis par son interm\u00e9diaire \u00e0 des fins ou \u00e0 des effets illicites, contraires aux pr\u00e9sentes conditions, ou pr\u00e9judiciables aux int\u00e9r\u00eats ou aux droits de tiers, ou susceptibles d&rsquo;endommager, de rendre inaccessible ou de d\u00e9t\u00e9riorer le site web, ses contenus ou d&#8217;emp\u00eacher l&rsquo;utilisation normale de ceux-ci par d&rsquo;autres utilisateurs.<\/p>\n\n<p><strong>Droit applicable.<\/strong><\/p>\n\n<p>Les conditions d&rsquo;utilisation sont r\u00e9gies dans tous leurs aspects par la loi espagnole. Pour la r\u00e9solution de tout litige d\u00e9coulant de l&rsquo;interpr\u00e9tation ou de l&rsquo;application des contenus ou des services envisag\u00e9s sur le site web, les parties conviennent express\u00e9ment de se soumettre aux cours et tribunaux de la ville de Barcelone, en renon\u00e7ant \u00e0 toute autre juridiction g\u00e9n\u00e9rale ou sp\u00e9ciale \u00e0 laquelle elles pourraient pr\u00e9tendre.<\/p>\n","protected":false},"excerpt":{"rendered":"<p>Conform\u00e9ment \u00e0 l&rsquo;obligation d&rsquo;information pr\u00e9vue \u00e0 l&rsquo;article 10 de la loi 34\/2002, du 11 juillet, sur les services de la soci\u00e9t\u00e9 de l&rsquo;information et le [&hellip;]<\/p>\n","protected":false},"author":1,"featured_media":0,"parent":0,"menu_order":0,"comment_status":"closed","ping_status":"closed","template":"","meta":{"_uag_custom_page_level_css":"","_kad_blocks_custom_css":"","_kad_blocks_head_custom_js":"","_kad_blocks_body_custom_js":"","_kad_blocks_footer_custom_js":"","site-sidebar-layout":"default","site-content-layout":"","ast-site-content-layout":"default","site-content-style":"default","site-sidebar-style":"default","ast-global-header-display":"","ast-banner-title-visibility":"","ast-main-header-display":"","ast-hfb-above-header-display":"","ast-hfb-below-header-display":"","ast-hfb-mobile-header-display":"","site-post-title":"","ast-breadcrumbs-content":"","ast-featured-img":"","footer-sml-layout":"","ast-disable-related-posts":"","theme-transparent-header-meta":"","adv-header-id-meta":"","stick-header-meta":"","header-above-stick-meta":"","header-main-stick-meta":"","header-below-stick-meta":"","astra-migrate-meta-layouts":"set","ast-page-background-enabled":"default","ast-page-background-meta":{"desktop":{"background-color":"","background-image":"","background-repeat":"repeat","background-position":"center center","background-size":"auto","background-attachment":"scroll","background-type":"","background-media":"","overlay-type":"","overlay-color":"","overlay-opacity":"","overlay-gradient":""},"tablet":{"background-color":"","background-image":"","background-repeat":"repeat","background-position":"center center","background-size":"auto","background-attachment":"scroll","background-type":"","background-media":"","overlay-type":"","overlay-color":"","overlay-opacity":"","overlay-gradient":""},"mobile":{"background-color":"","background-image":"","background-repeat":"repeat","background-position":"center center","background-size":"auto","background-attachment":"scroll","background-type":"","background-media":"","overlay-type":"","overlay-color":"","overlay-opacity":"","overlay-gradient":""}},"ast-content-background-meta":{"desktop":{"background-color":"var(--ast-global-color-5)","background-image":"","background-repeat":"repeat","background-position":"center center","background-size":"auto","background-attachment":"scroll","background-type":"","background-media":"","overlay-type":"","overlay-color":"","overlay-opacity":"","overlay-gradient":""},"tablet":{"background-color":"var(--ast-global-color-5)","background-image":"","background-repeat":"repeat","background-position":"center center","background-size":"auto","background-attachment":"scroll","background-type":"","background-media":"","overlay-type":"","overlay-color":"","overlay-opacity":"","overlay-gradient":""},"mobile":{"background-color":"var(--ast-global-color-5)","background-image":"","background-repeat":"repeat","background-position":"center center","background-size":"auto","background-attachment":"scroll","background-type":"","background-media":"","overlay-type":"","overlay-color":"","overlay-opacity":"","overlay-gradient":""}},"footnotes":""},"class_list":["post-1610","page","type-page","status-publish","hentry"],"taxonomy_info":[],"featured_image_src_large":false,"author_info":{"display_name":"soporte.empiezapori@gmail.com","author_link":"https:\/\/cofinox.es\/fr\/author\/soporte-empiezaporigmail-com\/"},"comment_info":0,"uagb_featured_image_src":{"full":false,"thumbnail":false,"medium":false,"medium_large":false,"large":false,"1536x1536":false,"2048x2048":false},"uagb_author_info":{"display_name":"soporte.empiezapori@gmail.com","author_link":"https:\/\/cofinox.es\/fr\/author\/soporte-empiezaporigmail-com\/"},"uagb_comment_info":0,"uagb_excerpt":"Conform\u00e9ment \u00e0 l&rsquo;obligation d&rsquo;information pr\u00e9vue \u00e0 l&rsquo;article 10 de la loi 34\/2002, du 11 juillet, sur les services de la soci\u00e9t\u00e9 de l&rsquo;information et le [&hellip;]","_links":{"self":[{"href":"https:\/\/cofinox.es\/fr\/wp-json\/wp\/v2\/pages\/1610","targetHints":{"allow":["GET"]}}],"collection":[{"href":"https:\/\/cofinox.es\/fr\/wp-json\/wp\/v2\/pages"}],"about":[{"href":"https:\/\/cofinox.es\/fr\/wp-json\/wp\/v2\/types\/page"}],"author":[{"embeddable":true,"href":"https:\/\/cofinox.es\/fr\/wp-json\/wp\/v2\/users\/1"}],"replies":[{"embeddable":true,"href":"https:\/\/cofinox.es\/fr\/wp-json\/wp\/v2\/comments?post=1610"}],"version-history":[{"count":4,"href":"https:\/\/cofinox.es\/fr\/wp-json\/wp\/v2\/pages\/1610\/revisions"}],"predecessor-version":[{"id":3636,"href":"https:\/\/cofinox.es\/fr\/wp-json\/wp\/v2\/pages\/1610\/revisions\/3636"}],"wp:attachment":[{"href":"https:\/\/cofinox.es\/fr\/wp-json\/wp\/v2\/media?parent=1610"}],"curies":[{"name":"wp","href":"https:\/\/api.w.org\/{rel}","templated":true}]}}