{"id":1628,"date":"2022-11-10T18:04:35","date_gmt":"2022-11-10T17:04:35","guid":{"rendered":"https:\/\/cofinox.es\/politique-de-confidentialite\/"},"modified":"2025-07-09T13:09:59","modified_gmt":"2025-07-09T11:09:59","slug":"politique-de-confidentialite","status":"publish","type":"page","link":"https:\/\/cofinox.es\/fr\/politique-de-confidentialite\/","title":{"rendered":"Politique de confidentialit\u00e9"},"content":{"rendered":"\n<p>Les donn\u00e9es personnelles fournies par le biais de ce formulaire seront incluses dans un fichier appartenant \u00e0 Cofinox, S.L. avec le num\u00e9ro CIF. B59587915, domicili\u00e9 \u00e0 Carretera de Molins a Sabadell, km. 13, Nave 5, Pol\u00edgono Industrial Can Ros\u00e8s, 08191, Rub\u00ed (Barcelona), d\u00fbment inscrit au Registre g\u00e9n\u00e9ral de protection des donn\u00e9es et dont l&rsquo;objet est de g\u00e9rer des informations sur des produits ou des services, de r\u00e9pondre \u00e0 des demandes et d&rsquo;envoyer des informations d&rsquo;int\u00e9r\u00eat par le biais de communications \u00e9lectroniques.<\/p>\n\n<p>2) En fournissant vos donn\u00e9es, et conform\u00e9ment aux dispositions de l&rsquo;article 6 de la loi organique 3\/2018, du 5 d\u00e9cembre, sur la protection des donn\u00e9es personnelles, vous consentez express\u00e9ment et sans \u00e9quivoque au traitement de vos donn\u00e9es aux fins indiqu\u00e9es dans la section pr\u00e9c\u00e9dente.<\/p>\n\n<p>3. Cofinox, S.L. s&rsquo;engage \u00e0 respecter l&rsquo;obligation de confidentialit\u00e9 des donn\u00e9es personnelles qui lui sont fournies, \u00e0 les traiter de mani\u00e8re confidentielle et \u00e0 les conserver en adoptant les mesures n\u00e9cessaires pour \u00e9viter leur alt\u00e9ration, perte, traitement ou acc\u00e8s non autoris\u00e9, en tenant compte de l&rsquo;\u00e9tat de la technologie \u00e0 tout moment.<\/p>\n\n<p>4. Vous pouvez \u00e0 tout moment exercer vos droits d&rsquo;acc\u00e8s, de rectification, d&rsquo;opposition et, le cas \u00e9ch\u00e9ant, d&rsquo;annulation, en \u00e9crivant \u00e0 notre si\u00e8ge social, Carretera de Molins a Sabadell, km. 13, Nave 5, Pol\u00edgono Industrial Can Ros\u00e8s, 08191, Rub\u00ed (Barcelona), accompagn\u00e9 d&rsquo;une copie d&rsquo;un document officiel qui vous identifie.<\/p>\n","protected":false},"excerpt":{"rendered":"<p>Les donn\u00e9es personnelles fournies par le biais de ce formulaire seront incluses dans un fichier appartenant \u00e0 Cofinox, S.L. avec le num\u00e9ro CIF. B59587915, domicili\u00e9 [&hellip;]<\/p>\n","protected":false},"author":1,"featured_media":0,"parent":0,"menu_order":0,"comment_status":"closed","ping_status":"open","template":"","meta":{"_uag_custom_page_level_css":"","_kad_blocks_custom_css":"","_kad_blocks_head_custom_js":"","_kad_blocks_body_custom_js":"","_kad_blocks_footer_custom_js":"","site-sidebar-layout":"default","site-content-layout":"","ast-site-content-layout":"default","site-content-style":"default","site-sidebar-style":"default","ast-global-header-display":"","ast-banner-title-visibility":"","ast-main-header-display":"","ast-hfb-above-header-display":"","ast-hfb-below-header-display":"","ast-hfb-mobile-header-display":"","site-post-title":"","ast-breadcrumbs-content":"","ast-featured-img":"","footer-sml-layout":"","ast-disable-related-posts":"","theme-transparent-header-meta":"","adv-header-id-meta":"","stick-header-meta":"","header-above-stick-meta":"","header-main-stick-meta":"","header-below-stick-meta":"","astra-migrate-meta-layouts":"set","ast-page-background-enabled":"default","ast-page-background-meta":{"desktop":{"background-color":"","background-image":"","background-repeat":"repeat","background-position":"center center","background-size":"auto","background-attachment":"scroll","background-type":"","background-media":"","overlay-type":"","overlay-color":"","overlay-opacity":"","overlay-gradient":""},"tablet":{"background-color":"","background-image":"","background-repeat":"repeat","background-position":"center center","background-size":"auto","background-attachment":"scroll","background-type":"","background-media":"","overlay-type":"","overlay-color":"","overlay-opacity":"","overlay-gradient":""},"mobile":{"background-color":"","background-image":"","background-repeat":"repeat","background-position":"center center","background-size":"auto","background-attachment":"scroll","background-type":"","background-media":"","overlay-type":"","overlay-color":"","overlay-opacity":"","overlay-gradient":""}},"ast-content-background-meta":{"desktop":{"background-color":"var(--ast-global-color-5)","background-image":"","background-repeat":"repeat","background-position":"center center","background-size":"auto","background-attachment":"scroll","background-type":"","background-media":"","overlay-type":"","overlay-color":"","overlay-opacity":"","overlay-gradient":""},"tablet":{"background-color":"var(--ast-global-color-5)","background-image":"","background-repeat":"repeat","background-position":"center center","background-size":"auto","background-attachment":"scroll","background-type":"","background-media":"","overlay-type":"","overlay-color":"","overlay-opacity":"","overlay-gradient":""},"mobile":{"background-color":"var(--ast-global-color-5)","background-image":"","background-repeat":"repeat","background-position":"center center","background-size":"auto","background-attachment":"scroll","background-type":"","background-media":"","overlay-type":"","overlay-color":"","overlay-opacity":"","overlay-gradient":""}},"footnotes":""},"class_list":["post-1628","page","type-page","status-publish","hentry"],"taxonomy_info":[],"featured_image_src_large":false,"author_info":{"display_name":"soporte.empiezapori@gmail.com","author_link":"https:\/\/cofinox.es\/fr\/author\/soporte-empiezaporigmail-com\/"},"comment_info":0,"uagb_featured_image_src":{"full":false,"thumbnail":false,"medium":false,"medium_large":false,"large":false,"1536x1536":false,"2048x2048":false},"uagb_author_info":{"display_name":"soporte.empiezapori@gmail.com","author_link":"https:\/\/cofinox.es\/fr\/author\/soporte-empiezaporigmail-com\/"},"uagb_comment_info":0,"uagb_excerpt":"Les donn\u00e9es personnelles fournies par le biais de ce formulaire seront incluses dans un fichier appartenant \u00e0 Cofinox, S.L. avec le num\u00e9ro CIF. B59587915, domicili\u00e9 [&hellip;]","_links":{"self":[{"href":"https:\/\/cofinox.es\/fr\/wp-json\/wp\/v2\/pages\/1628","targetHints":{"allow":["GET"]}}],"collection":[{"href":"https:\/\/cofinox.es\/fr\/wp-json\/wp\/v2\/pages"}],"about":[{"href":"https:\/\/cofinox.es\/fr\/wp-json\/wp\/v2\/types\/page"}],"author":[{"embeddable":true,"href":"https:\/\/cofinox.es\/fr\/wp-json\/wp\/v2\/users\/1"}],"replies":[{"embeddable":true,"href":"https:\/\/cofinox.es\/fr\/wp-json\/wp\/v2\/comments?post=1628"}],"version-history":[{"count":2,"href":"https:\/\/cofinox.es\/fr\/wp-json\/wp\/v2\/pages\/1628\/revisions"}],"predecessor-version":[{"id":3637,"href":"https:\/\/cofinox.es\/fr\/wp-json\/wp\/v2\/pages\/1628\/revisions\/3637"}],"wp:attachment":[{"href":"https:\/\/cofinox.es\/fr\/wp-json\/wp\/v2\/media?parent=1628"}],"curies":[{"name":"wp","href":"https:\/\/api.w.org\/{rel}","templated":true}]}}