{"id":2544,"date":"2025-04-08T10:32:01","date_gmt":"2025-04-08T08:32:01","guid":{"rendered":"https:\/\/cofinox.es\/?page_id=2544"},"modified":"2025-07-17T09:50:40","modified_gmt":"2025-07-17T07:50:40","slug":"soudage-robotise-de-pieces-metalliques","status":"publish","type":"page","link":"https:\/\/cofinox.es\/fr\/soudage-robotise-de-pieces-metalliques\/","title":{"rendered":"Soudage robotis\u00e9 de pi\u00e8ces m\u00e9talliques"},"content":{"rendered":"\n<div class=\"wp-block-uagb-container uagb-block-d3417c4c alignfull uagb-is-root-container\"><div class=\"uagb-container-inner-blocks-wrap\">\n<div class=\"wp-block-uagb-advanced-heading uagb-block-a0e5ab0f\"><h1 class=\"uagb-heading-text\">Soudage robotis\u00e9 de pi\u00e8ces m\u00e9talliques<\/h1><\/div>\n<\/div><\/div>\n\n<div class=\"wp-block-uagb-container uagb-block-0bfad8c0 alignfull uagb-is-root-container\"><div class=\"uagb-container-inner-blocks-wrap\">\n<div class=\"wp-block-uagb-container uagb-block-59db21ab\"><div class=\"uagb-container__video-wrap\"><video autoplay=\"\" loop=\"\" muted=\"\" playsinline=\"\"><source src=\"https:\/\/cofinox.es\/wp-content\/uploads\/2025\/06\/video-soldadura-robotica-cofinox.mp4\" type=\"video\/mp4\"\/><\/video><\/div><\/div>\n\n\n\n<div class=\"wp-block-uagb-container uagb-block-3783e25e\">\n<div class=\"wp-block-uagb-advanced-heading uagb-block-c8fc5f1f\"><h2 class=\"uagb-heading-text\">Soudage robotis\u00e9 et manuel pour s\u00e9ries industrielles<\/h2><p class=\"uagb-desc-text\">Chez Cofinox, nous proposons des solutions de soudage adapt\u00e9es aux normes industrielles les plus strictes, avec <strong>des cellules robotis\u00e9es TIG et MIG\/MAG<\/strong> pour les moyennes et grandes s\u00e9ries.<br\/>Ces cellules sont \u00e9quip\u00e9es de programmation hors ligne, de syst\u00e8mes de vision et d&rsquo;un contr\u00f4le qualit\u00e9 en ligne, garantissant une r\u00e9p\u00e9tabilit\u00e9, une pr\u00e9cision et une efficacit\u00e9 \u00e9lev\u00e9es dans les processus complexes.<\/p><\/div>\n<\/div>\n<\/div><\/div>\n\n<div class=\"wp-block-uagb-container uagb-block-77a15d04 alignfull uagb-is-root-container\"><div class=\"uagb-container-inner-blocks-wrap\">\n<div class=\"wp-block-uagb-container uagb-block-ab668929\">\n<div class=\"wp-block-uagb-advanced-heading uagb-block-404c7e97\"><h2 class=\"uagb-heading-text\">Proc\u00e9d\u00e9s de soudage sp\u00e9cialis\u00e9s et automatis\u00e9s<\/h2><p class=\"uagb-desc-text\">Nous disposons d&rsquo;une large gamme de <strong>proc\u00e9d\u00e9s de soudage<\/strong> pour l&rsquo;acier inoxydable (Inox), l&rsquo;aluminium et d&rsquo;autres m\u00e9taux<\/p><\/div>\n\n\n\n<div class=\"wp-block-uagb-container uagb-block-4da4a14c\">\n<div class=\"wp-block-uagb-info-box uagb-block-f86ba526 uagb-infobox__content-wrap  uagb-infobox-icon-above-title uagb-infobox-image-valign-top\"><div class=\"uagb-ifb-content\"><div class=\"uagb-ifb-icon-wrap\"><div class=\"uagb-iconbox-icon-wrap uagb-infobox-shape-circle\"><svg xmlns=\"https:\/\/www.w3.org\/2000\/svg\" viewbox=\"0 0 256 512\"><path d=\"M256 448c0 17.67-14.33 32-32 32H32c-17.67 0-32-14.33-32-32s14.33-32 32-32h64V123.8L49.75 154.6C35.02 164.5 15.19 160.4 5.375 145.8C-4.422 131.1-.4531 111.2 14.25 101.4l96-64c9.828-6.547 22.45-7.187 32.84-1.594C153.5 41.37 160 52.22 160 64.01v352h64C241.7 416 256 430.3 256 448z\"><\/path><\/svg><\/div><\/div><div class=\"uagb-ifb-title-wrap\"><h3 class=\"uagb-ifb-title\">Soudage TIG<\/h3><\/div><p class=\"uagb-ifb-desc\">Le soudage TIG est <strong>id\u00e9al pour assembler l&rsquo;acier inoxydable<\/strong> et l&rsquo;aluminium avec une grande pr\u00e9cision. Il offre des finitions nettes, sans projections ni d\u00e9formations, ce qui le rend id\u00e9al pour les pi\u00e8ces d\u00e9coratives ou celles n\u00e9cessitant une esth\u00e9tique impeccable. <\/p><\/div><\/div>\n\n\n\n<div class=\"wp-block-uagb-info-box uagb-block-d40713df uagb-infobox__content-wrap  uagb-infobox-icon-above-title uagb-infobox-image-valign-top\"><div class=\"uagb-ifb-content\"><div class=\"uagb-ifb-icon-wrap\"><div class=\"uagb-iconbox-icon-wrap uagb-infobox-shape-circle\"><svg xmlns=\"https:\/\/www.w3.org\/2000\/svg\" viewbox=\"0 0 320 512\"><path d=\"M320 448c0 17.67-14.33 32-32 32H32c-13.08 0-24.83-7.953-29.7-20.09c-4.859-12.12-1.859-26 7.594-35.03l193.6-185.1c31.36-30.17 33.95-80 5.812-113.4c-14.91-17.69-35.86-28.12-58.97-29.38C127.4 95.83 105.3 103.9 88.53 119.9L53.52 151.7c-13.08 11.91-33.33 10.89-45.2-2.172C-3.563 136.5-2.594 116.2 10.48 104.3l34.45-31.3c28.67-27.34 68.39-42.11 108.9-39.88c40.33 2.188 78.39 21.16 104.4 52.03c49.8 59.05 45.2 147.3-10.45 200.8l-136 130H288C305.7 416 320 430.3 320 448z\"><\/path><\/svg><\/div><\/div><div class=\"uagb-ifb-title-wrap\"><h3 class=\"uagb-ifb-title\">Soudage MIG\/MAG<\/h3><\/div><p class=\"uagb-ifb-desc\">Un proc\u00e9d\u00e9 polyvalent et rapide, <strong>id\u00e9al pour les grands volumes<\/strong> et les structures m\u00e9talliques exigeant une r\u00e9sistance \u00e9lev\u00e9e. Efficace pour diff\u00e9rentes \u00e9paisseurs, il s&rsquo;adapte aussi bien \u00e0 la production robotis\u00e9e qu&rsquo;\u00e0 la production manuelle. <\/p><\/div><\/div>\n\n\n\n<div class=\"wp-block-uagb-info-box uagb-block-cc3af12e uagb-infobox__content-wrap  uagb-infobox-icon-above-title uagb-infobox-image-valign-top\"><div class=\"uagb-ifb-content\"><div class=\"uagb-ifb-icon-wrap\"><div class=\"uagb-iconbox-icon-wrap uagb-infobox-shape-circle\"><svg xmlns=\"https:\/\/www.w3.org\/2000\/svg\" viewbox=\"0 0 320 512\"><path d=\"M320 344c0 74.98-61.02 136-136 136H103.6c-46.34 0-87.31-29.53-101.1-73.48c-5.594-16.77 3.484-34.88 20.25-40.47c16.75-5.609 34.89 3.484 40.47 20.25c5.922 17.77 22.48 29.7 41.23 29.7H184c39.7 0 72-32.3 72-72s-32.3-72-72-72H80c-13.2 0-25.05-8.094-29.83-20.41C45.39 239.3 48.66 225.3 58.38 216.4l131.4-120.4H32c-17.67 0-32-14.33-32-32s14.33-32 32-32h240c13.2 0 25.05 8.094 29.83 20.41c4.781 12.3 1.516 26.27-8.203 35.19l-131.4 120.4H184C258.1 208 320 269 320 344z\"><\/path><\/svg><\/div><\/div><div class=\"uagb-ifb-title-wrap\"><h3 class=\"uagb-ifb-title\">Soudage au laser<\/h3><\/div><p class=\"uagb-ifb-desc\">Technique de haute pr\u00e9cision avec un apport de chaleur minimal, <strong>id\u00e9ale pour les pi\u00e8ces d\u00e9licates<\/strong> ou aux g\u00e9om\u00e9tries complexes. Elle garantit des soudures rapides, propres et sans d\u00e9formation, optimisant les temps de soudage sans compromettre la qualit\u00e9. <\/p><\/div><\/div>\n<\/div>\n\n\n\n<div class=\"wp-block-uagb-container uagb-block-84e2f0a0\">\n<div class=\"wp-block-uagb-advanced-heading uagb-block-2939839d\"><p class=\"uagb-desc-text\"><em>Tous nos proc\u00e9d\u00e9s de soudage sont int\u00e9gr\u00e9s dans un <strong>environnement Industrie 4.0<\/strong>, reliant les machines, le contr\u00f4le qualit\u00e9, la tra\u00e7abilit\u00e9 et l&rsquo;analyse de la production pour garantir l&rsquo;efficacit\u00e9, la pr\u00e9cision et la s\u00e9curit\u00e9 \u00e0 chaque \u00e9tape.<\/em><\/p><\/div>\n<\/div>\n<\/div>\n<\/div><\/div>\n\n<div class=\"wp-block-uagb-container uagb-block-21a47f1a alignfull uagb-is-root-container\"><div class=\"uagb-container-inner-blocks-wrap\">\n<div class=\"wp-block-uagb-container uagb-block-cd329af1\">\n<div class=\"wp-block-uagb-advanced-heading uagb-block-2347c3d0\"><h2 class=\"uagb-heading-text\">Certification et contr\u00f4le qualit\u00e9<\/h2><p class=\"uagb-desc-text\">Nos proc\u00e9d\u00e9s de soudage sont conformes aux r\u00e9glementations les plus exigeantes, <strong>garantissant la s\u00e9curit\u00e9 et la durabilit\u00e9<\/strong> de chaque joint m\u00e9tallique.<\/p><\/div>\n\n\n\n<div class=\"wp-block-uagb-advanced-heading uagb-block-0aba8af7\"><p class=\"uagb-desc-text\">Nous disposons de certifications qui attestent de notre engagement envers l\u2019excellence, telles que :<\/p><\/div>\n\n\n<style>.wp-block-kadence-iconlist.kt-svg-icon-list-items2542_360d7c-23:not(.this-stops-third-party-issues){margin-top:0px;margin-bottom:0px;}.wp-block-kadence-iconlist.kt-svg-icon-list-items2542_360d7c-23 ul.kt-svg-icon-list:not(.this-prevents-issues):not(.this-stops-third-party-issues):not(.tijsloc){margin-top:0px;margin-right:0px;margin-bottom:0px;margin-left:0px;}.wp-block-kadence-iconlist.kt-svg-icon-list-items2542_360d7c-23 ul.kt-svg-icon-list{grid-row-gap:10px;}.wp-block-kadence-iconlist.kt-svg-icon-list-items2542_360d7c-23 .kb-svg-icon-wrap{font-size:25px;color:var(--ast-global-color-0);}.wp-block-kadence-iconlist.kt-svg-icon-list-items2542_360d7c-23 ul.kt-svg-icon-list .kt-svg-icon-list-item-wrap .kt-svg-icon-list-single{margin-right:10px;}.kt-svg-icon-list-items2542_360d7c-23 ul.kt-svg-icon-list .kt-svg-icon-list-level-0 .kt-svg-icon-list-single svg{font-size:20px;}<\/style>\n<div class=\"wp-block-kadence-iconlist kt-svg-icon-list-items kt-svg-icon-list-items2542_360d7c-23 kt-svg-icon-list-columns-1 alignnone kt-list-icon-aligntop\"><ul class=\"kt-svg-icon-list\"><style>.kt-svg-icon-list-item-2542_091020-3b .kt-svg-icon-list-text mark.kt-highlight{background-color:unset;font-style:normal;color:#f76a0c;-webkit-box-decoration-break:clone;box-decoration-break:clone;padding-top:0px;padding-right:0px;padding-bottom:0px;padding-left:0px;}<\/style>\n<li class=\"wp-block-kadence-listitem kt-svg-icon-list-item-wrap kt-svg-icon-list-item-2542_091020-3b\"><span class=\"kb-svg-icon-wrap kb-svg-icon-fe_checkSquare kt-svg-icon-list-single\"><svg viewBox=\"0 0 24 24\"  fill=\"none\" stroke=\"currentColor\" stroke-width=\"2\" stroke-linecap=\"round\" stroke-linejoin=\"round\" xmlns=\"http:\/\/www.w3.org\/2000\/svg\"  aria-hidden=\"true\"><polyline points=\"9 11 12 14 22 4\"\/><path d=\"M21 12v7a2 2 0 0 1-2 2H5a2 2 0 0 1-2-2V5a2 2 0 0 1 2-2h11\"\/><\/svg><\/span><span class=\"kt-svg-icon-list-text\"><strong>ISO 15085<\/strong> : Soudage homologu\u00e9 pour le secteur ferroviaire, r\u00e9pondant aux exigences les plus exigeantes pour les applications ferroviaires.<\/span><\/li>\n\n\n<style>.kt-svg-icon-list-item-2542_e477fc-66 .kt-svg-icon-list-text mark.kt-highlight{background-color:unset;font-style:normal;color:#f76a0c;-webkit-box-decoration-break:clone;box-decoration-break:clone;padding-top:0px;padding-right:0px;padding-bottom:0px;padding-left:0px;}<\/style>\n<li class=\"wp-block-kadence-listitem kt-svg-icon-list-item-wrap kt-svg-icon-list-item-2542_e477fc-66\"><span class=\"kb-svg-icon-wrap kb-svg-icon-fe_checkSquare kt-svg-icon-list-single\"><svg viewBox=\"0 0 24 24\"  fill=\"none\" stroke=\"currentColor\" stroke-width=\"2\" stroke-linecap=\"round\" stroke-linejoin=\"round\" xmlns=\"http:\/\/www.w3.org\/2000\/svg\"  aria-hidden=\"true\"><polyline points=\"9 11 12 14 22 4\"\/><path d=\"M21 12v7a2 2 0 0 1-2 2H5a2 2 0 0 1-2-2V5a2 2 0 0 1 2-2h11\"\/><\/svg><\/span><span class=\"kt-svg-icon-list-text\"><strong>Merkblatt <\/strong>: Agr\u00e9ment pour les r\u00e9cipients sous pression, les r\u00e9servoirs sous pression et les chaudi\u00e8res sous pression, garantissant la s\u00e9curit\u00e9 et la fiabilit\u00e9 de nos proc\u00e9d\u00e9s de soudage.<\/span><\/li>\n\n\n<style>.kt-svg-icon-list-item-2542_cff7b3-be .kt-svg-icon-list-text mark.kt-highlight{background-color:unset;font-style:normal;color:#f76a0c;-webkit-box-decoration-break:clone;box-decoration-break:clone;padding-top:0px;padding-right:0px;padding-bottom:0px;padding-left:0px;}<\/style>\n<li class=\"wp-block-kadence-listitem kt-svg-icon-list-item-wrap kt-svg-icon-list-item-2542_cff7b3-be\"><span class=\"kb-svg-icon-wrap kb-svg-icon-fe_checkSquare kt-svg-icon-list-single\"><svg viewBox=\"0 0 24 24\"  fill=\"none\" stroke=\"currentColor\" stroke-width=\"2\" stroke-linecap=\"round\" stroke-linejoin=\"round\" xmlns=\"http:\/\/www.w3.org\/2000\/svg\"  aria-hidden=\"true\"><polyline points=\"9 11 12 14 22 4\"\/><path d=\"M21 12v7a2 2 0 0 1-2 2H5a2 2 0 0 1-2-2V5a2 2 0 0 1 2-2h11\"\/><\/svg><\/span><span class=\"kt-svg-icon-list-text\"><strong>Autres soudures certifi\u00e9es<\/strong> selon la r\u00e9glementation en vigueur, adapt\u00e9es aux exigences techniques de chaque client.<\/span><\/li>\n<\/ul><\/div>\n\n\n\n<div class=\"wp-block-uagb-advanced-heading uagb-block-c9542716\"><p class=\"uagb-desc-text\">Vous pouvez voir tous les d\u00e9tails de nos certifications sur notre <a href=\"https:\/\/cofinox.es\/fr\/certificats\/\" data-type=\"link\" data-id=\"https:\/\/cofinox.es\/fr\/certificats\/\">page certificats<\/a>.<\/p><\/div>\n<\/div>\n\n\n\n<div class=\"wp-block-uagb-container uagb-block-d2e8863c\">\n<div class=\"wp-block-uagb-image uagb-block-d6feceec wp-block-uagb-image--layout-default wp-block-uagb-image--effect-static wp-block-uagb-image--align-none\"><figure class=\"wp-block-uagb-image__figure\"><img decoding=\"async\" srcset=\"https:\/\/cofinox.es\/wp-content\/uploads\/2023\/03\/cofinox-soldadura-02.jpg ,https:\/\/cofinox.es\/wp-content\/uploads\/2023\/03\/cofinox-soldadura-02.jpg 780w, https:\/\/cofinox.es\/wp-content\/uploads\/2023\/03\/cofinox-soldadura-02.jpg 360w\" sizes=\"auto, (max-width: 480px) 150px\" src=\"https:\/\/cofinox.es\/wp-content\/uploads\/2023\/03\/cofinox-soldadura-02.jpg\" alt=\"Soudage robotis\u00e9 de pi\u00e8ces m\u00e9talliques\" class=\"uag-image-845\" width=\"800\" height=\"800\" title=\"Soudage robotis\u00e9 de pi\u00e8ces m\u00e9talliques\" loading=\"lazy\" role=\"img\"><\/figure><\/div>\n<\/div>\n<\/div><\/div>\n\n<div class=\"wp-block-uagb-container uagb-block-2fda406d alignfull uagb-is-root-container\"><div class=\"uagb-container-inner-blocks-wrap\">\n<div class=\"wp-block-uagb-container uagb-block-325bd423\">\n<div class=\"wp-block-uagb-advanced-heading uagb-block-bc98e064\"><h2 class=\"uagb-heading-text\">Contacta con nosotros para m\u00e1s informaci\u00f3n<\/h2><p class=\"uagb-desc-text\">\u00bfTiene alguna pregunta o necesita m\u00e1s informaci\u00f3n sobre nuestros servicios? No dude en ponerse en contacto con nosotros, <strong>le resolveremos todas sus dudas<\/strong>.<br><\/p><\/div>\n<\/div>\n\n\n\n<div class=\"wp-block-uagb-container uagb-block-23a3bbbd\">\n<div class=\"wp-block-uagb-buttons uagb-buttons__outer-wrap uagb-btn__default-btn uagb-btn-tablet__default-btn uagb-btn-mobile__default-btn uagb-block-baad099f\"><div class=\"uagb-buttons__wrap uagb-buttons-layout-wrap \">\n<div class=\"wp-block-uagb-buttons-child uagb-buttons__outer-wrap uagb-block-d1f9f290 wp-block-button is-style-outline\"><div class=\"uagb-button__wrapper\"><a class=\"uagb-buttons-repeater wp-block-button__link\" aria-label=\"\" href=\"https:\/\/cofinox.es\/contacto\/\" rel=\"follow noopener\" target=\"_self\" role=\"button\"><div class=\"uagb-button__link\">Contactar<\/div><\/a><\/div><\/div>\n<\/div><\/div>\n<\/div>\n<\/div><\/div>\n","protected":false},"excerpt":{"rendered":"<p>Soudage robotis\u00e9 de pi\u00e8ces m\u00e9talliques Soudage robotis\u00e9 et manuel pour s\u00e9ries industrielles Chez Cofinox, nous proposons des solutions de soudage adapt\u00e9es aux normes industrielles les [&hellip;]<\/p>\n","protected":false},"author":1,"featured_media":2164,"parent":0,"menu_order":0,"comment_status":"closed","ping_status":"closed","template":"","meta":{"_uag_custom_page_level_css":"","_kad_blocks_custom_css":"","_kad_blocks_head_custom_js":"","_kad_blocks_body_custom_js":"","_kad_blocks_footer_custom_js":"","site-sidebar-layout":"no-sidebar","site-content-layout":"plain-container","ast-site-content-layout":"normal-width-container","site-content-style":"unboxed","site-sidebar-style":"unboxed","ast-global-header-display":"","ast-banner-title-visibility":"","ast-main-header-display":"","ast-hfb-above-header-display":"","ast-hfb-below-header-display":"","ast-hfb-mobile-header-display":"","site-post-title":"disabled","ast-breadcrumbs-content":"","ast-featured-img":"disabled","footer-sml-layout":"","ast-disable-related-posts":"","theme-transparent-header-meta":"disabled","adv-header-id-meta":"","stick-header-meta":"","header-above-stick-meta":"","header-main-stick-meta":"","header-below-stick-meta":"","astra-migrate-meta-layouts":"set","ast-page-background-enabled":"default","ast-page-background-meta":{"desktop":{"background-color":"","background-image":"","background-repeat":"repeat","background-position":"center center","background-size":"auto","background-attachment":"scroll","background-type":"","background-media":"","overlay-type":"","overlay-color":"","overlay-opacity":"","overlay-gradient":""},"tablet":{"background-color":"","background-image":"","background-repeat":"repeat","background-position":"center center","background-size":"auto","background-attachment":"scroll","background-type":"","background-media":"","overlay-type":"","overlay-color":"","overlay-opacity":"","overlay-gradient":""},"mobile":{"background-color":"","background-image":"","background-repeat":"repeat","background-position":"center center","background-size":"auto","background-attachment":"scroll","background-type":"","background-media":"","overlay-type":"","overlay-color":"","overlay-opacity":"","overlay-gradient":""}},"ast-content-background-meta":{"desktop":{"background-color":"var(--ast-global-color-5)","background-image":"","background-repeat":"repeat","background-position":"center center","background-size":"auto","background-attachment":"scroll","background-type":"","background-media":"","overlay-type":"","overlay-color":"","overlay-opacity":"","overlay-gradient":""},"tablet":{"background-color":"var(--ast-global-color-5)","background-image":"","background-repeat":"repeat","background-position":"center center","background-size":"auto","background-attachment":"scroll","background-type":"","background-media":"","overlay-type":"","overlay-color":"","overlay-opacity":"","overlay-gradient":""},"mobile":{"background-color":"var(--ast-global-color-5)","background-image":"","background-repeat":"repeat","background-position":"center center","background-size":"auto","background-attachment":"scroll","background-type":"","background-media":"","overlay-type":"","overlay-color":"","overlay-opacity":"","overlay-gradient":""}},"footnotes":""},"class_list":["post-2544","page","type-page","status-publish","has-post-thumbnail","hentry"],"taxonomy_info":[],"featured_image_src_large":["https:\/\/cofinox.es\/wp-content\/uploads\/2023\/06\/cofinox-soldadura.jpg",800,800,false],"author_info":{"display_name":"soporte.empiezapori@gmail.com","author_link":"https:\/\/cofinox.es\/fr\/author\/soporte-empiezaporigmail-com\/"},"comment_info":0,"uagb_featured_image_src":{"full":["https:\/\/cofinox.es\/wp-content\/uploads\/2023\/06\/cofinox-soldadura.jpg",800,800,false],"thumbnail":["https:\/\/cofinox.es\/wp-content\/uploads\/2023\/06\/cofinox-soldadura-150x150.jpg",150,150,true],"medium":["https:\/\/cofinox.es\/wp-content\/uploads\/2023\/06\/cofinox-soldadura-300x300.jpg",300,300,true],"medium_large":["https:\/\/cofinox.es\/wp-content\/uploads\/2023\/06\/cofinox-soldadura-768x768.jpg",768,768,true],"large":["https:\/\/cofinox.es\/wp-content\/uploads\/2023\/06\/cofinox-soldadura.jpg",800,800,false],"1536x1536":["https:\/\/cofinox.es\/wp-content\/uploads\/2023\/06\/cofinox-soldadura.jpg",800,800,false],"2048x2048":["https:\/\/cofinox.es\/wp-content\/uploads\/2023\/06\/cofinox-soldadura.jpg",800,800,false]},"uagb_author_info":{"display_name":"soporte.empiezapori@gmail.com","author_link":"https:\/\/cofinox.es\/fr\/author\/soporte-empiezaporigmail-com\/"},"uagb_comment_info":0,"uagb_excerpt":"Soudage robotis\u00e9 de pi\u00e8ces m\u00e9talliques Soudage robotis\u00e9 et manuel pour s\u00e9ries industrielles Chez Cofinox, nous proposons des solutions de soudage adapt\u00e9es aux normes industrielles les [&hellip;]","_links":{"self":[{"href":"https:\/\/cofinox.es\/fr\/wp-json\/wp\/v2\/pages\/2544","targetHints":{"allow":["GET"]}}],"collection":[{"href":"https:\/\/cofinox.es\/fr\/wp-json\/wp\/v2\/pages"}],"about":[{"href":"https:\/\/cofinox.es\/fr\/wp-json\/wp\/v2\/types\/page"}],"author":[{"embeddable":true,"href":"https:\/\/cofinox.es\/fr\/wp-json\/wp\/v2\/users\/1"}],"replies":[{"embeddable":true,"href":"https:\/\/cofinox.es\/fr\/wp-json\/wp\/v2\/comments?post=2544"}],"version-history":[{"count":5,"href":"https:\/\/cofinox.es\/fr\/wp-json\/wp\/v2\/pages\/2544\/revisions"}],"predecessor-version":[{"id":3761,"href":"https:\/\/cofinox.es\/fr\/wp-json\/wp\/v2\/pages\/2544\/revisions\/3761"}],"wp:featuredmedia":[{"embeddable":true,"href":"https:\/\/cofinox.es\/fr\/wp-json\/wp\/v2\/media\/2164"}],"wp:attachment":[{"href":"https:\/\/cofinox.es\/fr\/wp-json\/wp\/v2\/media?parent=2544"}],"curies":[{"name":"wp","href":"https:\/\/api.w.org\/{rel}","templated":true}]}}