{"id":2574,"date":"2025-04-08T12:08:19","date_gmt":"2025-04-08T10:08:19","guid":{"rendered":"https:\/\/cofinox.es\/?page_id=2574"},"modified":"2025-07-17T09:54:10","modified_gmt":"2025-07-17T07:54:10","slug":"finitions-metalliques-pour-pieces-metalliques","status":"publish","type":"page","link":"https:\/\/cofinox.es\/fr\/finitions-metalliques-pour-pieces-metalliques\/","title":{"rendered":"Finitions m\u00e9talliques pour pi\u00e8ces m\u00e9talliques"},"content":{"rendered":"\n<div class=\"wp-block-uagb-container uagb-block-d3417c4c alignfull uagb-is-root-container\"><div class=\"uagb-container-inner-blocks-wrap\">\n<div class=\"wp-block-uagb-advanced-heading uagb-block-a0e5ab0f\"><h1 class=\"uagb-heading-text\">Finitions m\u00e9talliques pour pi\u00e8ces m\u00e9talliques<\/h1><\/div>\n<\/div><\/div>\n\n<div class=\"wp-block-uagb-container uagb-block-0bfad8c0 alignfull uagb-is-root-container\"><div class=\"uagb-container-inner-blocks-wrap\">\n<div class=\"wp-block-uagb-container uagb-block-59db21ab\"><div class=\"uagb-container__video-wrap\"><video autoplay=\"\" loop=\"\" muted=\"\" playsinline=\"\"><source src=\"https:\/\/cofinox.es\/wp-content\/uploads\/2025\/06\/video-pulido-cofinox.mp4\" type=\"video\/mp4\"\/><\/video><\/div><\/div>\n\n\n\n<div class=\"wp-block-uagb-container uagb-block-3783e25e\">\n<div class=\"wp-block-uagb-advanced-heading uagb-block-c8fc5f1f\"><h2 class=\"uagb-heading-text\">Traitements de surface pour am\u00e9liorer la durabilit\u00e9 et l&rsquo;esth\u00e9tique<\/h2><p class=\"uagb-desc-text\">La finition d\u2019une pi\u00e8ce m\u00e9tallique est cruciale pour sa r\u00e9sistance et son apparence. Chez Cofinox, nous proposons diff\u00e9rents traitements pour <strong>optimiser la protection et le design<\/strong> de chaque produit, aussi bien en pi\u00e8ces en aluminium qu&rsquo;en acier inoxydable (Inox).<\/p><\/div>\n<\/div>\n<\/div><\/div>\n\n<div class=\"wp-block-uagb-container uagb-block-77a15d04 alignfull uagb-is-root-container\"><div class=\"uagb-container-inner-blocks-wrap\">\n<div class=\"wp-block-uagb-container uagb-block-ab668929\">\n<div class=\"wp-block-uagb-advanced-heading uagb-block-404c7e97\"><h2 class=\"uagb-heading-text\">Types de finitions m\u00e9talliques pour pi\u00e8ces m\u00e9talliques<\/h2><p class=\"uagb-desc-text\">Nous proposons une <strong>vari\u00e9t\u00e9 de finitions m\u00e9talliques<\/strong> pour les pi\u00e8ces m\u00e9talliques en aluminium et en acier inoxydable, adapt\u00e9es aux exigences sp\u00e9cifiques de chaque projet.<\/p><\/div>\n\n\n\n<div class=\"wp-block-uagb-container uagb-block-4da4a14c\">\n<div class=\"wp-block-uagb-info-box uagb-block-f86ba526 uagb-infobox__content-wrap  uagb-infobox-icon-above-title uagb-infobox-image-valign-top\"><div class=\"uagb-ifb-content\"><div class=\"uagb-ifb-icon-wrap\"><div class=\"uagb-iconbox-icon-wrap uagb-infobox-shape-circle\"><svg xmlns=\"https:\/\/www.w3.org\/2000\/svg\" viewbox=\"0 0 256 512\"><path d=\"M256 448c0 17.67-14.33 32-32 32H32c-17.67 0-32-14.33-32-32s14.33-32 32-32h64V123.8L49.75 154.6C35.02 164.5 15.19 160.4 5.375 145.8C-4.422 131.1-.4531 111.2 14.25 101.4l96-64c9.828-6.547 22.45-7.187 32.84-1.594C153.5 41.37 160 52.22 160 64.01v352h64C241.7 416 256 430.3 256 448z\"><\/path><\/svg><\/div><\/div><div class=\"uagb-ifb-title-wrap\"><h3 class=\"uagb-ifb-title\">Peinture en poudre, liquide et cataphor\u00e8se<\/h3><\/div><p class=\"uagb-ifb-desc\">Rev\u00eatements r\u00e9sistants \u00e0 la corrosion<\/p><\/div><\/div>\n\n\n\n<div class=\"wp-block-uagb-info-box uagb-block-d40713df uagb-infobox__content-wrap  uagb-infobox-icon-above-title uagb-infobox-image-valign-top\"><div class=\"uagb-ifb-content\"><div class=\"uagb-ifb-icon-wrap\"><div class=\"uagb-iconbox-icon-wrap uagb-infobox-shape-circle\"><svg xmlns=\"https:\/\/www.w3.org\/2000\/svg\" viewbox=\"0 0 320 512\"><path d=\"M320 448c0 17.67-14.33 32-32 32H32c-13.08 0-24.83-7.953-29.7-20.09c-4.859-12.12-1.859-26 7.594-35.03l193.6-185.1c31.36-30.17 33.95-80 5.812-113.4c-14.91-17.69-35.86-28.12-58.97-29.38C127.4 95.83 105.3 103.9 88.53 119.9L53.52 151.7c-13.08 11.91-33.33 10.89-45.2-2.172C-3.563 136.5-2.594 116.2 10.48 104.3l34.45-31.3c28.67-27.34 68.39-42.11 108.9-39.88c40.33 2.188 78.39 21.16 104.4 52.03c49.8 59.05 45.2 147.3-10.45 200.8l-136 130H288C305.7 416 320 430.3 320 448z\"><\/path><\/svg><\/div><\/div><div class=\"uagb-ifb-title-wrap\"><h3 class=\"uagb-ifb-title\"><strong>Brillant<\/strong><\/h3><\/div><p class=\"uagb-ifb-desc\">Brillant et satin\u00e9. <strong>Surfaces homog\u00e8nes<\/strong> avec un haut niveau esth\u00e9tique.<\/p><\/div><\/div>\n\n\n\n<div class=\"wp-block-uagb-info-box uagb-block-cc3af12e uagb-infobox__content-wrap  uagb-infobox-icon-above-title uagb-infobox-image-valign-top\"><div class=\"uagb-ifb-content\"><div class=\"uagb-ifb-icon-wrap\"><div class=\"uagb-iconbox-icon-wrap uagb-infobox-shape-circle\"><svg xmlns=\"https:\/\/www.w3.org\/2000\/svg\" viewbox=\"0 0 320 512\"><path d=\"M320 344c0 74.98-61.02 136-136 136H103.6c-46.34 0-87.31-29.53-101.1-73.48c-5.594-16.77 3.484-34.88 20.25-40.47c16.75-5.609 34.89 3.484 40.47 20.25c5.922 17.77 22.48 29.7 41.23 29.7H184c39.7 0 72-32.3 72-72s-32.3-72-72-72H80c-13.2 0-25.05-8.094-29.83-20.41C45.39 239.3 48.66 225.3 58.38 216.4l131.4-120.4H32c-17.67 0-32-14.33-32-32s14.33-32 32-32h240c13.2 0 25.05 8.094 29.83 20.41c4.781 12.3 1.516 26.27-8.203 35.19l-131.4 120.4H184C258.1 208 320 269 320 344z\"><\/path><\/svg><\/div><\/div><div class=\"uagb-ifb-title-wrap\"><h3 class=\"uagb-ifb-title\">Galvanis\u00e9 et anodis\u00e9<\/h3><\/div><p class=\"uagb-ifb-desc\">Traitements pour am\u00e9liorer la r\u00e9sistance \u00e0 l&rsquo;oxydation.<\/p><\/div><\/div>\n<\/div>\n<\/div>\n<\/div><\/div>\n\n<div class=\"wp-block-uagb-container uagb-block-21a47f1a alignfull uagb-is-root-container\"><div class=\"uagb-container-inner-blocks-wrap\">\n<div class=\"wp-block-uagb-container uagb-block-cd329af1\">\n<div class=\"wp-block-uagb-advanced-heading uagb-block-2347c3d0\"><h2 class=\"uagb-heading-text\">Personnalisation et haute qualit\u00e9<\/h2><p class=\"uagb-desc-text\">Nous adaptons les finitions aux besoins de nos clients, en veillant \u00e0 ce que chaque pi\u00e8ce <strong>r\u00e9ponde aux exigences techniques<\/strong> et esth\u00e9tiques attendues.<\/p><\/div>\n\n\n\n<div class=\"wp-block-uagb-advanced-heading uagb-block-03f0c137\"><p class=\"uagb-desc-text\">Nous int\u00e9grons des technologies de finition dans un <strong>\u00e9cosyst\u00e8me de fabrication 4.0<\/strong>, automatisant des processus tels que la peinture, le polissage et l&rsquo;anodisation, et assurant un contr\u00f4le qualit\u00e9 constant et en temps r\u00e9el.<\/p><\/div>\n<\/div>\n\n\n\n<div class=\"wp-block-uagb-container uagb-block-d2e8863c\">\n<div class=\"wp-block-uagb-image uagb-block-f89ab68e wp-block-uagb-image--layout-default wp-block-uagb-image--effect-static wp-block-uagb-image--align-none\"><figure class=\"wp-block-uagb-image__figure\"><img decoding=\"async\" srcset=\"https:\/\/cofinox.es\/wp-content\/uploads\/2024\/02\/cofinox-acabados-04.jpg ,https:\/\/cofinox.es\/wp-content\/uploads\/2024\/02\/cofinox-acabados-04.jpg 780w, https:\/\/cofinox.es\/wp-content\/uploads\/2024\/02\/cofinox-acabados-04.jpg 360w\" sizes=\"auto, (max-width: 480px) 150px\" src=\"https:\/\/cofinox.es\/wp-content\/uploads\/2024\/02\/cofinox-acabados-04.jpg\" alt=\"Finitions m\u00e9talliques pour pi\u00e8ces m\u00e9talliques\" class=\"uag-image-2197\" width=\"800\" height=\"800\" title=\"Finitions m\u00e9talliques pour pi\u00e8ces m\u00e9talliques\" loading=\"lazy\" role=\"img\"><\/figure><\/div>\n<\/div>\n<\/div><\/div>\n\n<div class=\"wp-block-uagb-container uagb-block-2fda406d alignfull uagb-is-root-container\"><div class=\"uagb-container-inner-blocks-wrap\">\n<div class=\"wp-block-uagb-container uagb-block-325bd423\">\n<div class=\"wp-block-uagb-advanced-heading uagb-block-bc98e064\"><h2 class=\"uagb-heading-text\">Contacta con nosotros para m\u00e1s informaci\u00f3n<\/h2><p class=\"uagb-desc-text\">\u00bfTiene alguna pregunta o necesita m\u00e1s informaci\u00f3n sobre nuestros servicios? No dude en ponerse en contacto con nosotros, <strong>le resolveremos todas sus dudas<\/strong>.<br><\/p><\/div>\n<\/div>\n\n\n\n<div class=\"wp-block-uagb-container uagb-block-23a3bbbd\">\n<div class=\"wp-block-uagb-buttons uagb-buttons__outer-wrap uagb-btn__default-btn uagb-btn-tablet__default-btn uagb-btn-mobile__default-btn uagb-block-baad099f\"><div class=\"uagb-buttons__wrap uagb-buttons-layout-wrap \">\n<div class=\"wp-block-uagb-buttons-child uagb-buttons__outer-wrap uagb-block-d1f9f290 wp-block-button is-style-outline\"><div class=\"uagb-button__wrapper\"><a class=\"uagb-buttons-repeater wp-block-button__link\" aria-label=\"\" href=\"https:\/\/cofinox.es\/contacto\/\" rel=\"follow noopener\" target=\"_self\" role=\"button\"><div class=\"uagb-button__link\">Contactar<\/div><\/a><\/div><\/div>\n<\/div><\/div>\n<\/div>\n<\/div><\/div>\n","protected":false},"excerpt":{"rendered":"<p>Finitions m\u00e9talliques pour pi\u00e8ces m\u00e9talliques Traitements de surface pour am\u00e9liorer la durabilit\u00e9 et l&rsquo;esth\u00e9tique La finition d\u2019une pi\u00e8ce m\u00e9tallique est cruciale pour sa r\u00e9sistance et [&hellip;]<\/p>\n","protected":false},"author":1,"featured_media":2200,"parent":0,"menu_order":0,"comment_status":"closed","ping_status":"closed","template":"","meta":{"_uag_custom_page_level_css":"","_kad_blocks_custom_css":"","_kad_blocks_head_custom_js":"","_kad_blocks_body_custom_js":"","_kad_blocks_footer_custom_js":"","site-sidebar-layout":"no-sidebar","site-content-layout":"plain-container","ast-site-content-layout":"normal-width-container","site-content-style":"unboxed","site-sidebar-style":"unboxed","ast-global-header-display":"","ast-banner-title-visibility":"","ast-main-header-display":"","ast-hfb-above-header-display":"","ast-hfb-below-header-display":"","ast-hfb-mobile-header-display":"","site-post-title":"disabled","ast-breadcrumbs-content":"","ast-featured-img":"disabled","footer-sml-layout":"","ast-disable-related-posts":"","theme-transparent-header-meta":"disabled","adv-header-id-meta":"","stick-header-meta":"","header-above-stick-meta":"","header-main-stick-meta":"","header-below-stick-meta":"","astra-migrate-meta-layouts":"set","ast-page-background-enabled":"default","ast-page-background-meta":{"desktop":{"background-color":"","background-image":"","background-repeat":"repeat","background-position":"center center","background-size":"auto","background-attachment":"scroll","background-type":"","background-media":"","overlay-type":"","overlay-color":"","overlay-opacity":"","overlay-gradient":""},"tablet":{"background-color":"","background-image":"","background-repeat":"repeat","background-position":"center center","background-size":"auto","background-attachment":"scroll","background-type":"","background-media":"","overlay-type":"","overlay-color":"","overlay-opacity":"","overlay-gradient":""},"mobile":{"background-color":"","background-image":"","background-repeat":"repeat","background-position":"center center","background-size":"auto","background-attachment":"scroll","background-type":"","background-media":"","overlay-type":"","overlay-color":"","overlay-opacity":"","overlay-gradient":""}},"ast-content-background-meta":{"desktop":{"background-color":"var(--ast-global-color-5)","background-image":"","background-repeat":"repeat","background-position":"center center","background-size":"auto","background-attachment":"scroll","background-type":"","background-media":"","overlay-type":"","overlay-color":"","overlay-opacity":"","overlay-gradient":""},"tablet":{"background-color":"var(--ast-global-color-5)","background-image":"","background-repeat":"repeat","background-position":"center center","background-size":"auto","background-attachment":"scroll","background-type":"","background-media":"","overlay-type":"","overlay-color":"","overlay-opacity":"","overlay-gradient":""},"mobile":{"background-color":"var(--ast-global-color-5)","background-image":"","background-repeat":"repeat","background-position":"center center","background-size":"auto","background-attachment":"scroll","background-type":"","background-media":"","overlay-type":"","overlay-color":"","overlay-opacity":"","overlay-gradient":""}},"footnotes":""},"class_list":["post-2574","page","type-page","status-publish","has-post-thumbnail","hentry"],"taxonomy_info":[],"featured_image_src_large":["https:\/\/cofinox.es\/wp-content\/uploads\/2024\/02\/cofinox-acabados-04.jpg",800,800,false],"author_info":{"display_name":"soporte.empiezapori@gmail.com","author_link":"https:\/\/cofinox.es\/fr\/author\/soporte-empiezaporigmail-com\/"},"comment_info":0,"uagb_featured_image_src":{"full":["https:\/\/cofinox.es\/wp-content\/uploads\/2024\/02\/cofinox-acabados-04.jpg",800,800,false],"thumbnail":["https:\/\/cofinox.es\/wp-content\/uploads\/2024\/02\/cofinox-acabados-04-150x150.jpg",150,150,true],"medium":["https:\/\/cofinox.es\/wp-content\/uploads\/2024\/02\/cofinox-acabados-04-300x300.jpg",300,300,true],"medium_large":["https:\/\/cofinox.es\/wp-content\/uploads\/2024\/02\/cofinox-acabados-04-768x768.jpg",768,768,true],"large":["https:\/\/cofinox.es\/wp-content\/uploads\/2024\/02\/cofinox-acabados-04.jpg",800,800,false],"1536x1536":["https:\/\/cofinox.es\/wp-content\/uploads\/2024\/02\/cofinox-acabados-04.jpg",800,800,false],"2048x2048":["https:\/\/cofinox.es\/wp-content\/uploads\/2024\/02\/cofinox-acabados-04.jpg",800,800,false]},"uagb_author_info":{"display_name":"soporte.empiezapori@gmail.com","author_link":"https:\/\/cofinox.es\/fr\/author\/soporte-empiezaporigmail-com\/"},"uagb_comment_info":0,"uagb_excerpt":"Finitions m\u00e9talliques pour pi\u00e8ces m\u00e9talliques Traitements de surface pour am\u00e9liorer la durabilit\u00e9 et l&rsquo;esth\u00e9tique La finition d\u2019une pi\u00e8ce m\u00e9tallique est cruciale pour sa r\u00e9sistance et [&hellip;]","_links":{"self":[{"href":"https:\/\/cofinox.es\/fr\/wp-json\/wp\/v2\/pages\/2574","targetHints":{"allow":["GET"]}}],"collection":[{"href":"https:\/\/cofinox.es\/fr\/wp-json\/wp\/v2\/pages"}],"about":[{"href":"https:\/\/cofinox.es\/fr\/wp-json\/wp\/v2\/types\/page"}],"author":[{"embeddable":true,"href":"https:\/\/cofinox.es\/fr\/wp-json\/wp\/v2\/users\/1"}],"replies":[{"embeddable":true,"href":"https:\/\/cofinox.es\/fr\/wp-json\/wp\/v2\/comments?post=2574"}],"version-history":[{"count":5,"href":"https:\/\/cofinox.es\/fr\/wp-json\/wp\/v2\/pages\/2574\/revisions"}],"predecessor-version":[{"id":3766,"href":"https:\/\/cofinox.es\/fr\/wp-json\/wp\/v2\/pages\/2574\/revisions\/3766"}],"wp:featuredmedia":[{"embeddable":true,"href":"https:\/\/cofinox.es\/fr\/wp-json\/wp\/v2\/media\/2200"}],"wp:attachment":[{"href":"https:\/\/cofinox.es\/fr\/wp-json\/wp\/v2\/media?parent=2574"}],"curies":[{"name":"wp","href":"https:\/\/api.w.org\/{rel}","templated":true}]}}